{"id":177,"date":"2014-01-20T20:14:58","date_gmt":"2014-01-21T01:14:58","guid":{"rendered":"http:\/\/www.dev2.wp.fqcq.qc.ca\/?page_id=177"},"modified":"2019-01-08T15:30:28","modified_gmt":"2019-01-08T20:30:28","slug":"the-federation-quebecoise-des-clubs-quads-fqcq","status":"publish","type":"page","link":"https:\/\/dev2.wp.fqcq.qc.ca\/en\/the-federation-quebecoise-des-clubs-quads-fqcq\/","title":{"rendered":"The F\u00e9d\u00e9ration qu\u00e9b\u00e9coise des Clubs Quads (FQCQ)"},"content":{"rendered":"\n<p class=\"description slab\">For the past XX years, the F\u00e9d\u00e9ration qu\u00e9b\u00e9coise des clubs quads (FQCQ) as been in operation as the union of off-road vehicle clubs across Qu\u00e9bec, representing over XXXX members.<\/p>\n\n\n\n<p><strong>As a non-profit organization, the FQCQ and its board provide resources and governance to its members by:<\/strong><br><\/p>\n\n\n\n<div class=\"wp-container-69e9e03d7771e wp-block-columns has-2-columns\">\n<div class=\"wp-block-column\">\n<ul><li>Delivering the required driver training for operating an all-terrain vehicle in Qu\u00e9bec;<\/li><li>Managing trail-permits and access rights;<\/li><li>Sharing up-to-date information and supplying accurate trail maps;<\/li><li>Implementing the iQuad app;<\/li><li>Providing surveillance in the trails with a team of XX volunteers and 34 provincial trail wardens;<\/li><\/ul>\n<\/div>\n\n\n\n<div class=\"wp-block-column\">\n<ul><li>Promoting ATV as a recreational touristic activity of significant importance;<\/li><li>Sharing expertise and documentation referring to trail-related infrastructure and its impacts;<\/li><li>Serving as an ambassador and representative for the ATV industry with partners, suppliers, public officials and city administrations;<\/li><li>Publishing a quarterly magazine for its members.<\/li><\/ul>\n<\/div>\n<\/div>\n\n\n\n<p class=\"has-medium-font-size callout slab\">FQCQ members can also enjoy many benefits namely receiving the <strong>Sentier Quad<\/strong><em> <\/em>magazine which includes privileged and useful information, and adhering to an exclusive insurance policy.<br><\/p>\n\n\n\n<h3><strong>A few statistics about ATVs in Qu\u00e9bec<\/strong><\/h3>\n\n\n\n<ul><li>More than <b>386,000<\/b> registered vehicles<\/li><li><b>110<\/b> clubs in Qu\u00e9bec<\/li><li>Over <b>25,000<\/b> km of marked trails <\/li><li>Annual economic impacts estimated around <b>$600 millions<\/b><\/li><li><b>12,000<\/b> industry-related jobs<\/li><\/ul>\n\n\n\n<p class=\"has-small-font-size\"><em>Publication de la SAAQ, 2016 et l\u2019\u00e9tude de M. Zins Beauchesne<\/em><\/p>\n","protected":false},"excerpt":{"rendered":"<p>For the past XX years, the F\u00e9d\u00e9ration qu\u00e9b\u00e9coise des clubs quads (FQCQ) as been in operation as the union of off-road vehicle clubs across Qu\u00e9bec, representing over XXXX members. As a non-profit organization, the FQCQ and its board provide resources and governance to its members by: Delivering the required driver training for operating an all-terrain [&hellip;]<\/p>\n","protected":false},"author":6,"featured_media":5692,"parent":0,"menu_order":2,"comment_status":"closed","ping_status":"closed","template":"","meta":[],"yoast_head":"<!-- This site is optimized with the Yoast SEO plugin v18.4.1 - https:\/\/yoast.com\/wordpress\/plugins\/seo\/ -->\n<title>The F\u00e9d\u00e9ration qu\u00e9b\u00e9coise des Clubs Quads (FQCQ) - Qu\u00e9bequad<\/title>\n<meta name=\"robots\" content=\"index, follow, max-snippet:-1, max-image-preview:large, max-video-preview:-1\" \/>\n<link rel=\"canonical\" href=\"https:\/\/dev2.wp.fqcq.qc.ca\/en\/the-federation-quebecoise-des-clubs-quads-fqcq\/\" \/>\n<meta property=\"og:locale\" content=\"en_US\" \/>\n<meta property=\"og:type\" content=\"article\" \/>\n<meta property=\"og:title\" content=\"The F\u00e9d\u00e9ration qu\u00e9b\u00e9coise des Clubs Quads (FQCQ) - Qu\u00e9bequad\" \/>\n<meta property=\"og:description\" content=\"For the past XX years, the F\u00e9d\u00e9ration qu\u00e9b\u00e9coise des clubs quads (FQCQ) as been in operation as the union of off-road vehicle clubs across Qu\u00e9bec, representing over XXXX members. As a non-profit organization, the FQCQ and its board provide resources and governance to its members by: Delivering the required driver training for operating an all-terrain [&hellip;]\" \/>\n<meta property=\"og:url\" content=\"https:\/\/dev2.wp.fqcq.qc.ca\/en\/the-federation-quebecoise-des-clubs-quads-fqcq\/\" \/>\n<meta property=\"og:site_name\" content=\"Qu\u00e9bequad\" \/>\n<meta property=\"article:modified_time\" content=\"2019-01-08T20:30:28+00:00\" \/>\n<meta name=\"twitter:card\" content=\"summary_large_image\" \/>\n<meta name=\"twitter:label1\" content=\"Est. reading time\" \/>\n\t<meta name=\"twitter:data1\" content=\"1 minute\" \/>\n<script type=\"application\/ld+json\" class=\"yoast-schema-graph\">{\"@context\":\"https:\/\/schema.org\",\"@graph\":[{\"@type\":\"WebSite\",\"@id\":\"https:\/\/dev2.wp.fqcq.qc.ca\/en\/#website\",\"url\":\"https:\/\/dev2.wp.fqcq.qc.ca\/en\/\",\"name\":\"Qu\u00e9bequad\",\"description\":\"F\u00e9d\u00e9ration Qu\u00e9becoise des Clubs de Quad\",\"potentialAction\":[{\"@type\":\"SearchAction\",\"target\":{\"@type\":\"EntryPoint\",\"urlTemplate\":\"https:\/\/dev2.wp.fqcq.qc.ca\/en\/?s={search_term_string}\"},\"query-input\":\"required name=search_term_string\"}],\"inLanguage\":\"en-CA\"},{\"@type\":\"ImageObject\",\"@id\":\"https:\/\/dev2.wp.fqcq.qc.ca\/en\/the-federation-quebecoise-des-clubs-quads-fqcq\/#primaryimage\",\"inLanguage\":\"en-CA\",\"url\":\"\",\"contentUrl\":\"\",\"width\":4000,\"height\":3000},{\"@type\":\"WebPage\",\"@id\":\"https:\/\/dev2.wp.fqcq.qc.ca\/en\/the-federation-quebecoise-des-clubs-quads-fqcq\/#webpage\",\"url\":\"https:\/\/dev2.wp.fqcq.qc.ca\/en\/the-federation-quebecoise-des-clubs-quads-fqcq\/\",\"name\":\"The F\u00e9d\u00e9ration qu\u00e9b\u00e9coise des Clubs Quads (FQCQ) - Qu\u00e9bequad\",\"isPartOf\":{\"@id\":\"https:\/\/dev2.wp.fqcq.qc.ca\/en\/#website\"},\"primaryImageOfPage\":{\"@id\":\"https:\/\/dev2.wp.fqcq.qc.ca\/en\/the-federation-quebecoise-des-clubs-quads-fqcq\/#primaryimage\"},\"datePublished\":\"2014-01-21T01:14:58+00:00\",\"dateModified\":\"2019-01-08T20:30:28+00:00\",\"breadcrumb\":{\"@id\":\"https:\/\/dev2.wp.fqcq.qc.ca\/en\/the-federation-quebecoise-des-clubs-quads-fqcq\/#breadcrumb\"},\"inLanguage\":\"en-CA\",\"potentialAction\":[{\"@type\":\"ReadAction\",\"target\":[\"https:\/\/dev2.wp.fqcq.qc.ca\/en\/the-federation-quebecoise-des-clubs-quads-fqcq\/\"]}]},{\"@type\":\"BreadcrumbList\",\"@id\":\"https:\/\/dev2.wp.fqcq.qc.ca\/en\/the-federation-quebecoise-des-clubs-quads-fqcq\/#breadcrumb\",\"itemListElement\":[{\"@type\":\"ListItem\",\"position\":1,\"name\":\"The F\u00e9d\u00e9ration qu\u00e9b\u00e9coise des Clubs Quads (FQCQ)\"}]}]}<\/script>\n<!-- \/ Yoast SEO plugin. -->","yoast_head_json":{"title":"The F\u00e9d\u00e9ration qu\u00e9b\u00e9coise des Clubs Quads (FQCQ) - Qu\u00e9bequad","robots":{"index":"index","follow":"follow","max-snippet":"max-snippet:-1","max-image-preview":"max-image-preview:large","max-video-preview":"max-video-preview:-1"},"canonical":"https:\/\/dev2.wp.fqcq.qc.ca\/en\/the-federation-quebecoise-des-clubs-quads-fqcq\/","og_locale":"en_US","og_type":"article","og_title":"The F\u00e9d\u00e9ration qu\u00e9b\u00e9coise des Clubs Quads (FQCQ) - Qu\u00e9bequad","og_description":"For the past XX years, the F\u00e9d\u00e9ration qu\u00e9b\u00e9coise des clubs quads (FQCQ) as been in operation as the union of off-road vehicle clubs across Qu\u00e9bec, representing over XXXX members. As a non-profit organization, the FQCQ and its board provide resources and governance to its members by: Delivering the required driver training for operating an all-terrain [&hellip;]","og_url":"https:\/\/dev2.wp.fqcq.qc.ca\/en\/the-federation-quebecoise-des-clubs-quads-fqcq\/","og_site_name":"Qu\u00e9bequad","article_modified_time":"2019-01-08T20:30:28+00:00","twitter_card":"summary_large_image","twitter_misc":{"Est. reading time":"1 minute"},"schema":{"@context":"https:\/\/schema.org","@graph":[{"@type":"WebSite","@id":"https:\/\/dev2.wp.fqcq.qc.ca\/en\/#website","url":"https:\/\/dev2.wp.fqcq.qc.ca\/en\/","name":"Qu\u00e9bequad","description":"F\u00e9d\u00e9ration Qu\u00e9becoise des Clubs de Quad","potentialAction":[{"@type":"SearchAction","target":{"@type":"EntryPoint","urlTemplate":"https:\/\/dev2.wp.fqcq.qc.ca\/en\/?s={search_term_string}"},"query-input":"required name=search_term_string"}],"inLanguage":"en-CA"},{"@type":"ImageObject","@id":"https:\/\/dev2.wp.fqcq.qc.ca\/en\/the-federation-quebecoise-des-clubs-quads-fqcq\/#primaryimage","inLanguage":"en-CA","url":"","contentUrl":"","width":4000,"height":3000},{"@type":"WebPage","@id":"https:\/\/dev2.wp.fqcq.qc.ca\/en\/the-federation-quebecoise-des-clubs-quads-fqcq\/#webpage","url":"https:\/\/dev2.wp.fqcq.qc.ca\/en\/the-federation-quebecoise-des-clubs-quads-fqcq\/","name":"The F\u00e9d\u00e9ration qu\u00e9b\u00e9coise des Clubs Quads (FQCQ) - Qu\u00e9bequad","isPartOf":{"@id":"https:\/\/dev2.wp.fqcq.qc.ca\/en\/#website"},"primaryImageOfPage":{"@id":"https:\/\/dev2.wp.fqcq.qc.ca\/en\/the-federation-quebecoise-des-clubs-quads-fqcq\/#primaryimage"},"datePublished":"2014-01-21T01:14:58+00:00","dateModified":"2019-01-08T20:30:28+00:00","breadcrumb":{"@id":"https:\/\/dev2.wp.fqcq.qc.ca\/en\/the-federation-quebecoise-des-clubs-quads-fqcq\/#breadcrumb"},"inLanguage":"en-CA","potentialAction":[{"@type":"ReadAction","target":["https:\/\/dev2.wp.fqcq.qc.ca\/en\/the-federation-quebecoise-des-clubs-quads-fqcq\/"]}]},{"@type":"BreadcrumbList","@id":"https:\/\/dev2.wp.fqcq.qc.ca\/en\/the-federation-quebecoise-des-clubs-quads-fqcq\/#breadcrumb","itemListElement":[{"@type":"ListItem","position":1,"name":"The F\u00e9d\u00e9ration qu\u00e9b\u00e9coise des Clubs Quads (FQCQ)"}]}]}},"featured_image_src":null,"featured_image_src_square":null,"acf":[],"_links":{"self":[{"href":"https:\/\/dev2.wp.fqcq.qc.ca\/en\/wp-json\/wp\/v2\/pages\/177"}],"collection":[{"href":"https:\/\/dev2.wp.fqcq.qc.ca\/en\/wp-json\/wp\/v2\/pages"}],"about":[{"href":"https:\/\/dev2.wp.fqcq.qc.ca\/en\/wp-json\/wp\/v2\/types\/page"}],"author":[{"embeddable":true,"href":"https:\/\/dev2.wp.fqcq.qc.ca\/en\/wp-json\/wp\/v2\/users\/6"}],"replies":[{"embeddable":true,"href":"https:\/\/dev2.wp.fqcq.qc.ca\/en\/wp-json\/wp\/v2\/comments?post=177"}],"version-history":[{"count":0,"href":"https:\/\/dev2.wp.fqcq.qc.ca\/en\/wp-json\/wp\/v2\/pages\/177\/revisions"}],"wp:featuredmedia":[{"embeddable":true,"href":"https:\/\/dev2.wp.fqcq.qc.ca\/en\/wp-json\/wp\/v2\/media\/5692"}],"wp:attachment":[{"href":"https:\/\/dev2.wp.fqcq.qc.ca\/en\/wp-json\/wp\/v2\/media?parent=177"}],"curies":[{"name":"wp","href":"https:\/\/api.w.org\/{rel}","templated":true}]}}