{"id":183,"date":"2014-01-21T10:32:18","date_gmt":"2014-01-21T15:32:18","guid":{"rendered":"http:\/\/www.dev2.wp.fqcq.qc.ca\/?page_id=183"},"modified":"2020-12-01T07:55:58","modified_gmt":"2020-12-01T12:55:58","slug":"become-a-member","status":"publish","type":"page","link":"https:\/\/dev2.wp.fqcq.qc.ca\/en\/become-a-member\/","title":{"rendered":"Membership Advantages"},"content":{"rendered":"<h3 style=\"text-align: center;\">Membership in a federated club offers many advantages including:<\/h3>\n<ul>\n<li style=\"text-align: left;\"><span style=\"background-color: transparent;\">A free subscription to the magazine Sentier Quad (four times a year), which contains such privileged information as schedules of activities of federated clubs, the directory of affiliated clubs and a map of the provincial network of atv trails.<\/span><\/li>\n<li style=\"text-align: left;\">Exclusive insurance for members, insuring their vehicles at a competitive rate.<\/li>\n<li style=\"text-align: left;\"><span style=\"background-color: transparent;\"><span style=\"background-color: transparent;\">The freedom to ride year-round on the federated trails of the province of&nbsp;Quebec.<\/span><\/span><\/li>\n<\/ul>\n\n\n<h4>Exclusive agreements with select partners make it possible to save while enjoying our trail system!<\/h4>\n\n\n\n<h3 class=\"has-text-align-center\">Preferred insurance rates with Intact Insurance company!<\/h3>\n\n\n\n<div class=\"wp-block-image\"><figure class=\"aligncenter size-large is-resized\"><a href=\"http:\/\/www.dev2.wp.fqcq.qc.ca\/wp-content\/uploads\/003-M-306-3e_pubFQCQ_PAG_Oct2019-1.pdf\"><img loading=\"lazy\" src=\"http:\/\/www.dev2.wp.fqcq.qc.ca\/wp-content\/uploads\/IntactAssureurFQCQ-1.png\" alt=\"\" class=\"wp-image-8417\" width=\"479\" height=\"479\" srcset=\"https:\/\/dev2.wp.fqcq.qc.ca\/wp-content\/uploads\/IntactAssureurFQCQ-1.png 300w, https:\/\/dev2.wp.fqcq.qc.ca\/wp-content\/uploads\/IntactAssureurFQCQ-1-150x150.png 150w, https:\/\/dev2.wp.fqcq.qc.ca\/wp-content\/uploads\/IntactAssureurFQCQ-1-100x100.png 100w\" sizes=\"(max-width: 479px) 100vw, 479px\" \/><\/a><figcaption><strong>Exclusives rates and programs for our members.<\/strong><br><br><\/figcaption><\/figure><\/div>\n\n\n\n<figure class=\"wp-block-image size-large\"><img loading=\"lazy\" width=\"789\" height=\"1024\" src=\"http:\/\/www.dev2.wp.fqcq.qc.ca\/wp-content\/uploads\/\/honda-1-789x1024.jpg\" alt=\"\" class=\"wp-image-12624\" srcset=\"https:\/\/dev2.wp.fqcq.qc.ca\/wp-content\/uploads\/honda-1-scaled.jpg 789w, https:\/\/dev2.wp.fqcq.qc.ca\/wp-content\/uploads\/honda-1-231x300.jpg 231w, https:\/\/dev2.wp.fqcq.qc.ca\/wp-content\/uploads\/honda-1-768x997.jpg 768w, https:\/\/dev2.wp.fqcq.qc.ca\/wp-content\/uploads\/honda-1-1183x1536.jpg 1183w, https:\/\/dev2.wp.fqcq.qc.ca\/wp-content\/uploads\/honda-1-1577x2048.jpg 1577w\" sizes=\"(max-width: 789px) 100vw, 789px\" \/><figcaption><strong>Save $50 to $150 on all Honda Canada products by simply presenting your valid trail pass. Valid at all Quebec participating Honda recreational and power equipment dealers in Quebe<\/strong>c<\/figcaption><\/figure>\n\n\n\n<div class=\"wp-container-69e9e02340408 wp-block-group\"><div class=\"wp-block-group__inner-container\">\n<h2 class=\"has-text-align-center\">Save 30% to 40% with Magis<\/h2>\n<\/div><\/div>\n\n\n\n<div class=\"wp-block-image\"><figure class=\"aligncenter size-large is-resized\"><img loading=\"lazy\" src=\"http:\/\/www.dev2.wp.fqcq.qc.ca\/wp-content\/uploads\/\/MAGIS-1024x300.jpg\" alt=\"\" class=\"wp-image-11343\" width=\"547\" height=\"159\" srcset=\"https:\/\/dev2.wp.fqcq.qc.ca\/wp-content\/uploads\/MAGIS-1024x300.jpg 1024w, https:\/\/dev2.wp.fqcq.qc.ca\/wp-content\/uploads\/MAGIS-300x88.jpg 300w, https:\/\/dev2.wp.fqcq.qc.ca\/wp-content\/uploads\/MAGIS-768x225.jpg 768w, https:\/\/dev2.wp.fqcq.qc.ca\/wp-content\/uploads\/MAGIS-600x176.jpg 600w, https:\/\/dev2.wp.fqcq.qc.ca\/wp-content\/uploads\/MAGIS.jpg 1280w\" sizes=\"(max-width: 547px) 100vw, 547px\" \/><figcaption><strong>Qu\u00e9b\u00e9quad and MAGIS offer member exclusive rebates from 30% to 40% from selected stores! <\/strong><\/figcaption><\/figure><\/div>\n\n\n\n<div class=\"wp-block-image\"><figure class=\"aligncenter size-large\"><a href=\"http:\/\/magis.ca\/fr\/abonnement-famille\/membre-fqcq\" target=\"_blank\" rel=\"noopener noreferrer\"><img loading=\"lazy\" width=\"100\" height=\"45\" src=\"http:\/\/www.dev2.wp.fqcq.qc.ca\/wp-content\/uploads\/2020-04-17-22-14-18.jpg\" alt=\"\" class=\"wp-image-11337\"\/><\/a><\/figure><\/div>\n\n\n","protected":false},"excerpt":{"rendered":"<p>Membership in a federated club offers many advantages including: A free subscription to the magazine Sentier Quad (four times a year), which contains such privileged information as schedules of activities of federated clubs, the directory of affiliated clubs and a map of the provincial network of atv trails. Exclusive insurance for members, insuring their vehicles [&hellip;]<\/p>\n","protected":false},"author":6,"featured_media":0,"parent":0,"menu_order":10,"comment_status":"closed","ping_status":"closed","template":"","meta":[],"yoast_head":"<!-- This site is optimized with the Yoast SEO plugin v18.4.1 - https:\/\/yoast.com\/wordpress\/plugins\/seo\/ -->\n<title>Membership Advantages - Qu\u00e9bequad<\/title>\n<meta name=\"robots\" content=\"index, follow, max-snippet:-1, max-image-preview:large, max-video-preview:-1\" \/>\n<link rel=\"canonical\" href=\"https:\/\/dev2.wp.fqcq.qc.ca\/en\/become-a-member\/\" \/>\n<meta property=\"og:locale\" content=\"en_US\" \/>\n<meta property=\"og:type\" content=\"article\" \/>\n<meta property=\"og:title\" content=\"Membership Advantages - Qu\u00e9bequad\" \/>\n<meta property=\"og:description\" content=\"Membership in a federated club offers many advantages including: A free subscription to the magazine Sentier Quad (four times a year), which contains such privileged information as schedules of activities of federated clubs, the directory of affiliated clubs and a map of the provincial network of atv trails. Exclusive insurance for members, insuring their vehicles [&hellip;]\" \/>\n<meta property=\"og:url\" content=\"https:\/\/dev2.wp.fqcq.qc.ca\/en\/become-a-member\/\" \/>\n<meta property=\"og:site_name\" content=\"Qu\u00e9bequad\" \/>\n<meta property=\"article:modified_time\" content=\"2020-12-01T12:55:58+00:00\" \/>\n<meta property=\"og:image\" content=\"http:\/\/www.dev2.wp.fqcq.qc.ca\/wp-content\/uploads\/IntactAssureurFQCQ-1.png\" \/>\n<meta name=\"twitter:card\" content=\"summary_large_image\" \/>\n<meta name=\"twitter:label1\" content=\"Est. reading time\" \/>\n\t<meta name=\"twitter:data1\" content=\"1 minute\" \/>\n<script type=\"application\/ld+json\" class=\"yoast-schema-graph\">{\"@context\":\"https:\/\/schema.org\",\"@graph\":[{\"@type\":\"WebSite\",\"@id\":\"https:\/\/dev2.wp.fqcq.qc.ca\/en\/#website\",\"url\":\"https:\/\/dev2.wp.fqcq.qc.ca\/en\/\",\"name\":\"Qu\u00e9bequad\",\"description\":\"F\u00e9d\u00e9ration Qu\u00e9becoise des Clubs de Quad\",\"potentialAction\":[{\"@type\":\"SearchAction\",\"target\":{\"@type\":\"EntryPoint\",\"urlTemplate\":\"https:\/\/dev2.wp.fqcq.qc.ca\/en\/?s={search_term_string}\"},\"query-input\":\"required name=search_term_string\"}],\"inLanguage\":\"en-CA\"},{\"@type\":\"ImageObject\",\"@id\":\"https:\/\/dev2.wp.fqcq.qc.ca\/en\/become-a-member\/#primaryimage\",\"inLanguage\":\"en-CA\",\"url\":\"http:\/\/www.dev2.wp.fqcq.qc.ca\/wp-content\/uploads\/IntactAssureurFQCQ-1.png\",\"contentUrl\":\"http:\/\/www.dev2.wp.fqcq.qc.ca\/wp-content\/uploads\/IntactAssureurFQCQ-1.png\"},{\"@type\":\"WebPage\",\"@id\":\"https:\/\/dev2.wp.fqcq.qc.ca\/en\/become-a-member\/#webpage\",\"url\":\"https:\/\/dev2.wp.fqcq.qc.ca\/en\/become-a-member\/\",\"name\":\"Membership Advantages - Qu\u00e9bequad\",\"isPartOf\":{\"@id\":\"https:\/\/dev2.wp.fqcq.qc.ca\/en\/#website\"},\"primaryImageOfPage\":{\"@id\":\"https:\/\/dev2.wp.fqcq.qc.ca\/en\/become-a-member\/#primaryimage\"},\"datePublished\":\"2014-01-21T15:32:18+00:00\",\"dateModified\":\"2020-12-01T12:55:58+00:00\",\"breadcrumb\":{\"@id\":\"https:\/\/dev2.wp.fqcq.qc.ca\/en\/become-a-member\/#breadcrumb\"},\"inLanguage\":\"en-CA\",\"potentialAction\":[{\"@type\":\"ReadAction\",\"target\":[\"https:\/\/dev2.wp.fqcq.qc.ca\/en\/become-a-member\/\"]}]},{\"@type\":\"BreadcrumbList\",\"@id\":\"https:\/\/dev2.wp.fqcq.qc.ca\/en\/become-a-member\/#breadcrumb\",\"itemListElement\":[{\"@type\":\"ListItem\",\"position\":1,\"name\":\"Membership Advantages\"}]}]}<\/script>\n<!-- \/ Yoast SEO plugin. -->","yoast_head_json":{"title":"Membership Advantages - Qu\u00e9bequad","robots":{"index":"index","follow":"follow","max-snippet":"max-snippet:-1","max-image-preview":"max-image-preview:large","max-video-preview":"max-video-preview:-1"},"canonical":"https:\/\/dev2.wp.fqcq.qc.ca\/en\/become-a-member\/","og_locale":"en_US","og_type":"article","og_title":"Membership Advantages - Qu\u00e9bequad","og_description":"Membership in a federated club offers many advantages including: A free subscription to the magazine Sentier Quad (four times a year), which contains such privileged information as schedules of activities of federated clubs, the directory of affiliated clubs and a map of the provincial network of atv trails. Exclusive insurance for members, insuring their vehicles [&hellip;]","og_url":"https:\/\/dev2.wp.fqcq.qc.ca\/en\/become-a-member\/","og_site_name":"Qu\u00e9bequad","article_modified_time":"2020-12-01T12:55:58+00:00","og_image":[{"url":"http:\/\/www.dev2.wp.fqcq.qc.ca\/wp-content\/uploads\/IntactAssureurFQCQ-1.png"}],"twitter_card":"summary_large_image","twitter_misc":{"Est. reading time":"1 minute"},"schema":{"@context":"https:\/\/schema.org","@graph":[{"@type":"WebSite","@id":"https:\/\/dev2.wp.fqcq.qc.ca\/en\/#website","url":"https:\/\/dev2.wp.fqcq.qc.ca\/en\/","name":"Qu\u00e9bequad","description":"F\u00e9d\u00e9ration Qu\u00e9becoise des Clubs de Quad","potentialAction":[{"@type":"SearchAction","target":{"@type":"EntryPoint","urlTemplate":"https:\/\/dev2.wp.fqcq.qc.ca\/en\/?s={search_term_string}"},"query-input":"required name=search_term_string"}],"inLanguage":"en-CA"},{"@type":"ImageObject","@id":"https:\/\/dev2.wp.fqcq.qc.ca\/en\/become-a-member\/#primaryimage","inLanguage":"en-CA","url":"http:\/\/www.dev2.wp.fqcq.qc.ca\/wp-content\/uploads\/IntactAssureurFQCQ-1.png","contentUrl":"http:\/\/www.dev2.wp.fqcq.qc.ca\/wp-content\/uploads\/IntactAssureurFQCQ-1.png"},{"@type":"WebPage","@id":"https:\/\/dev2.wp.fqcq.qc.ca\/en\/become-a-member\/#webpage","url":"https:\/\/dev2.wp.fqcq.qc.ca\/en\/become-a-member\/","name":"Membership Advantages - Qu\u00e9bequad","isPartOf":{"@id":"https:\/\/dev2.wp.fqcq.qc.ca\/en\/#website"},"primaryImageOfPage":{"@id":"https:\/\/dev2.wp.fqcq.qc.ca\/en\/become-a-member\/#primaryimage"},"datePublished":"2014-01-21T15:32:18+00:00","dateModified":"2020-12-01T12:55:58+00:00","breadcrumb":{"@id":"https:\/\/dev2.wp.fqcq.qc.ca\/en\/become-a-member\/#breadcrumb"},"inLanguage":"en-CA","potentialAction":[{"@type":"ReadAction","target":["https:\/\/dev2.wp.fqcq.qc.ca\/en\/become-a-member\/"]}]},{"@type":"BreadcrumbList","@id":"https:\/\/dev2.wp.fqcq.qc.ca\/en\/become-a-member\/#breadcrumb","itemListElement":[{"@type":"ListItem","position":1,"name":"Membership Advantages"}]}]}},"featured_image_src":null,"featured_image_src_square":null,"acf":[],"_links":{"self":[{"href":"https:\/\/dev2.wp.fqcq.qc.ca\/en\/wp-json\/wp\/v2\/pages\/183"}],"collection":[{"href":"https:\/\/dev2.wp.fqcq.qc.ca\/en\/wp-json\/wp\/v2\/pages"}],"about":[{"href":"https:\/\/dev2.wp.fqcq.qc.ca\/en\/wp-json\/wp\/v2\/types\/page"}],"author":[{"embeddable":true,"href":"https:\/\/dev2.wp.fqcq.qc.ca\/en\/wp-json\/wp\/v2\/users\/6"}],"replies":[{"embeddable":true,"href":"https:\/\/dev2.wp.fqcq.qc.ca\/en\/wp-json\/wp\/v2\/comments?post=183"}],"version-history":[{"count":0,"href":"https:\/\/dev2.wp.fqcq.qc.ca\/en\/wp-json\/wp\/v2\/pages\/183\/revisions"}],"wp:attachment":[{"href":"https:\/\/dev2.wp.fqcq.qc.ca\/en\/wp-json\/wp\/v2\/media?parent=183"}],"curies":[{"name":"wp","href":"https:\/\/api.w.org\/{rel}","templated":true}]}}