{"id":2218,"date":"2016-10-06T15:49:13","date_gmt":"2016-10-06T19:49:13","guid":{"rendered":"http:\/\/www.dev2.wp.fqcq.qc.ca\/?page_id=2218"},"modified":"2020-09-08T10:47:28","modified_gmt":"2020-09-08T14:47:28","slug":"offres-dintact-assurance","status":"publish","type":"page","link":"https:\/\/dev2.wp.fqcq.qc.ca\/en\/offres-dintact-assurance\/","title":{"rendered":"Insurance with Intact Insurance"},"content":{"rendered":"\n<figure class=\"wp-block-image size-large\"><a href=\"http:\/\/www.dev2.wp.fqcq.qc.ca\/wp-content\/uploads\/003-M-306-3e_pubFQCQ_PAG_Juillet2020.jpg\" target=\"_blank\" rel=\"noopener noreferrer\"><img loading=\"lazy\" width=\"700\" height=\"226\" src=\"http:\/\/www.dev2.wp.fqcq.qc.ca\/wp-content\/uploads\/03-W-306-1e_BanniereFQCQ_700x226px.jpg\" alt=\"\" class=\"wp-image-12085\" srcset=\"https:\/\/dev2.wp.fqcq.qc.ca\/wp-content\/uploads\/03-W-306-1e_BanniereFQCQ_700x226px.jpg 700w, https:\/\/dev2.wp.fqcq.qc.ca\/wp-content\/uploads\/03-W-306-1e_BanniereFQCQ_700x226px-300x97.jpg 300w, https:\/\/dev2.wp.fqcq.qc.ca\/wp-content\/uploads\/03-W-306-1e_BanniereFQCQ_700x226px-600x194.jpg 600w\" sizes=\"(max-width: 700px) 100vw, 700px\" \/><\/a><\/figure>\n\n\n\n<h4><strong>Assurance QUAD avec Intact Assurance l\u2019assureur officiel de la FQCQ<\/strong><\/h4>\n\n\n\n<p class=\"description slab\">Your quad is part of your lifestyle. To enjoy it to the fullest, you need to know you have insurance protection. With Intact Insurance, the official insurer of the FQCQ, you can have peace of mind at the controls of your ATV. You\u2019ll also have the opportunity to get enhanced protection and preferred rates for your quad insurance as well as your home and car.&nbsp;<\/p>\n\n\n\n<p><\/p>\n\n\n\n<h3><strong>The right accident coverage is important!<\/strong><\/h3>\n\n\n\n<p>For\ncoverage in case of injury or property damage in an ATV accident that does not\ninvolve any other type of vehicles, you need specific protection that you can\nget from a broker or insurance company. The ATV coverage from Intact Insurance\nstands out, with benefits like the following:<\/p>\n\n\n\n<ul><li>Free <strong>trailer coverage<\/strong> when you\n     combine your auto and ATV insurance<\/li><li>A <strong>discount for FQCQ members<\/strong><\/li><\/ul>\n\n\n\n<p><strong>My ATV and me<\/strong>\nfrom Intact Insurance: your best choice!<\/p>\n\n\n\n<p>With\nthe &#8220;My ATV and me&#8221; product from Intact Insurance, you can enjoy your\nfavourite recreational activity with confidence. Here are some of the features\nincluded:<\/p>\n\n\n\n<ul><li>An individual benefit amount of      <strong>$10,000 in case of death or      dismemberment<\/strong>;<\/li><li>Up to <strong>$3,000 of coverage for accessories and equipment<\/strong>;<\/li><li><strong>Discounts<\/strong> if your quad has an      <strong>anti-theft system<\/strong> or if you      insure <strong>more than one recreational      vehicle or motor vehicle<\/strong>;<\/li><li>Up to 6 months of coverage for      leisure trips anywhere in Canada or the U.S.A.;<\/li><li>Optional coverages that can be      adjusted to suit your needs.<\/li><\/ul>\n\n\n\n<p><strong>NEW<\/strong><\/p>\n\n\n\n<p><strong>Group\nAdvantages Program for home and automobile insurance&nbsp; <\/strong><strong><\/strong><\/p>\n\n\n\n<p><strong>for FQCQ\nmembers<\/strong><\/p>\n\n\n\n<p>An <strong>exclusive program<\/strong> of home and auto insurance, available to FQCQ\nmembers, with special benefits and additional protection at a very competitive\nprice, thanks to our agreement with Intact Insurance.<\/p>\n\n\n\n<p>Here are some of\nthe benefits you can enjoy: <\/p>\n\n\n\n<ul><li><strong>A rebate equivalent to ONE FREE MONTH<\/strong><strong>*<\/strong> <\/li><\/ul>\n\n\n\n<p>of your home and auto insurance premium, under the pricing arrangement\nyour group has negotiated;<\/p>\n\n\n\n<ul><li>Reduced\ndeductibles for both home and auto insurance;<\/li><\/ul>\n\n\n\n<ul><li>$50 a\nday, up to a total of $1,500, for vehicle rental and up to $750 for additional expenses,\nsuch as meals and lodging, if an accident makes your own vehicle unusable;<\/li><\/ul>\n\n\n\n<ul><li>Up to\n$1,500 to replace the locks in your home if your keys are stolen;<\/li><\/ul>\n\n\n\n<p>\u2022&nbsp;&nbsp;&nbsp; Intact Insurance Assistance**, including\nthe following services at no additional charge:<\/p>\n\n\n\n<p>&#8211; 24\/7 assistance service by phone;<\/p>\n\n\n\n<p>&#8211; Housekeeping service in case of property damage;<\/p>\n\n\n\n<p>&#8211; Child care in case of illness;<\/p>\n\n\n\n<p>&#8211; Legal information service.<\/p>\n\n\n\n<p><strong>Combining your home and auto policies gives you additional\nprivileges like the following: <\/strong><\/p>\n\n\n\n<ul><li>Just\none deductible (the higher of the two) when you make a claim that involves both\nyour home and your vehicle;<\/li><li>No\ndeductible on claims for a hit-and-run or total loss of your vehicle;<\/li><li>Up to\n$60,000 of coverage for damage to a rented or borrowed automobile in Canada or\nthe United States.<\/li><\/ul>\n\n\n\n<p><strong>CALL TODAY AND SAVE ON YOUR INSURANCE!<\/strong> <strong>1&nbsp;844&nbsp;790 8335<\/strong><\/p>\n\n\n\n<div class=\"wp-block-image\"><figure class=\"aligncenter\"><a href=\"http:\/\/www.intact.ca\/vr\"><img loading=\"lazy\" width=\"320\" height=\"100\" src=\"http:\/\/www.dev2.wp.fqcq.qc.ca\/wp-content\/uploads\/05-D-027-21_Banniere_concours_320X100_2019.jpg\" alt=\"\" class=\"wp-image-7494\" srcset=\"https:\/\/dev2.wp.fqcq.qc.ca\/wp-content\/uploads\/05-D-027-21_Banniere_concours_320X100_2019.jpg 320w, https:\/\/dev2.wp.fqcq.qc.ca\/wp-content\/uploads\/05-D-027-21_Banniere_concours_320X100_2019-300x94.jpg 300w\" sizes=\"(max-width: 320px) 100vw, 320px\" \/><\/a><\/figure><\/div>\n\n\n\n<p><strong>Do\nyou know Intact Insurance?<\/strong><\/p>\n\n\n\n<p>Intact\nInsurance is Canada&#8217;s largest home, auto and business insurance company, chosen\nby more than five million consumers to protect the things that are most\nimportant to them. A partner of the Grand Prix Ski-Doo de Valcourt since 2013,\nthe company is also the official insurer of the&nbsp;\nQu\u00e9bec Federation of Snowmobile Clubs (FCMQ) and the R\u00e9seau FADOQ.\nIntact is actively engaged in accident prevention and public safety, an\nimportant issue for the FQCQ and its membership.<\/p>\n\n\n\n<p>* <em>Reimbursement equivalent to 1\/12 of the annual premium before taxes and other charges, to a maximum of $250. **Intact Insurance Assistance is provided exclusively to home insurance policyholders who are members of a group registered in the Intact Insurance Group Advantages Program. Certain conditions, limitations and exclusions apply to all offers.<\/em> <\/p>\n","protected":false},"excerpt":{"rendered":"<p>Assurance QUAD avec Intact Assurance l\u2019assureur officiel de la FQCQ Your quad is part of your lifestyle. To enjoy it to the fullest, you need to know you have insurance protection. With Intact Insurance, the official insurer of the FQCQ, you can have peace of mind at the controls of your ATV. You\u2019ll also have [&hellip;]<\/p>\n","protected":false},"author":6,"featured_media":0,"parent":0,"menu_order":0,"comment_status":"closed","ping_status":"closed","template":"","meta":[],"yoast_head":"<!-- This site is optimized with the Yoast SEO plugin v18.4.1 - https:\/\/yoast.com\/wordpress\/plugins\/seo\/ -->\n<title>Insurance with Intact Insurance - Qu\u00e9bequad<\/title>\n<meta name=\"robots\" content=\"index, follow, max-snippet:-1, max-image-preview:large, max-video-preview:-1\" \/>\n<link rel=\"canonical\" href=\"https:\/\/dev2.wp.fqcq.qc.ca\/en\/offres-dintact-assurance\/\" \/>\n<meta property=\"og:locale\" content=\"en_US\" \/>\n<meta property=\"og:type\" content=\"article\" \/>\n<meta property=\"og:title\" content=\"Insurance with Intact Insurance - Qu\u00e9bequad\" \/>\n<meta property=\"og:description\" content=\"Assurance QUAD avec Intact Assurance l\u2019assureur officiel de la FQCQ Your quad is part of your lifestyle. To enjoy it to the fullest, you need to know you have insurance protection. With Intact Insurance, the official insurer of the FQCQ, you can have peace of mind at the controls of your ATV. You\u2019ll also have [&hellip;]\" \/>\n<meta property=\"og:url\" content=\"https:\/\/dev2.wp.fqcq.qc.ca\/en\/offres-dintact-assurance\/\" \/>\n<meta property=\"og:site_name\" content=\"Qu\u00e9bequad\" \/>\n<meta property=\"article:modified_time\" content=\"2020-09-08T14:47:28+00:00\" \/>\n<meta property=\"og:image\" content=\"http:\/\/www.dev2.wp.fqcq.qc.ca\/wp-content\/uploads\/03-W-306-1e_BanniereFQCQ_700x226px.jpg\" \/>\n<meta name=\"twitter:card\" content=\"summary_large_image\" \/>\n<meta name=\"twitter:label1\" content=\"Est. reading time\" \/>\n\t<meta name=\"twitter:data1\" content=\"3 minutes\" \/>\n<script type=\"application\/ld+json\" class=\"yoast-schema-graph\">{\"@context\":\"https:\/\/schema.org\",\"@graph\":[{\"@type\":\"WebSite\",\"@id\":\"https:\/\/dev2.wp.fqcq.qc.ca\/en\/#website\",\"url\":\"https:\/\/dev2.wp.fqcq.qc.ca\/en\/\",\"name\":\"Qu\u00e9bequad\",\"description\":\"F\u00e9d\u00e9ration Qu\u00e9becoise des Clubs de Quad\",\"potentialAction\":[{\"@type\":\"SearchAction\",\"target\":{\"@type\":\"EntryPoint\",\"urlTemplate\":\"https:\/\/dev2.wp.fqcq.qc.ca\/en\/?s={search_term_string}\"},\"query-input\":\"required name=search_term_string\"}],\"inLanguage\":\"en-CA\"},{\"@type\":\"ImageObject\",\"@id\":\"https:\/\/dev2.wp.fqcq.qc.ca\/en\/offres-dintact-assurance\/#primaryimage\",\"inLanguage\":\"en-CA\",\"url\":\"http:\/\/www.dev2.wp.fqcq.qc.ca\/wp-content\/uploads\/03-W-306-1e_BanniereFQCQ_700x226px.jpg\",\"contentUrl\":\"http:\/\/www.dev2.wp.fqcq.qc.ca\/wp-content\/uploads\/03-W-306-1e_BanniereFQCQ_700x226px.jpg\"},{\"@type\":\"WebPage\",\"@id\":\"https:\/\/dev2.wp.fqcq.qc.ca\/en\/offres-dintact-assurance\/#webpage\",\"url\":\"https:\/\/dev2.wp.fqcq.qc.ca\/en\/offres-dintact-assurance\/\",\"name\":\"Insurance with Intact Insurance - Qu\u00e9bequad\",\"isPartOf\":{\"@id\":\"https:\/\/dev2.wp.fqcq.qc.ca\/en\/#website\"},\"primaryImageOfPage\":{\"@id\":\"https:\/\/dev2.wp.fqcq.qc.ca\/en\/offres-dintact-assurance\/#primaryimage\"},\"datePublished\":\"2016-10-06T19:49:13+00:00\",\"dateModified\":\"2020-09-08T14:47:28+00:00\",\"breadcrumb\":{\"@id\":\"https:\/\/dev2.wp.fqcq.qc.ca\/en\/offres-dintact-assurance\/#breadcrumb\"},\"inLanguage\":\"en-CA\",\"potentialAction\":[{\"@type\":\"ReadAction\",\"target\":[\"https:\/\/dev2.wp.fqcq.qc.ca\/en\/offres-dintact-assurance\/\"]}]},{\"@type\":\"BreadcrumbList\",\"@id\":\"https:\/\/dev2.wp.fqcq.qc.ca\/en\/offres-dintact-assurance\/#breadcrumb\",\"itemListElement\":[{\"@type\":\"ListItem\",\"position\":1,\"name\":\"Insurance with Intact Insurance\"}]}]}<\/script>\n<!-- \/ Yoast SEO plugin. -->","yoast_head_json":{"title":"Insurance with Intact Insurance - Qu\u00e9bequad","robots":{"index":"index","follow":"follow","max-snippet":"max-snippet:-1","max-image-preview":"max-image-preview:large","max-video-preview":"max-video-preview:-1"},"canonical":"https:\/\/dev2.wp.fqcq.qc.ca\/en\/offres-dintact-assurance\/","og_locale":"en_US","og_type":"article","og_title":"Insurance with Intact Insurance - Qu\u00e9bequad","og_description":"Assurance QUAD avec Intact Assurance l\u2019assureur officiel de la FQCQ Your quad is part of your lifestyle. To enjoy it to the fullest, you need to know you have insurance protection. With Intact Insurance, the official insurer of the FQCQ, you can have peace of mind at the controls of your ATV. You\u2019ll also have [&hellip;]","og_url":"https:\/\/dev2.wp.fqcq.qc.ca\/en\/offres-dintact-assurance\/","og_site_name":"Qu\u00e9bequad","article_modified_time":"2020-09-08T14:47:28+00:00","og_image":[{"url":"http:\/\/www.dev2.wp.fqcq.qc.ca\/wp-content\/uploads\/03-W-306-1e_BanniereFQCQ_700x226px.jpg"}],"twitter_card":"summary_large_image","twitter_misc":{"Est. reading time":"3 minutes"},"schema":{"@context":"https:\/\/schema.org","@graph":[{"@type":"WebSite","@id":"https:\/\/dev2.wp.fqcq.qc.ca\/en\/#website","url":"https:\/\/dev2.wp.fqcq.qc.ca\/en\/","name":"Qu\u00e9bequad","description":"F\u00e9d\u00e9ration Qu\u00e9becoise des Clubs de Quad","potentialAction":[{"@type":"SearchAction","target":{"@type":"EntryPoint","urlTemplate":"https:\/\/dev2.wp.fqcq.qc.ca\/en\/?s={search_term_string}"},"query-input":"required name=search_term_string"}],"inLanguage":"en-CA"},{"@type":"ImageObject","@id":"https:\/\/dev2.wp.fqcq.qc.ca\/en\/offres-dintact-assurance\/#primaryimage","inLanguage":"en-CA","url":"http:\/\/www.dev2.wp.fqcq.qc.ca\/wp-content\/uploads\/03-W-306-1e_BanniereFQCQ_700x226px.jpg","contentUrl":"http:\/\/www.dev2.wp.fqcq.qc.ca\/wp-content\/uploads\/03-W-306-1e_BanniereFQCQ_700x226px.jpg"},{"@type":"WebPage","@id":"https:\/\/dev2.wp.fqcq.qc.ca\/en\/offres-dintact-assurance\/#webpage","url":"https:\/\/dev2.wp.fqcq.qc.ca\/en\/offres-dintact-assurance\/","name":"Insurance with Intact Insurance - Qu\u00e9bequad","isPartOf":{"@id":"https:\/\/dev2.wp.fqcq.qc.ca\/en\/#website"},"primaryImageOfPage":{"@id":"https:\/\/dev2.wp.fqcq.qc.ca\/en\/offres-dintact-assurance\/#primaryimage"},"datePublished":"2016-10-06T19:49:13+00:00","dateModified":"2020-09-08T14:47:28+00:00","breadcrumb":{"@id":"https:\/\/dev2.wp.fqcq.qc.ca\/en\/offres-dintact-assurance\/#breadcrumb"},"inLanguage":"en-CA","potentialAction":[{"@type":"ReadAction","target":["https:\/\/dev2.wp.fqcq.qc.ca\/en\/offres-dintact-assurance\/"]}]},{"@type":"BreadcrumbList","@id":"https:\/\/dev2.wp.fqcq.qc.ca\/en\/offres-dintact-assurance\/#breadcrumb","itemListElement":[{"@type":"ListItem","position":1,"name":"Insurance with Intact Insurance"}]}]}},"featured_image_src":null,"featured_image_src_square":null,"acf":[],"_links":{"self":[{"href":"https:\/\/dev2.wp.fqcq.qc.ca\/en\/wp-json\/wp\/v2\/pages\/2218"}],"collection":[{"href":"https:\/\/dev2.wp.fqcq.qc.ca\/en\/wp-json\/wp\/v2\/pages"}],"about":[{"href":"https:\/\/dev2.wp.fqcq.qc.ca\/en\/wp-json\/wp\/v2\/types\/page"}],"author":[{"embeddable":true,"href":"https:\/\/dev2.wp.fqcq.qc.ca\/en\/wp-json\/wp\/v2\/users\/6"}],"replies":[{"embeddable":true,"href":"https:\/\/dev2.wp.fqcq.qc.ca\/en\/wp-json\/wp\/v2\/comments?post=2218"}],"version-history":[{"count":0,"href":"https:\/\/dev2.wp.fqcq.qc.ca\/en\/wp-json\/wp\/v2\/pages\/2218\/revisions"}],"wp:attachment":[{"href":"https:\/\/dev2.wp.fqcq.qc.ca\/en\/wp-json\/wp\/v2\/media?parent=2218"}],"curies":[{"name":"wp","href":"https:\/\/api.w.org\/{rel}","templated":true}]}}