{"id":45,"date":"2014-01-13T23:02:39","date_gmt":"2014-01-13T22:02:39","guid":{"rendered":"http:\/\/www.dev2.wp.fqcq.qc.ca\/?page_id=45"},"modified":"2014-02-05T15:38:01","modified_gmt":"2014-02-05T20:38:01","slug":"clubs","status":"publish","type":"page","link":"https:\/\/dev2.wp.fqcq.qc.ca\/en\/clubs\/","title":{"rendered":"Clubs"},"content":{"rendered":"<p>[appcom_club_regions_map]<\/p>\n","protected":false},"excerpt":{"rendered":"<p>[appcom_club_regions_map]<\/p>\n","protected":false},"author":6,"featured_media":0,"parent":0,"menu_order":3,"comment_status":"open","ping_status":"closed","template":"clubs.php","meta":[],"yoast_head":"<!-- This site is optimized with the Yoast SEO plugin v18.4.1 - https:\/\/yoast.com\/wordpress\/plugins\/seo\/ -->\n<title>Clubs - Qu\u00e9bequad<\/title>\n<meta name=\"robots\" content=\"index, follow, max-snippet:-1, max-image-preview:large, max-video-preview:-1\" \/>\n<link rel=\"canonical\" href=\"https:\/\/dev2.wp.fqcq.qc.ca\/en\/clubs\/\" \/>\n<meta property=\"og:locale\" content=\"en_US\" \/>\n<meta property=\"og:type\" content=\"article\" \/>\n<meta property=\"og:title\" content=\"Clubs - Qu\u00e9bequad\" \/>\n<meta property=\"og:description\" content=\"[appcom_club_regions_map]\" \/>\n<meta property=\"og:url\" content=\"https:\/\/dev2.wp.fqcq.qc.ca\/en\/clubs\/\" \/>\n<meta property=\"og:site_name\" content=\"Qu\u00e9bequad\" \/>\n<meta property=\"article:modified_time\" content=\"2014-02-05T20:38:01+00:00\" \/>\n<meta name=\"twitter:card\" content=\"summary_large_image\" \/>\n<script type=\"application\/ld+json\" class=\"yoast-schema-graph\">{\"@context\":\"https:\/\/schema.org\",\"@graph\":[{\"@type\":\"WebSite\",\"@id\":\"https:\/\/dev2.wp.fqcq.qc.ca\/en\/#website\",\"url\":\"https:\/\/dev2.wp.fqcq.qc.ca\/en\/\",\"name\":\"Qu\u00e9bequad\",\"description\":\"F\u00e9d\u00e9ration Qu\u00e9becoise des Clubs de Quad\",\"potentialAction\":[{\"@type\":\"SearchAction\",\"target\":{\"@type\":\"EntryPoint\",\"urlTemplate\":\"https:\/\/dev2.wp.fqcq.qc.ca\/en\/?s={search_term_string}\"},\"query-input\":\"required name=search_term_string\"}],\"inLanguage\":\"en-CA\"},{\"@type\":\"WebPage\",\"@id\":\"https:\/\/dev2.wp.fqcq.qc.ca\/en\/clubs\/#webpage\",\"url\":\"https:\/\/dev2.wp.fqcq.qc.ca\/en\/clubs\/\",\"name\":\"Clubs - Qu\u00e9bequad\",\"isPartOf\":{\"@id\":\"https:\/\/dev2.wp.fqcq.qc.ca\/en\/#website\"},\"datePublished\":\"2014-01-13T22:02:39+00:00\",\"dateModified\":\"2014-02-05T20:38:01+00:00\",\"breadcrumb\":{\"@id\":\"https:\/\/dev2.wp.fqcq.qc.ca\/en\/clubs\/#breadcrumb\"},\"inLanguage\":\"en-CA\",\"potentialAction\":[{\"@type\":\"ReadAction\",\"target\":[\"https:\/\/dev2.wp.fqcq.qc.ca\/en\/clubs\/\"]}]},{\"@type\":\"BreadcrumbList\",\"@id\":\"https:\/\/dev2.wp.fqcq.qc.ca\/en\/clubs\/#breadcrumb\",\"itemListElement\":[{\"@type\":\"ListItem\",\"position\":1,\"name\":\"Clubs\"}]}]}<\/script>\n<!-- \/ Yoast SEO plugin. -->","yoast_head_json":{"title":"Clubs - Qu\u00e9bequad","robots":{"index":"index","follow":"follow","max-snippet":"max-snippet:-1","max-image-preview":"max-image-preview:large","max-video-preview":"max-video-preview:-1"},"canonical":"https:\/\/dev2.wp.fqcq.qc.ca\/en\/clubs\/","og_locale":"en_US","og_type":"article","og_title":"Clubs - Qu\u00e9bequad","og_description":"[appcom_club_regions_map]","og_url":"https:\/\/dev2.wp.fqcq.qc.ca\/en\/clubs\/","og_site_name":"Qu\u00e9bequad","article_modified_time":"2014-02-05T20:38:01+00:00","twitter_card":"summary_large_image","schema":{"@context":"https:\/\/schema.org","@graph":[{"@type":"WebSite","@id":"https:\/\/dev2.wp.fqcq.qc.ca\/en\/#website","url":"https:\/\/dev2.wp.fqcq.qc.ca\/en\/","name":"Qu\u00e9bequad","description":"F\u00e9d\u00e9ration Qu\u00e9becoise des Clubs de Quad","potentialAction":[{"@type":"SearchAction","target":{"@type":"EntryPoint","urlTemplate":"https:\/\/dev2.wp.fqcq.qc.ca\/en\/?s={search_term_string}"},"query-input":"required name=search_term_string"}],"inLanguage":"en-CA"},{"@type":"WebPage","@id":"https:\/\/dev2.wp.fqcq.qc.ca\/en\/clubs\/#webpage","url":"https:\/\/dev2.wp.fqcq.qc.ca\/en\/clubs\/","name":"Clubs - Qu\u00e9bequad","isPartOf":{"@id":"https:\/\/dev2.wp.fqcq.qc.ca\/en\/#website"},"datePublished":"2014-01-13T22:02:39+00:00","dateModified":"2014-02-05T20:38:01+00:00","breadcrumb":{"@id":"https:\/\/dev2.wp.fqcq.qc.ca\/en\/clubs\/#breadcrumb"},"inLanguage":"en-CA","potentialAction":[{"@type":"ReadAction","target":["https:\/\/dev2.wp.fqcq.qc.ca\/en\/clubs\/"]}]},{"@type":"BreadcrumbList","@id":"https:\/\/dev2.wp.fqcq.qc.ca\/en\/clubs\/#breadcrumb","itemListElement":[{"@type":"ListItem","position":1,"name":"Clubs"}]}]}},"featured_image_src":null,"featured_image_src_square":null,"acf":[],"_links":{"self":[{"href":"https:\/\/dev2.wp.fqcq.qc.ca\/en\/wp-json\/wp\/v2\/pages\/45"}],"collection":[{"href":"https:\/\/dev2.wp.fqcq.qc.ca\/en\/wp-json\/wp\/v2\/pages"}],"about":[{"href":"https:\/\/dev2.wp.fqcq.qc.ca\/en\/wp-json\/wp\/v2\/types\/page"}],"author":[{"embeddable":true,"href":"https:\/\/dev2.wp.fqcq.qc.ca\/en\/wp-json\/wp\/v2\/users\/6"}],"replies":[{"embeddable":true,"href":"https:\/\/dev2.wp.fqcq.qc.ca\/en\/wp-json\/wp\/v2\/comments?post=45"}],"version-history":[{"count":0,"href":"https:\/\/dev2.wp.fqcq.qc.ca\/en\/wp-json\/wp\/v2\/pages\/45\/revisions"}],"wp:attachment":[{"href":"https:\/\/dev2.wp.fqcq.qc.ca\/en\/wp-json\/wp\/v2\/media?parent=45"}],"curies":[{"name":"wp","href":"https:\/\/api.w.org\/{rel}","templated":true}]}}