{"id":53,"date":"2014-01-13T23:03:22","date_gmt":"2014-01-13T22:03:22","guid":{"rendered":"http:\/\/www.dev2.wp.fqcq.qc.ca\/?page_id=53"},"modified":"2019-03-05T16:28:49","modified_gmt":"2019-03-05T21:28:49","slug":"laws-and-safety","status":"publish","type":"page","link":"https:\/\/dev2.wp.fqcq.qc.ca\/en\/laws-and-safety\/","title":{"rendered":"Insurance, Laws and Safety"},"content":{"rendered":"\n<h2>A safe activity at all times.<\/h2>\n\n\n\n<p>Safety is the number one priority for the FQCQ. You will find here all the information about laws and official rules for the practice of ATV and Side-by-Side in Quebec.<\/p>\n\n\n\n<div class=\"wp-block-image\"><figure class=\"alignleft\"><a href=\"http:\/\/saaq.gouv.qc.ca\/en\/road-safety\/modes-transportation\/all-terrain-vehicle\/what-the-law-says\/\" target=\"_blank\" rel=\"noreferrer noopener\"><img loading=\"lazy\" width=\"620\" height=\"159\" src=\"http:\/\/www.dev2.wp.fqcq.qc.ca\/wp-content\/uploads\/btn_lois_reglement.jpg\" alt=\"btn_lois_reglement\" class=\"wp-image-2903\" srcset=\"https:\/\/dev2.wp.fqcq.qc.ca\/wp-content\/uploads\/btn_lois_reglement.jpg 620w, https:\/\/dev2.wp.fqcq.qc.ca\/wp-content\/uploads\/btn_lois_reglement-300x76.jpg 300w\" sizes=\"(max-width: 620px) 100vw, 620px\" \/><\/a><\/figure><\/div>\n","protected":false},"excerpt":{"rendered":"<p>A safe activity at all times. Safety is the number one priority for the FQCQ. You will find here all the information about laws and official rules for the practice of ATV and Side-by-Side in Quebec.<\/p>\n","protected":false},"author":6,"featured_media":0,"parent":0,"menu_order":5,"comment_status":"open","ping_status":"closed","template":"","meta":[],"yoast_head":"<!-- This site is optimized with the Yoast SEO plugin v18.4.1 - https:\/\/yoast.com\/wordpress\/plugins\/seo\/ -->\n<title>Insurance, Laws and Safety - Qu\u00e9bequad<\/title>\n<meta name=\"robots\" content=\"index, follow, max-snippet:-1, max-image-preview:large, max-video-preview:-1\" \/>\n<link rel=\"canonical\" href=\"https:\/\/dev2.wp.fqcq.qc.ca\/en\/laws-and-safety\/\" \/>\n<meta property=\"og:locale\" content=\"en_US\" \/>\n<meta property=\"og:type\" content=\"article\" \/>\n<meta property=\"og:title\" content=\"Insurance, Laws and Safety - Qu\u00e9bequad\" \/>\n<meta property=\"og:description\" content=\"A safe activity at all times. Safety is the number one priority for the FQCQ. You will find here all the information about laws and official rules for the practice of ATV and Side-by-Side in Quebec.\" \/>\n<meta property=\"og:url\" content=\"https:\/\/dev2.wp.fqcq.qc.ca\/en\/laws-and-safety\/\" \/>\n<meta property=\"og:site_name\" content=\"Qu\u00e9bequad\" \/>\n<meta property=\"article:modified_time\" content=\"2019-03-05T21:28:49+00:00\" \/>\n<meta property=\"og:image\" content=\"http:\/\/www.dev2.wp.fqcq.qc.ca\/wp-content\/uploads\/btn_lois_reglement.jpg\" \/>\n<meta name=\"twitter:card\" content=\"summary_large_image\" \/>\n<script type=\"application\/ld+json\" class=\"yoast-schema-graph\">{\"@context\":\"https:\/\/schema.org\",\"@graph\":[{\"@type\":\"WebSite\",\"@id\":\"https:\/\/dev2.wp.fqcq.qc.ca\/en\/#website\",\"url\":\"https:\/\/dev2.wp.fqcq.qc.ca\/en\/\",\"name\":\"Qu\u00e9bequad\",\"description\":\"F\u00e9d\u00e9ration Qu\u00e9becoise des Clubs de Quad\",\"potentialAction\":[{\"@type\":\"SearchAction\",\"target\":{\"@type\":\"EntryPoint\",\"urlTemplate\":\"https:\/\/dev2.wp.fqcq.qc.ca\/en\/?s={search_term_string}\"},\"query-input\":\"required name=search_term_string\"}],\"inLanguage\":\"en-CA\"},{\"@type\":\"ImageObject\",\"@id\":\"https:\/\/dev2.wp.fqcq.qc.ca\/en\/laws-and-safety\/#primaryimage\",\"inLanguage\":\"en-CA\",\"url\":\"http:\/\/www.dev2.wp.fqcq.qc.ca\/wp-content\/uploads\/btn_lois_reglement.jpg\",\"contentUrl\":\"http:\/\/www.dev2.wp.fqcq.qc.ca\/wp-content\/uploads\/btn_lois_reglement.jpg\"},{\"@type\":\"WebPage\",\"@id\":\"https:\/\/dev2.wp.fqcq.qc.ca\/en\/laws-and-safety\/#webpage\",\"url\":\"https:\/\/dev2.wp.fqcq.qc.ca\/en\/laws-and-safety\/\",\"name\":\"Insurance, Laws and Safety - Qu\u00e9bequad\",\"isPartOf\":{\"@id\":\"https:\/\/dev2.wp.fqcq.qc.ca\/en\/#website\"},\"primaryImageOfPage\":{\"@id\":\"https:\/\/dev2.wp.fqcq.qc.ca\/en\/laws-and-safety\/#primaryimage\"},\"datePublished\":\"2014-01-13T22:03:22+00:00\",\"dateModified\":\"2019-03-05T21:28:49+00:00\",\"breadcrumb\":{\"@id\":\"https:\/\/dev2.wp.fqcq.qc.ca\/en\/laws-and-safety\/#breadcrumb\"},\"inLanguage\":\"en-CA\",\"potentialAction\":[{\"@type\":\"ReadAction\",\"target\":[\"https:\/\/dev2.wp.fqcq.qc.ca\/en\/laws-and-safety\/\"]}]},{\"@type\":\"BreadcrumbList\",\"@id\":\"https:\/\/dev2.wp.fqcq.qc.ca\/en\/laws-and-safety\/#breadcrumb\",\"itemListElement\":[{\"@type\":\"ListItem\",\"position\":1,\"name\":\"Insurance, Laws and Safety\"}]}]}<\/script>\n<!-- \/ Yoast SEO plugin. -->","yoast_head_json":{"title":"Insurance, Laws and Safety - Qu\u00e9bequad","robots":{"index":"index","follow":"follow","max-snippet":"max-snippet:-1","max-image-preview":"max-image-preview:large","max-video-preview":"max-video-preview:-1"},"canonical":"https:\/\/dev2.wp.fqcq.qc.ca\/en\/laws-and-safety\/","og_locale":"en_US","og_type":"article","og_title":"Insurance, Laws and Safety - Qu\u00e9bequad","og_description":"A safe activity at all times. Safety is the number one priority for the FQCQ. You will find here all the information about laws and official rules for the practice of ATV and Side-by-Side in Quebec.","og_url":"https:\/\/dev2.wp.fqcq.qc.ca\/en\/laws-and-safety\/","og_site_name":"Qu\u00e9bequad","article_modified_time":"2019-03-05T21:28:49+00:00","og_image":[{"url":"http:\/\/www.dev2.wp.fqcq.qc.ca\/wp-content\/uploads\/btn_lois_reglement.jpg"}],"twitter_card":"summary_large_image","schema":{"@context":"https:\/\/schema.org","@graph":[{"@type":"WebSite","@id":"https:\/\/dev2.wp.fqcq.qc.ca\/en\/#website","url":"https:\/\/dev2.wp.fqcq.qc.ca\/en\/","name":"Qu\u00e9bequad","description":"F\u00e9d\u00e9ration Qu\u00e9becoise des Clubs de Quad","potentialAction":[{"@type":"SearchAction","target":{"@type":"EntryPoint","urlTemplate":"https:\/\/dev2.wp.fqcq.qc.ca\/en\/?s={search_term_string}"},"query-input":"required name=search_term_string"}],"inLanguage":"en-CA"},{"@type":"ImageObject","@id":"https:\/\/dev2.wp.fqcq.qc.ca\/en\/laws-and-safety\/#primaryimage","inLanguage":"en-CA","url":"http:\/\/www.dev2.wp.fqcq.qc.ca\/wp-content\/uploads\/btn_lois_reglement.jpg","contentUrl":"http:\/\/www.dev2.wp.fqcq.qc.ca\/wp-content\/uploads\/btn_lois_reglement.jpg"},{"@type":"WebPage","@id":"https:\/\/dev2.wp.fqcq.qc.ca\/en\/laws-and-safety\/#webpage","url":"https:\/\/dev2.wp.fqcq.qc.ca\/en\/laws-and-safety\/","name":"Insurance, Laws and Safety - Qu\u00e9bequad","isPartOf":{"@id":"https:\/\/dev2.wp.fqcq.qc.ca\/en\/#website"},"primaryImageOfPage":{"@id":"https:\/\/dev2.wp.fqcq.qc.ca\/en\/laws-and-safety\/#primaryimage"},"datePublished":"2014-01-13T22:03:22+00:00","dateModified":"2019-03-05T21:28:49+00:00","breadcrumb":{"@id":"https:\/\/dev2.wp.fqcq.qc.ca\/en\/laws-and-safety\/#breadcrumb"},"inLanguage":"en-CA","potentialAction":[{"@type":"ReadAction","target":["https:\/\/dev2.wp.fqcq.qc.ca\/en\/laws-and-safety\/"]}]},{"@type":"BreadcrumbList","@id":"https:\/\/dev2.wp.fqcq.qc.ca\/en\/laws-and-safety\/#breadcrumb","itemListElement":[{"@type":"ListItem","position":1,"name":"Insurance, Laws and Safety"}]}]}},"featured_image_src":null,"featured_image_src_square":null,"acf":[],"_links":{"self":[{"href":"https:\/\/dev2.wp.fqcq.qc.ca\/en\/wp-json\/wp\/v2\/pages\/53"}],"collection":[{"href":"https:\/\/dev2.wp.fqcq.qc.ca\/en\/wp-json\/wp\/v2\/pages"}],"about":[{"href":"https:\/\/dev2.wp.fqcq.qc.ca\/en\/wp-json\/wp\/v2\/types\/page"}],"author":[{"embeddable":true,"href":"https:\/\/dev2.wp.fqcq.qc.ca\/en\/wp-json\/wp\/v2\/users\/6"}],"replies":[{"embeddable":true,"href":"https:\/\/dev2.wp.fqcq.qc.ca\/en\/wp-json\/wp\/v2\/comments?post=53"}],"version-history":[{"count":0,"href":"https:\/\/dev2.wp.fqcq.qc.ca\/en\/wp-json\/wp\/v2\/pages\/53\/revisions"}],"wp:attachment":[{"href":"https:\/\/dev2.wp.fqcq.qc.ca\/en\/wp-json\/wp\/v2\/media?parent=53"}],"curies":[{"name":"wp","href":"https:\/\/api.w.org\/{rel}","templated":true}]}}