{"id":552,"date":"2014-02-03T21:58:13","date_gmt":"2014-02-04T02:58:13","guid":{"rendered":"http:\/\/www.dev2.wp.fqcq.qc.ca\/?page_id=552"},"modified":"2019-02-18T15:03:28","modified_gmt":"2019-02-18T20:03:28","slug":"statistics","status":"publish","type":"page","link":"https:\/\/dev2.wp.fqcq.qc.ca\/en\/statistics\/","title":{"rendered":"Statistics"},"content":{"rendered":"\n<h3>FQCQ Statistics<\/h3>\n\n\n\t\n\t<div class=\"wrapper-fqcq-galerie\">\n\t    <ul id=\"fqcq-galerie-block_5c17c4cf25d64\" class=\"fqcq-galerie caption-false contain-false bordures-false\">\n\t        \t            <li class=\"fqcq-galerie-item\">\n\t            \t<figure>\n\t            \t\t<div class=\"fig-image\">\n\t\t            \t\t\n\t\t            \t\t\t\t            \t\t\t<a href=\"\" class=\"fancy\" data-fancybox=\"gallery\" data-caption=\"Number of Clubs affiliated with the FQCQ \u00b7 Mergers of some clubs makes for decreasing numbers\r\nAffiliated Clubs\r\n\">\n\t\t            \t\t\t\t            \t\t\n\t\t            \t\t\t\t\t\t\t\t\t\t\n\t\t\t\t\t\t\t\t\t\t\t\t\t\t\t<\/a>\n\t\t\t\t\t\t\t\t\t\t\t\t\t<\/div>\n\t\t\t\t\t\t\t            \t<\/figure>\n\t            <\/li>\n\t        \t            <li class=\"fqcq-galerie-item\">\n\t            \t<figure>\n\t            \t\t<div class=\"fig-image\">\n\t\t            \t\t\n\t\t            \t\t\t\t            \t\t\t<a href=\"\" class=\"fancy\" data-fancybox=\"gallery\" data-caption=\"Number of Kilometers of ATV Trails by Canadian Province (Source: Statistics Canada) \u00b7 \">\n\t\t            \t\t\t\t            \t\t\n\t\t            \t\t\t\t\t\t\t\t\t\t\n\t\t\t\t\t\t\t\t\t\t\t\t\t\t\t<\/a>\n\t\t\t\t\t\t\t\t\t\t\t\t\t<\/div>\n\t\t\t\t\t\t\t            \t<\/figure>\n\t            <\/li>\n\t        \t            <li class=\"fqcq-galerie-item\">\n\t            \t<figure>\n\t            \t\t<div class=\"fig-image\">\n\t\t            \t\t\n\t\t            \t\t\t\t            \t\t\t<a href=\"\" class=\"fancy\" data-fancybox=\"gallery\" data-caption=\"Number of Members per Cycle \u00b7 \">\n\t\t            \t\t\t\t            \t\t\n\t\t            \t\t\t\t\t\t\t\t\t\t\n\t\t\t\t\t\t\t\t\t\t\t\t\t\t\t<\/a>\n\t\t\t\t\t\t\t\t\t\t\t\t\t<\/div>\n\t\t\t\t\t\t\t            \t<\/figure>\n\t            <\/li>\n\t        \t            <li class=\"fqcq-galerie-item\">\n\t            \t<figure>\n\t            \t\t<div class=\"fig-image\">\n\t\t            \t\t\n\t\t            \t\t\t\t            \t\t\t<a href=\"\" class=\"fancy\" data-fancybox=\"gallery\" data-caption=\"Number of Members per Region \u00b7 \">\n\t\t            \t\t\t\t            \t\t\n\t\t            \t\t\t\t\t\t\t\t\t\t\n\t\t\t\t\t\t\t\t\t\t\t\t\t\t\t<\/a>\n\t\t\t\t\t\t\t\t\t\t\t\t\t<\/div>\n\t\t\t\t\t\t\t            \t<\/figure>\n\t            <\/li>\n\t        \t            <li class=\"fqcq-galerie-item\">\n\t            \t<figure>\n\t            \t\t<div class=\"fig-image\">\n\t\t            \t\t\n\t\t            \t\t\t\t            \t\t\t<a href=\"\" class=\"fancy\" data-fancybox=\"gallery\" data-caption=\"Monthly Sales for Access Rights \u00b7 \">\n\t\t            \t\t\t\t            \t\t\n\t\t            \t\t\t\t\t\t\t\t\t\t\n\t\t\t\t\t\t\t\t\t\t\t\t\t\t\t<\/a>\n\t\t\t\t\t\t\t\t\t\t\t\t\t<\/div>\n\t\t\t\t\t\t\t            \t<\/figure>\n\t            <\/li>\n\t        \t    <\/ul>\n\t<\/div>\n\t\n\n\n<h3>SAAQ Statistics<\/h3>\n\n\n\n\n\t\n\t<div class=\"wrapper-fqcq-galerie\">\n\t    <ul id=\"fqcq-galerie-block_5c17c935c1070\" class=\"fqcq-galerie caption-false contain-false bordures-false\">\n\t        \t            <li class=\"fqcq-galerie-item\">\n\t            \t<figure>\n\t            \t\t<div class=\"fig-image\">\n\t\t            \t\t\n\t\t            \t\t\t\t            \t\t\t<a href=\"\" class=\"fancy\" data-fancybox=\"gallery\" data-caption=\"Number of Registrations per Off-Road Vehicle Type \u00b7 \">\n\t\t            \t\t\t\t            \t\t\n\t\t            \t\t\t\t\t\t\t\t\t\t\n\t\t\t\t\t\t\t\t\t\t\t\t\t\t\t<\/a>\n\t\t\t\t\t\t\t\t\t\t\t\t\t<\/div>\n\t\t\t\t\t\t\t            \t<\/figure>\n\t            <\/li>\n\t        \t            <li class=\"fqcq-galerie-item\">\n\t            \t<figure>\n\t            \t\t<div class=\"fig-image\">\n\t\t            \t\t\n\t\t            \t\t\t\t            \t\t\t<a href=\"\" class=\"fancy\" data-fancybox=\"gallery\" data-caption=\"2009 ATVs and Snowmobile Registrations per Region \u00b7 \">\n\t\t            \t\t\t\t            \t\t\n\t\t            \t\t\t\t\t\t\t\t\t\t\n\t\t\t\t\t\t\t\t\t\t\t\t\t\t\t<\/a>\n\t\t\t\t\t\t\t\t\t\t\t\t\t<\/div>\n\t\t\t\t\t\t\t            \t<\/figure>\n\t            <\/li>\n\t        \t    <\/ul>\n\t<\/div>\n\t\n\n\n<h3>Touristic polls<\/h3>\n\n\n\t\n\t<div class=\"wrapper-fqcq-galerie\">\n\t    <ul id=\"fqcq-galerie-block_5c17ca37c1071\" class=\"fqcq-galerie caption-false contain-false bordures-false\">\n\t        \t            <li class=\"fqcq-galerie-item\">\n\t            \t<figure>\n\t            \t\t<div class=\"fig-image\">\n\t\t            \t\t\n\t\t            \t\t\t\t            \t\t\t<a href=\"\" class=\"fancy\" data-fancybox=\"gallery\" data-caption=\"Comparison of Economic Benefits per Region \u00b7 \">\n\t\t            \t\t\t\t            \t\t\n\t\t            \t\t\t\t\t\t\t\t\t\t\n\t\t\t\t\t\t\t\t\t\t\t\t\t\t\t<\/a>\n\t\t\t\t\t\t\t\t\t\t\t\t\t<\/div>\n\t\t\t\t\t\t\t            \t<\/figure>\n\t            <\/li>\n\t        \t            <li class=\"fqcq-galerie-item\">\n\t            \t<figure>\n\t            \t\t<div class=\"fig-image\">\n\t\t            \t\t\n\t\t            \t\t\t\t            \t\t\t<a href=\"\" class=\"fancy\" data-fancybox=\"gallery\" data-caption=\"Progression of the Number of ATV Drivers Over 5 Years \u00b7 \">\n\t\t            \t\t\t\t            \t\t\n\t\t            \t\t\t\t\t\t\t\t\t\t\n\t\t\t\t\t\t\t\t\t\t\t\t\t\t\t<\/a>\n\t\t\t\t\t\t\t\t\t\t\t\t\t<\/div>\n\t\t\t\t\t\t\t            \t<\/figure>\n\t            <\/li>\n\t        \t            <li class=\"fqcq-galerie-item\">\n\t            \t<figure>\n\t            \t\t<div class=\"fig-image\">\n\t\t            \t\t\n\t\t            \t\t\t\t            \t\t\t<a href=\"\" class=\"fancy\" data-fancybox=\"gallery\" data-caption=\"Intents on Usage of Off-Road Vehicle \u00b7 \">\n\t\t            \t\t\t\t            \t\t\n\t\t            \t\t\t\t\t\t\t\t\t\t\n\t\t\t\t\t\t\t\t\t\t\t\t\t\t\t<\/a>\n\t\t\t\t\t\t\t\t\t\t\t\t\t<\/div>\n\t\t\t\t\t\t\t            \t<\/figure>\n\t            <\/li>\n\t        \t            <li class=\"fqcq-galerie-item\">\n\t            \t<figure>\n\t            \t\t<div class=\"fig-image\">\n\t\t            \t\t\n\t\t            \t\t\t\t            \t\t\t<a href=\"\" class=\"fancy\" data-fancybox=\"gallery\" data-caption=\"Cause for Quitting the Practice \u00b7 \">\n\t\t            \t\t\t\t            \t\t\n\t\t            \t\t\t\t\t\t\t\t\t\t\n\t\t\t\t\t\t\t\t\t\t\t\t\t\t\t<\/a>\n\t\t\t\t\t\t\t\t\t\t\t\t\t<\/div>\n\t\t\t\t\t\t\t            \t<\/figure>\n\t            <\/li>\n\t        \t            <li class=\"fqcq-galerie-item\">\n\t            \t<figure>\n\t            \t\t<div class=\"fig-image\">\n\t\t            \t\t\n\t\t            \t\t\t\t            \t\t\t<a href=\"\" class=\"fancy\" data-fancybox=\"gallery\" data-caption=\"Ratio of Off-Road Vehicle Users Amongst the Population \u00b7 \">\n\t\t            \t\t\t\t            \t\t\n\t\t            \t\t\t\t\t\t\t\t\t\t\n\t\t\t\t\t\t\t\t\t\t\t\t\t\t\t<\/a>\n\t\t\t\t\t\t\t\t\t\t\t\t\t<\/div>\n\t\t\t\t\t\t\t            \t<\/figure>\n\t            <\/li>\n\t        \t            <li class=\"fqcq-galerie-item\">\n\t            \t<figure>\n\t            \t\t<div class=\"fig-image\">\n\t\t            \t\t\n\t\t            \t\t\t\t            \t\t\t<a href=\"\" class=\"fancy\" data-fancybox=\"gallery\" data-caption=\"ATV Annual Economic Benefits \u00b7 \">\n\t\t            \t\t\t\t            \t\t\n\t\t            \t\t\t\t\t\t\t\t\t\t\n\t\t\t\t\t\t\t\t\t\t\t\t\t\t\t<\/a>\n\t\t\t\t\t\t\t\t\t\t\t\t\t<\/div>\n\t\t\t\t\t\t\t            \t<\/figure>\n\t            <\/li>\n\t        \t    <\/ul>\n\t<\/div>\n\t\n\n\n<h2>CVHR Statistics<\/h2>\n\n\n\t\n\t<div class=\"wrapper-fqcq-galerie\">\n\t    <ul id=\"fqcq-galerie-block_5c17cbe0c1072\" class=\"fqcq-galerie caption-false contain-false bordures-false\">\n\t        \t            <li class=\"fqcq-galerie-item\">\n\t            \t<figure>\n\t            \t\t<div class=\"fig-image\">\n\t\t            \t\t\n\t\t            \t\t\t\t            \t\t\t<a href=\"\" class=\"fancy\" data-fancybox=\"gallery\" data-caption=\"ATV Retail Sales by Province (Units) \u00b7 \">\n\t\t            \t\t\t\t            \t\t\n\t\t            \t\t\t\t\t\t\t\t\t\t\n\t\t\t\t\t\t\t\t\t\t\t\t\t\t\t<\/a>\n\t\t\t\t\t\t\t\t\t\t\t\t\t<\/div>\n\t\t\t\t\t\t\t            \t<\/figure>\n\t            <\/li>\n\t        \t            <li class=\"fqcq-galerie-item\">\n\t            \t<figure>\n\t            \t\t<div class=\"fig-image\">\n\t\t            \t\t\n\t\t            \t\t\t\t            \t\t\t<a href=\"\" class=\"fancy\" data-fancybox=\"gallery\" data-caption=\"ATV Retail Sales by Province (%) \u00b7 \">\n\t\t            \t\t\t\t            \t\t\n\t\t            \t\t\t\t\t\t\t\t\t\t\n\t\t\t\t\t\t\t\t\t\t\t\t\t\t\t<\/a>\n\t\t\t\t\t\t\t\t\t\t\t\t\t<\/div>\n\t\t\t\t\t\t\t            \t<\/figure>\n\t            <\/li>\n\t        \t    <\/ul>\n\t<\/div>\n\t","protected":false},"excerpt":{"rendered":"<p>FQCQ Statistics SAAQ Statistics Touristic polls CVHR Statistics<\/p>\n","protected":false},"author":6,"featured_media":0,"parent":0,"menu_order":8,"comment_status":"closed","ping_status":"closed","template":"","meta":[],"yoast_head":"<!-- This site is optimized with the Yoast SEO plugin v18.4.1 - https:\/\/yoast.com\/wordpress\/plugins\/seo\/ -->\n<title>Statistics - Qu\u00e9bequad<\/title>\n<meta name=\"robots\" content=\"index, follow, max-snippet:-1, max-image-preview:large, max-video-preview:-1\" \/>\n<link rel=\"canonical\" href=\"https:\/\/dev2.wp.fqcq.qc.ca\/en\/statistics\/\" \/>\n<meta property=\"og:locale\" content=\"en_US\" \/>\n<meta property=\"og:type\" content=\"article\" \/>\n<meta property=\"og:title\" content=\"Statistics - Qu\u00e9bequad\" \/>\n<meta property=\"og:description\" content=\"FQCQ Statistics SAAQ Statistics Touristic polls CVHR Statistics\" \/>\n<meta property=\"og:url\" content=\"https:\/\/dev2.wp.fqcq.qc.ca\/en\/statistics\/\" \/>\n<meta property=\"og:site_name\" content=\"Qu\u00e9bequad\" \/>\n<meta property=\"article:modified_time\" content=\"2019-02-18T20:03:28+00:00\" \/>\n<meta name=\"twitter:card\" content=\"summary_large_image\" \/>\n<script type=\"application\/ld+json\" class=\"yoast-schema-graph\">{\"@context\":\"https:\/\/schema.org\",\"@graph\":[{\"@type\":\"WebSite\",\"@id\":\"https:\/\/dev2.wp.fqcq.qc.ca\/en\/#website\",\"url\":\"https:\/\/dev2.wp.fqcq.qc.ca\/en\/\",\"name\":\"Qu\u00e9bequad\",\"description\":\"F\u00e9d\u00e9ration Qu\u00e9becoise des Clubs de Quad\",\"potentialAction\":[{\"@type\":\"SearchAction\",\"target\":{\"@type\":\"EntryPoint\",\"urlTemplate\":\"https:\/\/dev2.wp.fqcq.qc.ca\/en\/?s={search_term_string}\"},\"query-input\":\"required name=search_term_string\"}],\"inLanguage\":\"en-CA\"},{\"@type\":\"WebPage\",\"@id\":\"https:\/\/dev2.wp.fqcq.qc.ca\/en\/statistics\/#webpage\",\"url\":\"https:\/\/dev2.wp.fqcq.qc.ca\/en\/statistics\/\",\"name\":\"Statistics - Qu\u00e9bequad\",\"isPartOf\":{\"@id\":\"https:\/\/dev2.wp.fqcq.qc.ca\/en\/#website\"},\"datePublished\":\"2014-02-04T02:58:13+00:00\",\"dateModified\":\"2019-02-18T20:03:28+00:00\",\"breadcrumb\":{\"@id\":\"https:\/\/dev2.wp.fqcq.qc.ca\/en\/statistics\/#breadcrumb\"},\"inLanguage\":\"en-CA\",\"potentialAction\":[{\"@type\":\"ReadAction\",\"target\":[\"https:\/\/dev2.wp.fqcq.qc.ca\/en\/statistics\/\"]}]},{\"@type\":\"BreadcrumbList\",\"@id\":\"https:\/\/dev2.wp.fqcq.qc.ca\/en\/statistics\/#breadcrumb\",\"itemListElement\":[{\"@type\":\"ListItem\",\"position\":1,\"name\":\"Statistics\"}]}]}<\/script>\n<!-- \/ Yoast SEO plugin. -->","yoast_head_json":{"title":"Statistics - Qu\u00e9bequad","robots":{"index":"index","follow":"follow","max-snippet":"max-snippet:-1","max-image-preview":"max-image-preview:large","max-video-preview":"max-video-preview:-1"},"canonical":"https:\/\/dev2.wp.fqcq.qc.ca\/en\/statistics\/","og_locale":"en_US","og_type":"article","og_title":"Statistics - Qu\u00e9bequad","og_description":"FQCQ Statistics SAAQ Statistics Touristic polls CVHR Statistics","og_url":"https:\/\/dev2.wp.fqcq.qc.ca\/en\/statistics\/","og_site_name":"Qu\u00e9bequad","article_modified_time":"2019-02-18T20:03:28+00:00","twitter_card":"summary_large_image","schema":{"@context":"https:\/\/schema.org","@graph":[{"@type":"WebSite","@id":"https:\/\/dev2.wp.fqcq.qc.ca\/en\/#website","url":"https:\/\/dev2.wp.fqcq.qc.ca\/en\/","name":"Qu\u00e9bequad","description":"F\u00e9d\u00e9ration Qu\u00e9becoise des Clubs de Quad","potentialAction":[{"@type":"SearchAction","target":{"@type":"EntryPoint","urlTemplate":"https:\/\/dev2.wp.fqcq.qc.ca\/en\/?s={search_term_string}"},"query-input":"required name=search_term_string"}],"inLanguage":"en-CA"},{"@type":"WebPage","@id":"https:\/\/dev2.wp.fqcq.qc.ca\/en\/statistics\/#webpage","url":"https:\/\/dev2.wp.fqcq.qc.ca\/en\/statistics\/","name":"Statistics - Qu\u00e9bequad","isPartOf":{"@id":"https:\/\/dev2.wp.fqcq.qc.ca\/en\/#website"},"datePublished":"2014-02-04T02:58:13+00:00","dateModified":"2019-02-18T20:03:28+00:00","breadcrumb":{"@id":"https:\/\/dev2.wp.fqcq.qc.ca\/en\/statistics\/#breadcrumb"},"inLanguage":"en-CA","potentialAction":[{"@type":"ReadAction","target":["https:\/\/dev2.wp.fqcq.qc.ca\/en\/statistics\/"]}]},{"@type":"BreadcrumbList","@id":"https:\/\/dev2.wp.fqcq.qc.ca\/en\/statistics\/#breadcrumb","itemListElement":[{"@type":"ListItem","position":1,"name":"Statistics"}]}]}},"featured_image_src":null,"featured_image_src_square":null,"acf":[],"_links":{"self":[{"href":"https:\/\/dev2.wp.fqcq.qc.ca\/en\/wp-json\/wp\/v2\/pages\/552"}],"collection":[{"href":"https:\/\/dev2.wp.fqcq.qc.ca\/en\/wp-json\/wp\/v2\/pages"}],"about":[{"href":"https:\/\/dev2.wp.fqcq.qc.ca\/en\/wp-json\/wp\/v2\/types\/page"}],"author":[{"embeddable":true,"href":"https:\/\/dev2.wp.fqcq.qc.ca\/en\/wp-json\/wp\/v2\/users\/6"}],"replies":[{"embeddable":true,"href":"https:\/\/dev2.wp.fqcq.qc.ca\/en\/wp-json\/wp\/v2\/comments?post=552"}],"version-history":[{"count":0,"href":"https:\/\/dev2.wp.fqcq.qc.ca\/en\/wp-json\/wp\/v2\/pages\/552\/revisions"}],"wp:attachment":[{"href":"https:\/\/dev2.wp.fqcq.qc.ca\/en\/wp-json\/wp\/v2\/media?parent=552"}],"curies":[{"name":"wp","href":"https:\/\/api.w.org\/{rel}","templated":true}]}}