{"id":5525,"date":"2018-12-13T14:06:36","date_gmt":"2018-12-13T19:06:36","guid":{"rendered":"http:\/\/www.dev2.wp.fqcq.qc.ca\/?page_id=5525"},"modified":"2018-12-13T14:35:02","modified_gmt":"2018-12-13T19:35:02","slug":"welcome-to-all-terrain-vehicle-world","status":"publish","type":"page","link":"https:\/\/dev2.wp.fqcq.qc.ca\/en\/welcome-to-all-terrain-vehicle-world\/","title":{"rendered":"Welcome to All-terrain vehicle world"},"content":{"rendered":"\n<figure class=\"wp-block-image\"><a href=\"http:\/\/www.dev2.wp.fqcq.qc.ca\/wp-content\/uploads\/bienvenue-dans-le-monde-des-vhr.pdf\" target=\"_blank\" rel=\"noreferrer noopener\"><img loading=\"lazy\" width=\"600\" height=\"850\" src=\"http:\/\/www.dev2.wp.fqcq.qc.ca\/wp-content\/uploads\/cover-bienvenue-dans-le-monde-des-vhr-web2.jpg\" alt=\"\" class=\"wp-image-5424\" srcset=\"https:\/\/dev2.wp.fqcq.qc.ca\/wp-content\/uploads\/cover-bienvenue-dans-le-monde-des-vhr-web2.jpg 600w, https:\/\/dev2.wp.fqcq.qc.ca\/wp-content\/uploads\/cover-bienvenue-dans-le-monde-des-vhr-web2-212x300.jpg 212w\" sizes=\"(max-width: 600px) 100vw, 600px\" \/><\/a><\/figure>\n\n\n\n<p><\/p>\n","protected":false},"excerpt":{"rendered":"","protected":false},"author":6,"featured_media":12106,"parent":0,"menu_order":0,"comment_status":"closed","ping_status":"closed","template":"","meta":[],"yoast_head":"<!-- This site is optimized with the Yoast SEO plugin v18.4.1 - https:\/\/yoast.com\/wordpress\/plugins\/seo\/ -->\n<title>Welcome to All-terrain vehicle world - Qu\u00e9bequad<\/title>\n<meta name=\"robots\" content=\"index, follow, max-snippet:-1, max-image-preview:large, max-video-preview:-1\" \/>\n<link rel=\"canonical\" href=\"https:\/\/dev2.wp.fqcq.qc.ca\/en\/welcome-to-all-terrain-vehicle-world\/\" \/>\n<meta property=\"og:locale\" content=\"en_US\" \/>\n<meta property=\"og:type\" content=\"article\" \/>\n<meta property=\"og:title\" content=\"Welcome to All-terrain vehicle world - Qu\u00e9bequad\" \/>\n<meta property=\"og:url\" content=\"https:\/\/dev2.wp.fqcq.qc.ca\/en\/welcome-to-all-terrain-vehicle-world\/\" \/>\n<meta property=\"og:site_name\" content=\"Qu\u00e9bequad\" \/>\n<meta property=\"article:modified_time\" content=\"2018-12-13T19:35:02+00:00\" \/>\n<meta name=\"twitter:card\" content=\"summary_large_image\" \/>\n<script type=\"application\/ld+json\" class=\"yoast-schema-graph\">{\"@context\":\"https:\/\/schema.org\",\"@graph\":[{\"@type\":\"WebSite\",\"@id\":\"https:\/\/dev2.wp.fqcq.qc.ca\/en\/#website\",\"url\":\"https:\/\/dev2.wp.fqcq.qc.ca\/en\/\",\"name\":\"Qu\u00e9bequad\",\"description\":\"F\u00e9d\u00e9ration Qu\u00e9becoise des Clubs de Quad\",\"potentialAction\":[{\"@type\":\"SearchAction\",\"target\":{\"@type\":\"EntryPoint\",\"urlTemplate\":\"https:\/\/dev2.wp.fqcq.qc.ca\/en\/?s={search_term_string}\"},\"query-input\":\"required name=search_term_string\"}],\"inLanguage\":\"en-CA\"},{\"@type\":\"ImageObject\",\"@id\":\"https:\/\/dev2.wp.fqcq.qc.ca\/en\/welcome-to-all-terrain-vehicle-world\/#primaryimage\",\"inLanguage\":\"en-CA\",\"url\":\"\",\"contentUrl\":\"\",\"width\":627,\"height\":887},{\"@type\":\"WebPage\",\"@id\":\"https:\/\/dev2.wp.fqcq.qc.ca\/en\/welcome-to-all-terrain-vehicle-world\/#webpage\",\"url\":\"https:\/\/dev2.wp.fqcq.qc.ca\/en\/welcome-to-all-terrain-vehicle-world\/\",\"name\":\"Welcome to All-terrain vehicle world - Qu\u00e9bequad\",\"isPartOf\":{\"@id\":\"https:\/\/dev2.wp.fqcq.qc.ca\/en\/#website\"},\"primaryImageOfPage\":{\"@id\":\"https:\/\/dev2.wp.fqcq.qc.ca\/en\/welcome-to-all-terrain-vehicle-world\/#primaryimage\"},\"datePublished\":\"2018-12-13T19:06:36+00:00\",\"dateModified\":\"2018-12-13T19:35:02+00:00\",\"breadcrumb\":{\"@id\":\"https:\/\/dev2.wp.fqcq.qc.ca\/en\/welcome-to-all-terrain-vehicle-world\/#breadcrumb\"},\"inLanguage\":\"en-CA\",\"potentialAction\":[{\"@type\":\"ReadAction\",\"target\":[\"https:\/\/dev2.wp.fqcq.qc.ca\/en\/welcome-to-all-terrain-vehicle-world\/\"]}]},{\"@type\":\"BreadcrumbList\",\"@id\":\"https:\/\/dev2.wp.fqcq.qc.ca\/en\/welcome-to-all-terrain-vehicle-world\/#breadcrumb\",\"itemListElement\":[{\"@type\":\"ListItem\",\"position\":1,\"name\":\"Welcome to All-terrain vehicle world\"}]}]}<\/script>\n<!-- \/ Yoast SEO plugin. -->","yoast_head_json":{"title":"Welcome to All-terrain vehicle world - Qu\u00e9bequad","robots":{"index":"index","follow":"follow","max-snippet":"max-snippet:-1","max-image-preview":"max-image-preview:large","max-video-preview":"max-video-preview:-1"},"canonical":"https:\/\/dev2.wp.fqcq.qc.ca\/en\/welcome-to-all-terrain-vehicle-world\/","og_locale":"en_US","og_type":"article","og_title":"Welcome to All-terrain vehicle world - Qu\u00e9bequad","og_url":"https:\/\/dev2.wp.fqcq.qc.ca\/en\/welcome-to-all-terrain-vehicle-world\/","og_site_name":"Qu\u00e9bequad","article_modified_time":"2018-12-13T19:35:02+00:00","twitter_card":"summary_large_image","schema":{"@context":"https:\/\/schema.org","@graph":[{"@type":"WebSite","@id":"https:\/\/dev2.wp.fqcq.qc.ca\/en\/#website","url":"https:\/\/dev2.wp.fqcq.qc.ca\/en\/","name":"Qu\u00e9bequad","description":"F\u00e9d\u00e9ration Qu\u00e9becoise des Clubs de Quad","potentialAction":[{"@type":"SearchAction","target":{"@type":"EntryPoint","urlTemplate":"https:\/\/dev2.wp.fqcq.qc.ca\/en\/?s={search_term_string}"},"query-input":"required name=search_term_string"}],"inLanguage":"en-CA"},{"@type":"ImageObject","@id":"https:\/\/dev2.wp.fqcq.qc.ca\/en\/welcome-to-all-terrain-vehicle-world\/#primaryimage","inLanguage":"en-CA","url":"","contentUrl":"","width":627,"height":887},{"@type":"WebPage","@id":"https:\/\/dev2.wp.fqcq.qc.ca\/en\/welcome-to-all-terrain-vehicle-world\/#webpage","url":"https:\/\/dev2.wp.fqcq.qc.ca\/en\/welcome-to-all-terrain-vehicle-world\/","name":"Welcome to All-terrain vehicle world - Qu\u00e9bequad","isPartOf":{"@id":"https:\/\/dev2.wp.fqcq.qc.ca\/en\/#website"},"primaryImageOfPage":{"@id":"https:\/\/dev2.wp.fqcq.qc.ca\/en\/welcome-to-all-terrain-vehicle-world\/#primaryimage"},"datePublished":"2018-12-13T19:06:36+00:00","dateModified":"2018-12-13T19:35:02+00:00","breadcrumb":{"@id":"https:\/\/dev2.wp.fqcq.qc.ca\/en\/welcome-to-all-terrain-vehicle-world\/#breadcrumb"},"inLanguage":"en-CA","potentialAction":[{"@type":"ReadAction","target":["https:\/\/dev2.wp.fqcq.qc.ca\/en\/welcome-to-all-terrain-vehicle-world\/"]}]},{"@type":"BreadcrumbList","@id":"https:\/\/dev2.wp.fqcq.qc.ca\/en\/welcome-to-all-terrain-vehicle-world\/#breadcrumb","itemListElement":[{"@type":"ListItem","position":1,"name":"Welcome to All-terrain vehicle world"}]}]}},"featured_image_src":null,"featured_image_src_square":null,"acf":[],"_links":{"self":[{"href":"https:\/\/dev2.wp.fqcq.qc.ca\/en\/wp-json\/wp\/v2\/pages\/5525"}],"collection":[{"href":"https:\/\/dev2.wp.fqcq.qc.ca\/en\/wp-json\/wp\/v2\/pages"}],"about":[{"href":"https:\/\/dev2.wp.fqcq.qc.ca\/en\/wp-json\/wp\/v2\/types\/page"}],"author":[{"embeddable":true,"href":"https:\/\/dev2.wp.fqcq.qc.ca\/en\/wp-json\/wp\/v2\/users\/6"}],"replies":[{"embeddable":true,"href":"https:\/\/dev2.wp.fqcq.qc.ca\/en\/wp-json\/wp\/v2\/comments?post=5525"}],"version-history":[{"count":0,"href":"https:\/\/dev2.wp.fqcq.qc.ca\/en\/wp-json\/wp\/v2\/pages\/5525\/revisions"}],"wp:featuredmedia":[{"embeddable":true,"href":"https:\/\/dev2.wp.fqcq.qc.ca\/en\/wp-json\/wp\/v2\/media\/12106"}],"wp:attachment":[{"href":"https:\/\/dev2.wp.fqcq.qc.ca\/en\/wp-json\/wp\/v2\/media?parent=5525"}],"curies":[{"name":"wp","href":"https:\/\/api.w.org\/{rel}","templated":true}]}}