{"id":556,"date":"2014-02-03T21:58:35","date_gmt":"2014-02-04T02:58:35","guid":{"rendered":"http:\/\/www.dev2.wp.fqcq.qc.ca\/?page_id=556"},"modified":"2019-02-26T11:04:36","modified_gmt":"2019-02-26T16:04:36","slug":"atv-and-the-environment","status":"publish","type":"page","link":"https:\/\/dev2.wp.fqcq.qc.ca\/en\/atv-and-the-environment\/","title":{"rendered":"ATV and the Environment"},"content":{"rendered":"\n<p>Because ATVing should take place with regards to the environment, every development activity is planned thoroughly according to the location, seasonal weather, the set objective and regulations in effect, in order to minimize the impact.<br><\/p>\n\n\n\n<p>To provide governance to member clubs in their trail expansion projects, the FQCQ relies on valued partnerships with the Fondation de la faune du Qu\u00e9bec, the Minist\u00e8re des Transports, and BPHenvironnement. In 2016, the \u2018Guide d\u2019am\u00e9nagement et d\u2019entretien de sentiers quad\u2019 was created and published as a reference tool for volunteers in their trail network development and maintenance activities. <\/p>\n\n\n\t\n\t\t\t\t\t\t<\/div>\n\t\t\t\t<\/article><!-- #post-349 -->\n\t\t\t<\/main><!-- #main -->\n\t\t<\/div><!-- #primary -->\n\t<\/section>\n\t\t\t\t\t<div class=\"lfdb-media-text-full-nested\">\n\t\t\t\t\n\t\n\t<div id=\"lfdb-media-text-block_5c00727d18ae9\" class=\"lfdb-media-text entry-content\">\n\t\t<div class=\"lfdb-media-text-flex  nested\">\n\t\t\t<div id=\"lfdb-media-block_5c00727d18ae9\" class=\"lfdb-media\"\n\t\t\t\tstyle=\"\n\t\t\t\t\t\t\t\t\t\t\tbackground-color: #f6f6f6;\n\t\t\t\t\t\t\t\t\t\tbackground-image: url();\n\t\t\t\t\tbackground-position: center center;\n\t\t\t\t\tbackground-repeat: no-repeat;\n\t\t\t\t\tbackground-size: cover;\n\t\t\t\t\"\t\n\t\t\t>\n\t\t\t\t<img loading=\"lazy\" style=\"opacity: 0 !important;\" src=\"\" width=\"300\" height=\"300\"\/>\n\t\t\t<\/div><!-- lfdb-media -->\n\t\t\t<div id=\"lfdb-text-block_5c00727d18ae9\" class=\"lfdb-text\">\n\t\t\t\t<div class=\"lfdb-text-content\">\n\t\t\t\t\t\t\t\t\t\t\t<h2>Fragile environments and sensible aspects<\/h2>\n\t\t\t\t\t\t\t\t\t\t\t\t\t\t\t\t<div class=\"lfdb-text-paragraphs\">\n\t\t\t\t\t\t\t<p>A fitting design will avoid fragile areas upfront (at least those defined as such in regulation). In addition, provided they are renowned, other sensible aspects (endangered species, breeding grounds, etc.) will be considered and protected by proper planning and a good follow-up. <\/p>\n\t\t\t\t\t\t<\/div>\n\t\t\t\t\t\t\t\t\t\t\t\t\t\t<\/div><!-- lfdb-text-content -->\n\t\t\t<\/div><!-- lfdb-text -->\n\t\t<\/div><!-- lfdb-media-text-flex -->\n\t<\/div>\n\n\t\t\n\t\t\t<\/div><!-- lfdb-media-text-full-nested -->\n\t\t<section class=\"row no_padding_top_bottom\">\n\t\t<div class=\"content-area\">\n\t\t\t<main class=\"site-main\">\n\t\t\t\t<article class=\"hentry\">\n\t\t\t\t\t<div class=\"entry-content\">\n\t\t\t\n\t\n\n\t\n\t\t\t\t\t\t<\/div>\n\t\t\t\t<\/article><!-- #post-349 -->\n\t\t\t<\/main><!-- #main -->\n\t\t<\/div><!-- #primary -->\n\t<\/section>\n\t\t\t\t\t<div class=\"lfdb-media-text-full-nested\">\n\t\t\t\t\n\t\n\t<div id=\"lfdb-media-text-block_5c014f9e51c60\" class=\"lfdb-media-text entry-content\">\n\t\t<div class=\"lfdb-media-text-flex invert nested\">\n\t\t\t<div id=\"lfdb-media-block_5c014f9e51c60\" class=\"lfdb-media\"\n\t\t\t\tstyle=\"\n\t\t\t\t\t\t\t\t\t\t\tbackground-color: #f6f6f6;\n\t\t\t\t\t\t\t\t\t\tbackground-image: url();\n\t\t\t\t\tbackground-position: center center;\n\t\t\t\t\tbackground-repeat: no-repeat;\n\t\t\t\t\tbackground-size: cover;\n\t\t\t\t\"\t\n\t\t\t>\n\t\t\t\t<img loading=\"lazy\" style=\"opacity: 0 !important;\" src=\"\" width=\"300\" height=\"300\"\/>\n\t\t\t<\/div><!-- lfdb-media -->\n\t\t\t<div id=\"lfdb-text-block_5c014f9e51c60\" class=\"lfdb-text\">\n\t\t\t\t<div class=\"lfdb-text-content\">\n\t\t\t\t\t\t\t\t\t\t\t<h2>Erosion and sedimentation<\/h2>\n\t\t\t\t\t\t\t\t\t\t\t\t\t\t\t\t<div class=\"lfdb-text-paragraphs\">\n\t\t\t\t\t\t\t<p>An appropriate management of both erosion and sedimentation starts with adequate conception of the trail and effective drainage. Namely construction of ditches, placement and number of culverts as well as bridging and good construction practices are elements to consider.<br \/>\nTaking into consideration the dynamic aspect of water drainage, the unpredictability of precipitations and spring thaw, erosion should be monitored closely. A thoughtful conception and constant surveillance are key to proper maintenance. <\/p>\n\t\t\t\t\t\t<\/div>\n\t\t\t\t\t\t\t\t\t\t\t\t\t\t<\/div><!-- lfdb-text-content -->\n\t\t\t<\/div><!-- lfdb-text -->\n\t\t<\/div><!-- lfdb-media-text-flex -->\n\t<\/div>\n\n\t\t\n\t\t\t<\/div><!-- lfdb-media-text-full-nested -->\n\t\t<section class=\"row no_padding_top_bottom\">\n\t\t<div class=\"content-area\">\n\t\t\t<main class=\"site-main\">\n\t\t\t\t<article class=\"hentry\">\n\t\t\t\t\t<div class=\"entry-content\">\n\t\t\t\n\t\n\n\t\n\t\t\t\t\t\t<\/div>\n\t\t\t\t<\/article><!-- #post-349 -->\n\t\t\t<\/main><!-- #main -->\n\t\t<\/div><!-- #primary -->\n\t<\/section>\n\t\t\t\t\t<div class=\"lfdb-media-text-full-nested\">\n\t\t\t\t\n\t\n\t<div id=\"lfdb-media-text-block_5c017235a19d9\" class=\"lfdb-media-text entry-content\">\n\t\t<div class=\"lfdb-media-text-flex  nested\">\n\t\t\t<div id=\"lfdb-media-block_5c017235a19d9\" class=\"lfdb-media\"\n\t\t\t\tstyle=\"\n\t\t\t\t\t\t\t\t\t\t\tbackground-color: #f6f6f6;\n\t\t\t\t\t\t\t\t\t\tbackground-image: url();\n\t\t\t\t\tbackground-position: center center;\n\t\t\t\t\tbackground-repeat: no-repeat;\n\t\t\t\t\tbackground-size: cover;\n\t\t\t\t\"\t\n\t\t\t>\n\t\t\t\t<img loading=\"lazy\" style=\"opacity: 0 !important;\" src=\"\" width=\"300\" height=\"300\"\/>\n\t\t\t<\/div><!-- lfdb-media -->\n\t\t\t<div id=\"lfdb-text-block_5c017235a19d9\" class=\"lfdb-text\">\n\t\t\t\t<div class=\"lfdb-text-content\">\n\t\t\t\t\t\t\t\t\t\t\t<h2>Soils and vegetation<\/h2>\n\t\t\t\t\t\t\t\t\t\t\t\t\t\t\t\t<div class=\"lfdb-text-paragraphs\">\n\t\t\t\t\t\t\t<p>Concentrating traffic and activities in the trails lessens soil compaction and the probabilities of fauna and flora destruction. It also reduces noticeable effects such as concentrate surface runoff, loss of vegetation cover and increase of bare grounds. (USDA, 1993) Where trails are abundant and well maintained, improvised trails should be scarcer if not absent. .<\/p>\n\t\t\t\t\t\t<\/div>\n\t\t\t\t\t\t\t\t\t\t\t\t\t\t<\/div><!-- lfdb-text-content -->\n\t\t\t<\/div><!-- lfdb-text -->\n\t\t<\/div><!-- lfdb-media-text-flex -->\n\t<\/div>\n\n\t\t\n\t\t\t<\/div><!-- lfdb-media-text-full-nested -->\n\t\t<section class=\"row no_padding_top_bottom\">\n\t\t<div class=\"content-area\">\n\t\t\t<main class=\"site-main\">\n\t\t\t\t<article class=\"hentry\">\n\t\t\t\t\t<div class=\"entry-content\">\n\t\t\t\n\t\n\n\t\n\t\t\t\t\t\t<\/div>\n\t\t\t\t<\/article><!-- #post-349 -->\n\t\t\t<\/main><!-- #main -->\n\t\t<\/div><!-- #primary -->\n\t<\/section>\n\t\t\t\t\t<div class=\"lfdb-media-text-full-nested\">\n\t\t\t\t\n\t\n\t<div id=\"lfdb-media-text-block_5c01725ea19da\" class=\"lfdb-media-text entry-content\">\n\t\t<div class=\"lfdb-media-text-flex invert nested\">\n\t\t\t<div id=\"lfdb-media-block_5c01725ea19da\" class=\"lfdb-media\"\n\t\t\t\tstyle=\"\n\t\t\t\t\t\t\t\t\t\t\tbackground-color: #f6f6f6;\n\t\t\t\t\t\t\t\t\t\tbackground-image: url();\n\t\t\t\t\tbackground-position: center center;\n\t\t\t\t\tbackground-repeat: no-repeat;\n\t\t\t\t\tbackground-size: cover;\n\t\t\t\t\"\t\n\t\t\t>\n\t\t\t\t<img loading=\"lazy\" style=\"opacity: 0 !important;\" src=\"\" width=\"300\" height=\"300\"\/>\n\t\t\t<\/div><!-- lfdb-media -->\n\t\t\t<div id=\"lfdb-text-block_5c01725ea19da\" class=\"lfdb-text\">\n\t\t\t\t<div class=\"lfdb-text-content\">\n\t\t\t\t\t\t\t\t\t\t\t<h2>Fauna<\/h2>\n\t\t\t\t\t\t\t\t\t\t\t\t\t\t\t\t<div class=\"lfdb-text-paragraphs\">\n\t\t\t\t\t\t\t<p>The impacts on the wildlife resemble those of the road networks, and their assessment can be made by inference with prior study results on know species in addition to natural history and seasonal distribution of the said species. (Gilbert 2003) The basic knowledge is very variable according to species.<\/p>\n\t\t\t\t\t\t<\/div>\n\t\t\t\t\t\t\t\t\t\t\t\t\t\t<\/div><!-- lfdb-text-content -->\n\t\t\t<\/div><!-- lfdb-text -->\n\t\t<\/div><!-- lfdb-media-text-flex -->\n\t<\/div>\n\n\t\t\n\t\t\t<\/div><!-- lfdb-media-text-full-nested -->\n\t\t<section class=\"row no_padding_top_bottom\">\n\t\t<div class=\"content-area\">\n\t\t\t<main class=\"site-main\">\n\t\t\t\t<article class=\"hentry\">\n\t\t\t\t\t<div class=\"entry-content\">\n\t\t\t\n\t\n\n\t\n\t\t\t\t\t\t<\/div>\n\t\t\t\t<\/article><!-- #post-349 -->\n\t\t\t<\/main><!-- #main -->\n\t\t<\/div><!-- #primary -->\n\t<\/section>\n\t\t\t\t\n\t\n\t<div id=\"lfdb-media-text-block_5c017926a19db\" class=\"lfdb-media-text entry-content\">\n\t\t<div class=\"lfdb-media-text-flex  \">\n\t\t\t<div id=\"lfdb-media-block_5c017926a19db\" class=\"lfdb-media\"\n\t\t\t\tstyle=\"\n\t\t\t\t\t\t\t\t\t\t\tbackground-color: #f6f6f6;\n\t\t\t\t\t\t\t\t\t\tbackground-image: url();\n\t\t\t\t\tbackground-position: center center;\n\t\t\t\t\tbackground-repeat: no-repeat;\n\t\t\t\t\tbackground-size: cover;\n\t\t\t\t\"\t\n\t\t\t>\n\t\t\t\t<img loading=\"lazy\" style=\"opacity: 0 !important;\" src=\"\" width=\"300\" height=\"300\"\/>\n\t\t\t<\/div><!-- lfdb-media -->\n\t\t\t<div id=\"lfdb-text-block_5c017926a19db\" class=\"lfdb-text\">\n\t\t\t\t<div class=\"lfdb-text-content\">\n\t\t\t\t\t\t\t\t\t\t\t<h2>Air<\/h2>\n\t\t\t\t\t\t\t\t\t\t\t\t\t\t\t\t<div class=\"lfdb-text-paragraphs\">\n\t\t\t\t\t\t\t<p>Generally, repercussions on air quality related to exhaust fumes are centered mostly along the trails due to the frequent passage of quads, rather than outside the track. Taking in account local conditions (soil content, topography, winds), using a marked trail will minimize the impact on local residents and surrounding areas.<\/p>\n<p>Using coarse material for the running surface decreases lifting of fine particles and therefore, exposition to particulate matter. Moreover, building trails on less rugged and clearer terrain cuts down on waiting time and idling while enabling a better dispersion of air contaminants.<\/p>\n<p>A wrongful use of the trails such as speeding is likely to emit more air contaminants and to affect visibility. In this regard, trail development should plan for few and short straight lines, as well as proper signage (ex: trail entry, acceleration zone). While raising awareness should be a priority, it is also adamant strict measures are adopted to limit speeding, thus reducing air pollution.<\/p>\n\t\t\t\t\t\t<\/div>\n\t\t\t\t\t\t\t\t\t\t\t\t\t\t<\/div><!-- lfdb-text-content -->\n\t\t\t<\/div><!-- lfdb-text -->\n\t\t<\/div><!-- lfdb-media-text-flex -->\n\t<\/div>\n\n\t\t\n\t\t<section class=\"row no_padding_top_bottom\">\n\t\t<div class=\"content-area\">\n\t\t\t<main class=\"site-main\">\n\t\t\t\t<article class=\"hentry\">\n\t\t\t\t\t<div class=\"entry-content\">\n\t\t\t\n\t\n\n\n<div style=\"height:50px\" aria-hidden=\"true\" class=\"wp-block-spacer\"><\/div>\n\n\n\n<h2>Recommandations<br><\/h2>\n\n\n\n<div class=\"wp-container-69e9e282c9be7 wp-block-columns has-2-columns\">\n<div class=\"wp-block-column\">\n<p>Due to the increasing popularity of ATVing, it becomes imperative to take measures to oversee upcoming developments. However, sound management can only take place if the correlation between recreative use and its impacts is well defined and understood. As for any expansion undertaking, loss of vegetation and habitat are unavoidable, rendering it even more imperative to make it a lasting and sustainable development.<\/p>\n<\/div>\n\n\n\n<div class=\"wp-block-column\">\n<p>It seems advisable to undertake a strategic environmental assessment regarding off-road vehicles to better identify specific environments that are or could be affected by upcoming initiatives.<\/p>\n\n\n\n<p>More insightful expertise could also be established by commanding additional environmental studies and follow-up of existing trails to pin-point impacts and elaborate the means to resolve or mitigate them.<\/p>\n<\/div>\n<\/div>\n\n\n\n<p class=\"citation\">Source: Desjardins Marketing Strat\u00e9gique, coll.: Tecsult Inc. Qu\u00e9bec, Ao\u00fbt 2004.<\/p>\n","protected":false},"excerpt":{"rendered":"<p>Because ATVing should take place with regards to the environment, every development activity is planned thoroughly according to the location, seasonal weather, the set objective and regulations in effect, in order to minimize the impact. To provide governance to member clubs in their trail expansion projects, the FQCQ relies on valued partnerships with the Fondation [&hellip;]<\/p>\n","protected":false},"author":6,"featured_media":0,"parent":0,"menu_order":9,"comment_status":"closed","ping_status":"closed","template":"","meta":[],"yoast_head":"<!-- This site is optimized with the Yoast SEO plugin v18.4.1 - https:\/\/yoast.com\/wordpress\/plugins\/seo\/ -->\n<title>ATV and the Environment - Qu\u00e9bequad<\/title>\n<meta name=\"robots\" content=\"index, follow, max-snippet:-1, max-image-preview:large, max-video-preview:-1\" \/>\n<link rel=\"canonical\" href=\"https:\/\/dev2.wp.fqcq.qc.ca\/en\/atv-and-the-environment\/\" \/>\n<meta property=\"og:locale\" content=\"en_US\" \/>\n<meta property=\"og:type\" content=\"article\" \/>\n<meta property=\"og:title\" content=\"ATV and the Environment - Qu\u00e9bequad\" \/>\n<meta property=\"og:description\" content=\"Because ATVing should take place with regards to the environment, every development activity is planned thoroughly according to the location, seasonal weather, the set objective and regulations in effect, in order to minimize the impact. To provide governance to member clubs in their trail expansion projects, the FQCQ relies on valued partnerships with the Fondation [&hellip;]\" \/>\n<meta property=\"og:url\" content=\"https:\/\/dev2.wp.fqcq.qc.ca\/en\/atv-and-the-environment\/\" \/>\n<meta property=\"og:site_name\" content=\"Qu\u00e9bequad\" \/>\n<meta property=\"article:modified_time\" content=\"2019-02-26T16:04:36+00:00\" \/>\n<meta name=\"twitter:card\" content=\"summary_large_image\" \/>\n<meta name=\"twitter:label1\" content=\"Est. reading time\" \/>\n\t<meta name=\"twitter:data1\" content=\"1 minute\" \/>\n<script type=\"application\/ld+json\" class=\"yoast-schema-graph\">{\"@context\":\"https:\/\/schema.org\",\"@graph\":[{\"@type\":\"WebSite\",\"@id\":\"https:\/\/dev2.wp.fqcq.qc.ca\/en\/#website\",\"url\":\"https:\/\/dev2.wp.fqcq.qc.ca\/en\/\",\"name\":\"Qu\u00e9bequad\",\"description\":\"F\u00e9d\u00e9ration Qu\u00e9becoise des Clubs de Quad\",\"potentialAction\":[{\"@type\":\"SearchAction\",\"target\":{\"@type\":\"EntryPoint\",\"urlTemplate\":\"https:\/\/dev2.wp.fqcq.qc.ca\/en\/?s={search_term_string}\"},\"query-input\":\"required name=search_term_string\"}],\"inLanguage\":\"en-CA\"},{\"@type\":\"WebPage\",\"@id\":\"https:\/\/dev2.wp.fqcq.qc.ca\/en\/atv-and-the-environment\/#webpage\",\"url\":\"https:\/\/dev2.wp.fqcq.qc.ca\/en\/atv-and-the-environment\/\",\"name\":\"ATV and the Environment - Qu\u00e9bequad\",\"isPartOf\":{\"@id\":\"https:\/\/dev2.wp.fqcq.qc.ca\/en\/#website\"},\"datePublished\":\"2014-02-04T02:58:35+00:00\",\"dateModified\":\"2019-02-26T16:04:36+00:00\",\"breadcrumb\":{\"@id\":\"https:\/\/dev2.wp.fqcq.qc.ca\/en\/atv-and-the-environment\/#breadcrumb\"},\"inLanguage\":\"en-CA\",\"potentialAction\":[{\"@type\":\"ReadAction\",\"target\":[\"https:\/\/dev2.wp.fqcq.qc.ca\/en\/atv-and-the-environment\/\"]}]},{\"@type\":\"BreadcrumbList\",\"@id\":\"https:\/\/dev2.wp.fqcq.qc.ca\/en\/atv-and-the-environment\/#breadcrumb\",\"itemListElement\":[{\"@type\":\"ListItem\",\"position\":1,\"name\":\"ATV and the Environment\"}]}]}<\/script>\n<!-- \/ Yoast SEO plugin. -->","yoast_head_json":{"title":"ATV and the Environment - Qu\u00e9bequad","robots":{"index":"index","follow":"follow","max-snippet":"max-snippet:-1","max-image-preview":"max-image-preview:large","max-video-preview":"max-video-preview:-1"},"canonical":"https:\/\/dev2.wp.fqcq.qc.ca\/en\/atv-and-the-environment\/","og_locale":"en_US","og_type":"article","og_title":"ATV and the Environment - Qu\u00e9bequad","og_description":"Because ATVing should take place with regards to the environment, every development activity is planned thoroughly according to the location, seasonal weather, the set objective and regulations in effect, in order to minimize the impact. To provide governance to member clubs in their trail expansion projects, the FQCQ relies on valued partnerships with the Fondation [&hellip;]","og_url":"https:\/\/dev2.wp.fqcq.qc.ca\/en\/atv-and-the-environment\/","og_site_name":"Qu\u00e9bequad","article_modified_time":"2019-02-26T16:04:36+00:00","twitter_card":"summary_large_image","twitter_misc":{"Est. reading time":"1 minute"},"schema":{"@context":"https:\/\/schema.org","@graph":[{"@type":"WebSite","@id":"https:\/\/dev2.wp.fqcq.qc.ca\/en\/#website","url":"https:\/\/dev2.wp.fqcq.qc.ca\/en\/","name":"Qu\u00e9bequad","description":"F\u00e9d\u00e9ration Qu\u00e9becoise des Clubs de Quad","potentialAction":[{"@type":"SearchAction","target":{"@type":"EntryPoint","urlTemplate":"https:\/\/dev2.wp.fqcq.qc.ca\/en\/?s={search_term_string}"},"query-input":"required name=search_term_string"}],"inLanguage":"en-CA"},{"@type":"WebPage","@id":"https:\/\/dev2.wp.fqcq.qc.ca\/en\/atv-and-the-environment\/#webpage","url":"https:\/\/dev2.wp.fqcq.qc.ca\/en\/atv-and-the-environment\/","name":"ATV and the Environment - Qu\u00e9bequad","isPartOf":{"@id":"https:\/\/dev2.wp.fqcq.qc.ca\/en\/#website"},"datePublished":"2014-02-04T02:58:35+00:00","dateModified":"2019-02-26T16:04:36+00:00","breadcrumb":{"@id":"https:\/\/dev2.wp.fqcq.qc.ca\/en\/atv-and-the-environment\/#breadcrumb"},"inLanguage":"en-CA","potentialAction":[{"@type":"ReadAction","target":["https:\/\/dev2.wp.fqcq.qc.ca\/en\/atv-and-the-environment\/"]}]},{"@type":"BreadcrumbList","@id":"https:\/\/dev2.wp.fqcq.qc.ca\/en\/atv-and-the-environment\/#breadcrumb","itemListElement":[{"@type":"ListItem","position":1,"name":"ATV and the Environment"}]}]}},"featured_image_src":null,"featured_image_src_square":null,"acf":[],"_links":{"self":[{"href":"https:\/\/dev2.wp.fqcq.qc.ca\/en\/wp-json\/wp\/v2\/pages\/556"}],"collection":[{"href":"https:\/\/dev2.wp.fqcq.qc.ca\/en\/wp-json\/wp\/v2\/pages"}],"about":[{"href":"https:\/\/dev2.wp.fqcq.qc.ca\/en\/wp-json\/wp\/v2\/types\/page"}],"author":[{"embeddable":true,"href":"https:\/\/dev2.wp.fqcq.qc.ca\/en\/wp-json\/wp\/v2\/users\/6"}],"replies":[{"embeddable":true,"href":"https:\/\/dev2.wp.fqcq.qc.ca\/en\/wp-json\/wp\/v2\/comments?post=556"}],"version-history":[{"count":0,"href":"https:\/\/dev2.wp.fqcq.qc.ca\/en\/wp-json\/wp\/v2\/pages\/556\/revisions"}],"wp:attachment":[{"href":"https:\/\/dev2.wp.fqcq.qc.ca\/en\/wp-json\/wp\/v2\/media?parent=556"}],"curies":[{"name":"wp","href":"https:\/\/api.w.org\/{rel}","templated":true}]}}