{"id":558,"date":"2014-02-03T21:59:36","date_gmt":"2014-02-04T02:59:36","guid":{"rendered":"http:\/\/www.dev2.wp.fqcq.qc.ca\/?page_id=558"},"modified":"2018-12-17T14:38:18","modified_gmt":"2018-12-17T19:38:18","slug":"partenaires","status":"publish","type":"page","link":"https:\/\/dev2.wp.fqcq.qc.ca\/en\/partenaires\/","title":{"rendered":"Partners"},"content":{"rendered":"\t\n\t<div class=\"wrapper-fqcq-galerie\">\n\t    <ul id=\"fqcq-galerie-block_5c17db356d5c3\" class=\"fqcq-galerie caption-false contain-true bordures-true\">\n\t        \t            <li class=\"fqcq-galerie-item\">\n\t            \t<figure>\n\t            \t\t<div class=\"fig-image\">\n\t\t            \t\t\n\t\t            \t\t\t\t            \t\t\n\t\t            \t\t\t\t\t\t\t\t\t\t\n\t\t\t\t\t\t\t\t\t\t\t\t\t<\/div>\n\t\t\t\t\t\t\t            \t<\/figure>\n\t            <\/li>\n\t        \t            <li class=\"fqcq-galerie-item\">\n\t            \t<figure>\n\t            \t\t<div class=\"fig-image\">\n\t\t            \t\t\n\t\t            \t\t\t\t            \t\t\n\t\t            \t\t\t\t\t\t\t\t\t\t\n\t\t\t\t\t\t\t\t\t\t\t\t\t<\/div>\n\t\t\t\t\t\t\t            \t<\/figure>\n\t            <\/li>\n\t        \t            <li class=\"fqcq-galerie-item\">\n\t            \t<figure>\n\t            \t\t<div class=\"fig-image\">\n\t\t            \t\t\n\t\t            \t\t\t\t            \t\t\n\t\t            \t\t\t\t\t\t\t\t\t\t\n\t\t\t\t\t\t\t\t\t\t\t\t\t<\/div>\n\t\t\t\t\t\t\t            \t<\/figure>\n\t            <\/li>\n\t        \t            <li class=\"fqcq-galerie-item\">\n\t            \t<figure>\n\t            \t\t<div class=\"fig-image\">\n\t\t            \t\t\n\t\t            \t\t\t\t            \t\t\n\t\t            \t\t\t\t\t\t\t\t\t\t\n\t\t\t\t\t\t\t\t\t\t\t\t\t<\/div>\n\t\t\t\t\t\t\t            \t<\/figure>\n\t            <\/li>\n\t        \t            <li class=\"fqcq-galerie-item\">\n\t            \t<figure>\n\t            \t\t<div class=\"fig-image\">\n\t\t            \t\t\n\t\t            \t\t\t\t            \t\t\n\t\t            \t\t\t\t\t\t\t\t\t\t\n\t\t\t\t\t\t\t\t\t\t\t\t\t<\/div>\n\t\t\t\t\t\t\t            \t<\/figure>\n\t            <\/li>\n\t        \t            <li class=\"fqcq-galerie-item\">\n\t            \t<figure>\n\t            \t\t<div class=\"fig-image\">\n\t\t            \t\t\n\t\t            \t\t\t\t            \t\t\n\t\t            \t\t\t\t\t\t\t\t\t\t\n\t\t\t\t\t\t\t\t\t\t\t\t\t<\/div>\n\t\t\t\t\t\t\t            \t<\/figure>\n\t            <\/li>\n\t        \t            <li class=\"fqcq-galerie-item\">\n\t            \t<figure>\n\t            \t\t<div class=\"fig-image\">\n\t\t            \t\t\n\t\t            \t\t\t\t            \t\t\n\t\t            \t\t\t\t\t\t\t\t\t\t\n\t\t\t\t\t\t\t\t\t\t\t\t\t<\/div>\n\t\t\t\t\t\t\t            \t<\/figure>\n\t            <\/li>\n\t        \t            <li class=\"fqcq-galerie-item\">\n\t            \t<figure>\n\t            \t\t<div class=\"fig-image\">\n\t\t            \t\t\n\t\t            \t\t\t\t            \t\t\n\t\t            \t\t\t\t\t\t\t\t\t\t\n\t\t\t\t\t\t\t\t\t\t\t\t\t<\/div>\n\t\t\t\t\t\t\t            \t<\/figure>\n\t            <\/li>\n\t        \t            <li class=\"fqcq-galerie-item\">\n\t            \t<figure>\n\t            \t\t<div class=\"fig-image\">\n\t\t            \t\t\n\t\t            \t\t\t\t            \t\t\n\t\t            \t\t\t\t\t\t\t\t\t\t\n\t\t\t\t\t\t\t\t\t\t\t\t\t<\/div>\n\t\t\t\t\t\t\t            \t<\/figure>\n\t            <\/li>\n\t        \t            <li class=\"fqcq-galerie-item\">\n\t            \t<figure>\n\t            \t\t<div class=\"fig-image\">\n\t\t            \t\t\n\t\t            \t\t\t\t            \t\t\n\t\t            \t\t\t\t\t\t\t\t\t\t\n\t\t\t\t\t\t\t\t\t\t\t\t\t<\/div>\n\t\t\t\t\t\t\t            \t<\/figure>\n\t            <\/li>\n\t        \t            <li class=\"fqcq-galerie-item\">\n\t            \t<figure>\n\t            \t\t<div class=\"fig-image\">\n\t\t            \t\t\n\t\t            \t\t\t\t            \t\t\n\t\t            \t\t\t\t\t\t\t\t\t\t\n\t\t\t\t\t\t\t\t\t\t\t\t\t<\/div>\n\t\t\t\t\t\t\t            \t<\/figure>\n\t            <\/li>\n\t        \t            <li class=\"fqcq-galerie-item\">\n\t            \t<figure>\n\t            \t\t<div class=\"fig-image\">\n\t\t            \t\t\n\t\t            \t\t\t\t            \t\t\n\t\t            \t\t\t\t\t\t\t\t\t\t\n\t\t\t\t\t\t\t\t\t\t\t\t\t<\/div>\n\t\t\t\t\t\t\t            \t<\/figure>\n\t            <\/li>\n\t        \t            <li class=\"fqcq-galerie-item\">\n\t            \t<figure>\n\t            \t\t<div class=\"fig-image\">\n\t\t            \t\t\n\t\t            \t\t\t\t            \t\t\n\t\t            \t\t\t\t\t\t\t\t\t\t\n\t\t\t\t\t\t\t\t\t\t\t\t\t<\/div>\n\t\t\t\t\t\t\t            \t<\/figure>\n\t            <\/li>\n\t        \t            <li class=\"fqcq-galerie-item\">\n\t            \t<figure>\n\t            \t\t<div class=\"fig-image\">\n\t\t            \t\t\n\t\t            \t\t\t\t            \t\t\n\t\t            \t\t\t\t\t\t\t\t\t\t\n\t\t\t\t\t\t\t\t\t\t\t\t\t<\/div>\n\t\t\t\t\t\t\t            \t<\/figure>\n\t            <\/li>\n\t        \t            <li class=\"fqcq-galerie-item\">\n\t            \t<figure>\n\t            \t\t<div class=\"fig-image\">\n\t\t            \t\t\n\t\t            \t\t\t\t            \t\t\n\t\t            \t\t\t\t\t\t\t\t\t\t\n\t\t\t\t\t\t\t\t\t\t\t\t\t<\/div>\n\t\t\t\t\t\t\t            \t<\/figure>\n\t            <\/li>\n\t        \t            <li class=\"fqcq-galerie-item\">\n\t            \t<figure>\n\t            \t\t<div class=\"fig-image\">\n\t\t            \t\t\n\t\t            \t\t\t\t            \t\t\n\t\t            \t\t\t\t\t\t\t\t\t\t\n\t\t\t\t\t\t\t\t\t\t\t\t\t<\/div>\n\t\t\t\t\t\t\t            \t<\/figure>\n\t            <\/li>\n\t        \t            <li class=\"fqcq-galerie-item\">\n\t            \t<figure>\n\t            \t\t<div class=\"fig-image\">\n\t\t            \t\t\n\t\t            \t\t\t\t            \t\t\n\t\t            \t\t\t\t\t\t\t\t\t\t\n\t\t\t\t\t\t\t\t\t\t\t\t\t<\/div>\n\t\t\t\t\t\t\t            \t<\/figure>\n\t            <\/li>\n\t        \t            <li class=\"fqcq-galerie-item\">\n\t            \t<figure>\n\t            \t\t<div class=\"fig-image\">\n\t\t            \t\t\n\t\t            \t\t\t\t            \t\t\n\t\t            \t\t\t\t\t\t\t\t\t\t\n\t\t\t\t\t\t\t\t\t\t\t\t\t<\/div>\n\t\t\t\t\t\t\t            \t<\/figure>\n\t            <\/li>\n\t        \t            <li class=\"fqcq-galerie-item\">\n\t            \t<figure>\n\t            \t\t<div class=\"fig-image\">\n\t\t            \t\t\n\t\t            \t\t\t\t            \t\t\n\t\t            \t\t\t\t\t\t\t\t\t\t\n\t\t\t\t\t\t\t\t\t\t\t\t\t<\/div>\n\t\t\t\t\t\t\t            \t<\/figure>\n\t            <\/li>\n\t        \t    <\/ul>\n\t<\/div>\n\t","protected":false},"excerpt":{"rendered":"","protected":false},"author":6,"featured_media":0,"parent":0,"menu_order":11,"comment_status":"closed","ping_status":"closed","template":"","meta":[],"yoast_head":"<!-- This site is optimized with the Yoast SEO plugin v18.4.1 - https:\/\/yoast.com\/wordpress\/plugins\/seo\/ -->\n<title>Partners - Qu\u00e9bequad<\/title>\n<meta name=\"robots\" content=\"index, follow, max-snippet:-1, max-image-preview:large, max-video-preview:-1\" \/>\n<link rel=\"canonical\" href=\"https:\/\/dev2.wp.fqcq.qc.ca\/en\/partenaires\/\" \/>\n<meta property=\"og:locale\" content=\"en_US\" \/>\n<meta property=\"og:type\" content=\"article\" \/>\n<meta property=\"og:title\" content=\"Partners - Qu\u00e9bequad\" \/>\n<meta property=\"og:url\" content=\"https:\/\/dev2.wp.fqcq.qc.ca\/en\/partenaires\/\" \/>\n<meta property=\"og:site_name\" content=\"Qu\u00e9bequad\" \/>\n<meta property=\"article:modified_time\" content=\"2018-12-17T19:38:18+00:00\" \/>\n<meta name=\"twitter:card\" content=\"summary_large_image\" \/>\n<script type=\"application\/ld+json\" class=\"yoast-schema-graph\">{\"@context\":\"https:\/\/schema.org\",\"@graph\":[{\"@type\":\"WebSite\",\"@id\":\"https:\/\/dev2.wp.fqcq.qc.ca\/en\/#website\",\"url\":\"https:\/\/dev2.wp.fqcq.qc.ca\/en\/\",\"name\":\"Qu\u00e9bequad\",\"description\":\"F\u00e9d\u00e9ration Qu\u00e9becoise des Clubs de Quad\",\"potentialAction\":[{\"@type\":\"SearchAction\",\"target\":{\"@type\":\"EntryPoint\",\"urlTemplate\":\"https:\/\/dev2.wp.fqcq.qc.ca\/en\/?s={search_term_string}\"},\"query-input\":\"required name=search_term_string\"}],\"inLanguage\":\"en-CA\"},{\"@type\":\"WebPage\",\"@id\":\"https:\/\/dev2.wp.fqcq.qc.ca\/en\/partenaires\/#webpage\",\"url\":\"https:\/\/dev2.wp.fqcq.qc.ca\/en\/partenaires\/\",\"name\":\"Partners - Qu\u00e9bequad\",\"isPartOf\":{\"@id\":\"https:\/\/dev2.wp.fqcq.qc.ca\/en\/#website\"},\"datePublished\":\"2014-02-04T02:59:36+00:00\",\"dateModified\":\"2018-12-17T19:38:18+00:00\",\"breadcrumb\":{\"@id\":\"https:\/\/dev2.wp.fqcq.qc.ca\/en\/partenaires\/#breadcrumb\"},\"inLanguage\":\"en-CA\",\"potentialAction\":[{\"@type\":\"ReadAction\",\"target\":[\"https:\/\/dev2.wp.fqcq.qc.ca\/en\/partenaires\/\"]}]},{\"@type\":\"BreadcrumbList\",\"@id\":\"https:\/\/dev2.wp.fqcq.qc.ca\/en\/partenaires\/#breadcrumb\",\"itemListElement\":[{\"@type\":\"ListItem\",\"position\":1,\"name\":\"Partners\"}]}]}<\/script>\n<!-- \/ Yoast SEO plugin. -->","yoast_head_json":{"title":"Partners - Qu\u00e9bequad","robots":{"index":"index","follow":"follow","max-snippet":"max-snippet:-1","max-image-preview":"max-image-preview:large","max-video-preview":"max-video-preview:-1"},"canonical":"https:\/\/dev2.wp.fqcq.qc.ca\/en\/partenaires\/","og_locale":"en_US","og_type":"article","og_title":"Partners - Qu\u00e9bequad","og_url":"https:\/\/dev2.wp.fqcq.qc.ca\/en\/partenaires\/","og_site_name":"Qu\u00e9bequad","article_modified_time":"2018-12-17T19:38:18+00:00","twitter_card":"summary_large_image","schema":{"@context":"https:\/\/schema.org","@graph":[{"@type":"WebSite","@id":"https:\/\/dev2.wp.fqcq.qc.ca\/en\/#website","url":"https:\/\/dev2.wp.fqcq.qc.ca\/en\/","name":"Qu\u00e9bequad","description":"F\u00e9d\u00e9ration Qu\u00e9becoise des Clubs de Quad","potentialAction":[{"@type":"SearchAction","target":{"@type":"EntryPoint","urlTemplate":"https:\/\/dev2.wp.fqcq.qc.ca\/en\/?s={search_term_string}"},"query-input":"required name=search_term_string"}],"inLanguage":"en-CA"},{"@type":"WebPage","@id":"https:\/\/dev2.wp.fqcq.qc.ca\/en\/partenaires\/#webpage","url":"https:\/\/dev2.wp.fqcq.qc.ca\/en\/partenaires\/","name":"Partners - Qu\u00e9bequad","isPartOf":{"@id":"https:\/\/dev2.wp.fqcq.qc.ca\/en\/#website"},"datePublished":"2014-02-04T02:59:36+00:00","dateModified":"2018-12-17T19:38:18+00:00","breadcrumb":{"@id":"https:\/\/dev2.wp.fqcq.qc.ca\/en\/partenaires\/#breadcrumb"},"inLanguage":"en-CA","potentialAction":[{"@type":"ReadAction","target":["https:\/\/dev2.wp.fqcq.qc.ca\/en\/partenaires\/"]}]},{"@type":"BreadcrumbList","@id":"https:\/\/dev2.wp.fqcq.qc.ca\/en\/partenaires\/#breadcrumb","itemListElement":[{"@type":"ListItem","position":1,"name":"Partners"}]}]}},"featured_image_src":null,"featured_image_src_square":null,"acf":[],"_links":{"self":[{"href":"https:\/\/dev2.wp.fqcq.qc.ca\/en\/wp-json\/wp\/v2\/pages\/558"}],"collection":[{"href":"https:\/\/dev2.wp.fqcq.qc.ca\/en\/wp-json\/wp\/v2\/pages"}],"about":[{"href":"https:\/\/dev2.wp.fqcq.qc.ca\/en\/wp-json\/wp\/v2\/types\/page"}],"author":[{"embeddable":true,"href":"https:\/\/dev2.wp.fqcq.qc.ca\/en\/wp-json\/wp\/v2\/users\/6"}],"replies":[{"embeddable":true,"href":"https:\/\/dev2.wp.fqcq.qc.ca\/en\/wp-json\/wp\/v2\/comments?post=558"}],"version-history":[{"count":0,"href":"https:\/\/dev2.wp.fqcq.qc.ca\/en\/wp-json\/wp\/v2\/pages\/558\/revisions"}],"wp:attachment":[{"href":"https:\/\/dev2.wp.fqcq.qc.ca\/en\/wp-json\/wp\/v2\/media?parent=558"}],"curies":[{"name":"wp","href":"https:\/\/api.w.org\/{rel}","templated":true}]}}