{"id":561,"date":"2014-02-03T21:59:59","date_gmt":"2014-02-04T02:59:59","guid":{"rendered":"http:\/\/www.dev2.wp.fqcq.qc.ca\/?page_id=561"},"modified":"2019-01-08T18:15:12","modified_gmt":"2019-01-08T23:15:12","slug":"technological-partners","status":"publish","type":"page","link":"https:\/\/dev2.wp.fqcq.qc.ca\/en\/technological-partners\/","title":{"rendered":"Technological partners"},"content":{"rendered":"\n<h2 style=\"text-align:left\">Conception of Mobile Applications and Websites<\/h2>\n\n\n\t\n\t\t\n\t\n\t<div id=\"lfdb-media-text-block_5c352db5a3649\" class=\"lfdb-media-text entry-content\">\n\t\t<div class=\"lfdb-media-text-flex  \">\n\t\t\t<div id=\"lfdb-media-block_5c352db5a3649\" class=\"lfdb-media\"\n\t\t\t\tstyle=\"\n\t\t\t\t\t\t\t\t\t\t\tbackground-color: #ffffff;\n\t\t\t\t\t\t\t\t\t\tbackground-image: url();\n\t\t\t\t\tbackground-position: center center;\n\t\t\t\t\tbackground-repeat: no-repeat;\n\t\t\t\t\tbackground-size: contain;\n\t\t\t\t\"\t\n\t\t\t>\n\t\t\t\t<img loading=\"lazy\" style=\"opacity: 0 !important;\" src=\"\" width=\"300\" height=\"300\"\/>\n\t\t\t<\/div><!-- lfdb-media -->\n\t\t\t<div id=\"lfdb-text-block_5c352db5a3649\" class=\"lfdb-text\">\n\t\t\t\t<div class=\"lfdb-text-content\">\n\t\t\t\t\t\t\t\t\t\t\t\t\t\t\t\t<div class=\"lfdb-text-paragraphs\">\n\t\t\t\t\t\t\t<p>We wish to thank the APPCOM team for their exceptional work in Mobile Application Conception and <b>Website Development<\/b>. We worked in cooperation with <b>APPCOM<\/b> for the conception of our new <b>website<\/b> and our <b>mobile application<\/b>.<\/p>\n<p>APPCOM knew exactly how to analyze the needs of the FQCQ and deliver a user-friendly product shaped to our image.<\/p>\n\t\t\t\t\t\t<\/div>\n\t\t\t\t\t\t\t\t\t\t\t\t\t\t<\/div><!-- lfdb-text-content -->\n\t\t\t<\/div><!-- lfdb-text -->\n\t\t<\/div><!-- lfdb-media-text-flex -->\n\t<\/div>\n\n\t\t\t\n\t","protected":false},"excerpt":{"rendered":"<p>Conception of Mobile Applications and Websites<\/p>\n","protected":false},"author":6,"featured_media":0,"parent":0,"menu_order":12,"comment_status":"closed","ping_status":"closed","template":"","meta":[],"yoast_head":"<!-- This site is optimized with the Yoast SEO plugin v18.4.1 - https:\/\/yoast.com\/wordpress\/plugins\/seo\/ -->\n<title>Technological partners - Qu\u00e9bequad<\/title>\n<meta name=\"robots\" content=\"index, follow, max-snippet:-1, max-image-preview:large, max-video-preview:-1\" \/>\n<link rel=\"canonical\" href=\"https:\/\/dev2.wp.fqcq.qc.ca\/en\/technological-partners\/\" \/>\n<meta property=\"og:locale\" content=\"en_US\" \/>\n<meta property=\"og:type\" content=\"article\" \/>\n<meta property=\"og:title\" content=\"Technological partners - Qu\u00e9bequad\" \/>\n<meta property=\"og:description\" content=\"Conception of Mobile Applications and Websites\" \/>\n<meta property=\"og:url\" content=\"https:\/\/dev2.wp.fqcq.qc.ca\/en\/technological-partners\/\" \/>\n<meta property=\"og:site_name\" content=\"Qu\u00e9bequad\" \/>\n<meta property=\"article:modified_time\" content=\"2019-01-08T23:15:12+00:00\" \/>\n<meta name=\"twitter:card\" content=\"summary_large_image\" \/>\n<script type=\"application\/ld+json\" class=\"yoast-schema-graph\">{\"@context\":\"https:\/\/schema.org\",\"@graph\":[{\"@type\":\"WebSite\",\"@id\":\"https:\/\/dev2.wp.fqcq.qc.ca\/en\/#website\",\"url\":\"https:\/\/dev2.wp.fqcq.qc.ca\/en\/\",\"name\":\"Qu\u00e9bequad\",\"description\":\"F\u00e9d\u00e9ration Qu\u00e9becoise des Clubs de Quad\",\"potentialAction\":[{\"@type\":\"SearchAction\",\"target\":{\"@type\":\"EntryPoint\",\"urlTemplate\":\"https:\/\/dev2.wp.fqcq.qc.ca\/en\/?s={search_term_string}\"},\"query-input\":\"required name=search_term_string\"}],\"inLanguage\":\"en-CA\"},{\"@type\":\"WebPage\",\"@id\":\"https:\/\/dev2.wp.fqcq.qc.ca\/en\/technological-partners\/#webpage\",\"url\":\"https:\/\/dev2.wp.fqcq.qc.ca\/en\/technological-partners\/\",\"name\":\"Technological partners - Qu\u00e9bequad\",\"isPartOf\":{\"@id\":\"https:\/\/dev2.wp.fqcq.qc.ca\/en\/#website\"},\"datePublished\":\"2014-02-04T02:59:59+00:00\",\"dateModified\":\"2019-01-08T23:15:12+00:00\",\"breadcrumb\":{\"@id\":\"https:\/\/dev2.wp.fqcq.qc.ca\/en\/technological-partners\/#breadcrumb\"},\"inLanguage\":\"en-CA\",\"potentialAction\":[{\"@type\":\"ReadAction\",\"target\":[\"https:\/\/dev2.wp.fqcq.qc.ca\/en\/technological-partners\/\"]}]},{\"@type\":\"BreadcrumbList\",\"@id\":\"https:\/\/dev2.wp.fqcq.qc.ca\/en\/technological-partners\/#breadcrumb\",\"itemListElement\":[{\"@type\":\"ListItem\",\"position\":1,\"name\":\"Technological partners\"}]}]}<\/script>\n<!-- \/ Yoast SEO plugin. -->","yoast_head_json":{"title":"Technological partners - Qu\u00e9bequad","robots":{"index":"index","follow":"follow","max-snippet":"max-snippet:-1","max-image-preview":"max-image-preview:large","max-video-preview":"max-video-preview:-1"},"canonical":"https:\/\/dev2.wp.fqcq.qc.ca\/en\/technological-partners\/","og_locale":"en_US","og_type":"article","og_title":"Technological partners - Qu\u00e9bequad","og_description":"Conception of Mobile Applications and Websites","og_url":"https:\/\/dev2.wp.fqcq.qc.ca\/en\/technological-partners\/","og_site_name":"Qu\u00e9bequad","article_modified_time":"2019-01-08T23:15:12+00:00","twitter_card":"summary_large_image","schema":{"@context":"https:\/\/schema.org","@graph":[{"@type":"WebSite","@id":"https:\/\/dev2.wp.fqcq.qc.ca\/en\/#website","url":"https:\/\/dev2.wp.fqcq.qc.ca\/en\/","name":"Qu\u00e9bequad","description":"F\u00e9d\u00e9ration Qu\u00e9becoise des Clubs de Quad","potentialAction":[{"@type":"SearchAction","target":{"@type":"EntryPoint","urlTemplate":"https:\/\/dev2.wp.fqcq.qc.ca\/en\/?s={search_term_string}"},"query-input":"required name=search_term_string"}],"inLanguage":"en-CA"},{"@type":"WebPage","@id":"https:\/\/dev2.wp.fqcq.qc.ca\/en\/technological-partners\/#webpage","url":"https:\/\/dev2.wp.fqcq.qc.ca\/en\/technological-partners\/","name":"Technological partners - Qu\u00e9bequad","isPartOf":{"@id":"https:\/\/dev2.wp.fqcq.qc.ca\/en\/#website"},"datePublished":"2014-02-04T02:59:59+00:00","dateModified":"2019-01-08T23:15:12+00:00","breadcrumb":{"@id":"https:\/\/dev2.wp.fqcq.qc.ca\/en\/technological-partners\/#breadcrumb"},"inLanguage":"en-CA","potentialAction":[{"@type":"ReadAction","target":["https:\/\/dev2.wp.fqcq.qc.ca\/en\/technological-partners\/"]}]},{"@type":"BreadcrumbList","@id":"https:\/\/dev2.wp.fqcq.qc.ca\/en\/technological-partners\/#breadcrumb","itemListElement":[{"@type":"ListItem","position":1,"name":"Technological partners"}]}]}},"featured_image_src":null,"featured_image_src_square":null,"acf":[],"_links":{"self":[{"href":"https:\/\/dev2.wp.fqcq.qc.ca\/en\/wp-json\/wp\/v2\/pages\/561"}],"collection":[{"href":"https:\/\/dev2.wp.fqcq.qc.ca\/en\/wp-json\/wp\/v2\/pages"}],"about":[{"href":"https:\/\/dev2.wp.fqcq.qc.ca\/en\/wp-json\/wp\/v2\/types\/page"}],"author":[{"embeddable":true,"href":"https:\/\/dev2.wp.fqcq.qc.ca\/en\/wp-json\/wp\/v2\/users\/6"}],"replies":[{"embeddable":true,"href":"https:\/\/dev2.wp.fqcq.qc.ca\/en\/wp-json\/wp\/v2\/comments?post=561"}],"version-history":[{"count":0,"href":"https:\/\/dev2.wp.fqcq.qc.ca\/en\/wp-json\/wp\/v2\/pages\/561\/revisions"}],"wp:attachment":[{"href":"https:\/\/dev2.wp.fqcq.qc.ca\/en\/wp-json\/wp\/v2\/media?parent=561"}],"curies":[{"name":"wp","href":"https:\/\/api.w.org\/{rel}","templated":true}]}}