{"id":564,"date":"2014-02-06T11:46:23","date_gmt":"2014-02-06T16:46:23","guid":{"rendered":"http:\/\/www.dev2.wp.fqcq.qc.ca\/?page_id=564"},"modified":"2019-02-18T15:12:57","modified_gmt":"2019-02-18T20:12:57","slug":"useful-links","status":"publish","type":"page","link":"https:\/\/dev2.wp.fqcq.qc.ca\/en\/useful-links\/","title":{"rendered":"Useful links"},"content":{"rendered":"\n<p>Useful information about other Federations, regions, lodging and more<\/p>\n\n\n\n<ul><li><a rel=\"noopener\" href=\"http:\/\/www.atvbc.ca\/\" target=\"_blank\">www.atvbc.ca<\/a> (British Columbia Federation)<\/li><li><a rel=\"noopener\" href=\"http:\/\/www.ofatv.com\/\" target=\"_blank\">www.ofatv.com<\/a> (Ontario Federation)<\/li><li><a rel=\"noopener\" href=\"http:\/\/www.nbatving.com\/\" target=\"_blank\">www.nbatving.com<\/a> (New Brunswick Federation)<\/li><li><a href=\"http:\/\/www.atvans.org\/\">www.atvans.org<\/a> (Nova Scotia Federation)<\/li><li><a rel=\"noopener\" href=\"http:\/\/www.atvmb.ca\/\" target=\"_blank\">www.atvmb.ca<\/a> (Manitoba Federation)<\/li><\/ul>\n\n\n\n<h3>Regional website for the Centre-du-Qu\u00e9bec area<br><\/h3>\n\n\n\n<ul><li><a href=\"http:\/\/www.tourismecentreduquebec.com\/en\/category\/atv.aspx\">http:\/\/www.tourismecentreduquebec.com\/en\/category\/atv.aspx<\/a><\/li><\/ul>\n\n\n\n<h3>Other links:<\/h3>\n\n\n\n<ul><li><a href=\"http:\/\/www.youtube.com\/raqclpv\">www.youtube.com\/raqclpv<\/a><\/li><li><a href=\"http:\/\/www.benevolesquebec.com\/\">www.benevolesquebec.com<\/a><\/li><li><a href=\"http:\/\/www.actu-quad.com\/\">www.actu-quad.com<\/a><\/li><li>B\u00e9tonel: <a href=\"http:\/\/www.betonel.com\/\">www.betonel.com<\/a><\/li><li>Air M\u00e9dic: <a href=\"http:\/\/www.airmedic.net\/\">www.airmedic.net<\/a><\/li><li>ATV races: <a href=\"http:\/\/www.coursesvtt.qc.ca\/\">www.coursesvtt.qc.ca<\/a><\/li><\/ul>\n\n\n\n<p class=\"callout\">Practical information available from the Insurance Bureau of Canada website describing scenarios where the SAAQ could provide compensation for an off-road vehicle implicated in a collision.<br><a href=\"http:\/\/www.infoassurance.ca\/fr\/vehicule\/hors-route\/assurer\/choisir-assurance\/\">http:\/\/www.infoassurance.ca\/fr\/vehicule\/hors-route\/assurer\/choisir-assurance\/<\/a><\/p>\n\n\n\n<h3>On sale now!<\/h3>\n\n\n\n<p>TRAK CD of the trail networks in Qu\u00e9bec<br>Compatible with Garmin GPS<br>Sold by the FQCQ at 514-252-3050, ext. 2226<br>And by TRAK at: <a href=\"http:\/\/www.trakmaps.com\">www.trakmaps.com<\/a><br><\/p>\n","protected":false},"excerpt":{"rendered":"<p>Useful information about other Federations, regions, lodging and more www.atvbc.ca (British Columbia Federation) www.ofatv.com (Ontario Federation) www.nbatving.com (New Brunswick Federation) www.atvans.org (Nova Scotia Federation) www.atvmb.ca (Manitoba Federation) Regional website for the Centre-du-Qu\u00e9bec area http:\/\/www.tourismecentreduquebec.com\/en\/category\/atv.aspx Other links: www.youtube.com\/raqclpv www.benevolesquebec.com www.actu-quad.com B\u00e9tonel: www.betonel.com Air M\u00e9dic: www.airmedic.net ATV races: www.coursesvtt.qc.ca Practical information available from the Insurance Bureau of [&hellip;]<\/p>\n","protected":false},"author":6,"featured_media":0,"parent":0,"menu_order":13,"comment_status":"closed","ping_status":"closed","template":"","meta":[],"yoast_head":"<!-- This site is optimized with the Yoast SEO plugin v18.4.1 - https:\/\/yoast.com\/wordpress\/plugins\/seo\/ -->\n<title>Useful links - Qu\u00e9bequad<\/title>\n<meta name=\"robots\" content=\"index, follow, max-snippet:-1, max-image-preview:large, max-video-preview:-1\" \/>\n<link rel=\"canonical\" href=\"https:\/\/dev2.wp.fqcq.qc.ca\/en\/useful-links\/\" \/>\n<meta property=\"og:locale\" content=\"en_US\" \/>\n<meta property=\"og:type\" content=\"article\" \/>\n<meta property=\"og:title\" content=\"Useful links - Qu\u00e9bequad\" \/>\n<meta property=\"og:description\" content=\"Useful information about other Federations, regions, lodging and more www.atvbc.ca (British Columbia Federation) www.ofatv.com (Ontario Federation) www.nbatving.com (New Brunswick Federation) www.atvans.org (Nova Scotia Federation) www.atvmb.ca (Manitoba Federation) Regional website for the Centre-du-Qu\u00e9bec area http:\/\/www.tourismecentreduquebec.com\/en\/category\/atv.aspx Other links: www.youtube.com\/raqclpv www.benevolesquebec.com www.actu-quad.com B\u00e9tonel: www.betonel.com Air M\u00e9dic: www.airmedic.net ATV races: www.coursesvtt.qc.ca Practical information available from the Insurance Bureau of [&hellip;]\" \/>\n<meta property=\"og:url\" content=\"https:\/\/dev2.wp.fqcq.qc.ca\/en\/useful-links\/\" \/>\n<meta property=\"og:site_name\" content=\"Qu\u00e9bequad\" \/>\n<meta property=\"article:modified_time\" content=\"2019-02-18T20:12:57+00:00\" \/>\n<meta name=\"twitter:card\" content=\"summary_large_image\" \/>\n<meta name=\"twitter:label1\" content=\"Est. reading time\" \/>\n\t<meta name=\"twitter:data1\" content=\"1 minute\" \/>\n<script type=\"application\/ld+json\" class=\"yoast-schema-graph\">{\"@context\":\"https:\/\/schema.org\",\"@graph\":[{\"@type\":\"WebSite\",\"@id\":\"https:\/\/dev2.wp.fqcq.qc.ca\/en\/#website\",\"url\":\"https:\/\/dev2.wp.fqcq.qc.ca\/en\/\",\"name\":\"Qu\u00e9bequad\",\"description\":\"F\u00e9d\u00e9ration Qu\u00e9becoise des Clubs de Quad\",\"potentialAction\":[{\"@type\":\"SearchAction\",\"target\":{\"@type\":\"EntryPoint\",\"urlTemplate\":\"https:\/\/dev2.wp.fqcq.qc.ca\/en\/?s={search_term_string}\"},\"query-input\":\"required name=search_term_string\"}],\"inLanguage\":\"en-CA\"},{\"@type\":\"WebPage\",\"@id\":\"https:\/\/dev2.wp.fqcq.qc.ca\/en\/useful-links\/#webpage\",\"url\":\"https:\/\/dev2.wp.fqcq.qc.ca\/en\/useful-links\/\",\"name\":\"Useful links - Qu\u00e9bequad\",\"isPartOf\":{\"@id\":\"https:\/\/dev2.wp.fqcq.qc.ca\/en\/#website\"},\"datePublished\":\"2014-02-06T16:46:23+00:00\",\"dateModified\":\"2019-02-18T20:12:57+00:00\",\"breadcrumb\":{\"@id\":\"https:\/\/dev2.wp.fqcq.qc.ca\/en\/useful-links\/#breadcrumb\"},\"inLanguage\":\"en-CA\",\"potentialAction\":[{\"@type\":\"ReadAction\",\"target\":[\"https:\/\/dev2.wp.fqcq.qc.ca\/en\/useful-links\/\"]}]},{\"@type\":\"BreadcrumbList\",\"@id\":\"https:\/\/dev2.wp.fqcq.qc.ca\/en\/useful-links\/#breadcrumb\",\"itemListElement\":[{\"@type\":\"ListItem\",\"position\":1,\"name\":\"Useful links\"}]}]}<\/script>\n<!-- \/ Yoast SEO plugin. -->","yoast_head_json":{"title":"Useful links - Qu\u00e9bequad","robots":{"index":"index","follow":"follow","max-snippet":"max-snippet:-1","max-image-preview":"max-image-preview:large","max-video-preview":"max-video-preview:-1"},"canonical":"https:\/\/dev2.wp.fqcq.qc.ca\/en\/useful-links\/","og_locale":"en_US","og_type":"article","og_title":"Useful links - Qu\u00e9bequad","og_description":"Useful information about other Federations, regions, lodging and more www.atvbc.ca (British Columbia Federation) www.ofatv.com (Ontario Federation) www.nbatving.com (New Brunswick Federation) www.atvans.org (Nova Scotia Federation) www.atvmb.ca (Manitoba Federation) Regional website for the Centre-du-Qu\u00e9bec area http:\/\/www.tourismecentreduquebec.com\/en\/category\/atv.aspx Other links: www.youtube.com\/raqclpv www.benevolesquebec.com www.actu-quad.com B\u00e9tonel: www.betonel.com Air M\u00e9dic: www.airmedic.net ATV races: www.coursesvtt.qc.ca Practical information available from the Insurance Bureau of [&hellip;]","og_url":"https:\/\/dev2.wp.fqcq.qc.ca\/en\/useful-links\/","og_site_name":"Qu\u00e9bequad","article_modified_time":"2019-02-18T20:12:57+00:00","twitter_card":"summary_large_image","twitter_misc":{"Est. reading time":"1 minute"},"schema":{"@context":"https:\/\/schema.org","@graph":[{"@type":"WebSite","@id":"https:\/\/dev2.wp.fqcq.qc.ca\/en\/#website","url":"https:\/\/dev2.wp.fqcq.qc.ca\/en\/","name":"Qu\u00e9bequad","description":"F\u00e9d\u00e9ration Qu\u00e9becoise des Clubs de Quad","potentialAction":[{"@type":"SearchAction","target":{"@type":"EntryPoint","urlTemplate":"https:\/\/dev2.wp.fqcq.qc.ca\/en\/?s={search_term_string}"},"query-input":"required name=search_term_string"}],"inLanguage":"en-CA"},{"@type":"WebPage","@id":"https:\/\/dev2.wp.fqcq.qc.ca\/en\/useful-links\/#webpage","url":"https:\/\/dev2.wp.fqcq.qc.ca\/en\/useful-links\/","name":"Useful links - Qu\u00e9bequad","isPartOf":{"@id":"https:\/\/dev2.wp.fqcq.qc.ca\/en\/#website"},"datePublished":"2014-02-06T16:46:23+00:00","dateModified":"2019-02-18T20:12:57+00:00","breadcrumb":{"@id":"https:\/\/dev2.wp.fqcq.qc.ca\/en\/useful-links\/#breadcrumb"},"inLanguage":"en-CA","potentialAction":[{"@type":"ReadAction","target":["https:\/\/dev2.wp.fqcq.qc.ca\/en\/useful-links\/"]}]},{"@type":"BreadcrumbList","@id":"https:\/\/dev2.wp.fqcq.qc.ca\/en\/useful-links\/#breadcrumb","itemListElement":[{"@type":"ListItem","position":1,"name":"Useful links"}]}]}},"featured_image_src":null,"featured_image_src_square":null,"acf":[],"_links":{"self":[{"href":"https:\/\/dev2.wp.fqcq.qc.ca\/en\/wp-json\/wp\/v2\/pages\/564"}],"collection":[{"href":"https:\/\/dev2.wp.fqcq.qc.ca\/en\/wp-json\/wp\/v2\/pages"}],"about":[{"href":"https:\/\/dev2.wp.fqcq.qc.ca\/en\/wp-json\/wp\/v2\/types\/page"}],"author":[{"embeddable":true,"href":"https:\/\/dev2.wp.fqcq.qc.ca\/en\/wp-json\/wp\/v2\/users\/6"}],"replies":[{"embeddable":true,"href":"https:\/\/dev2.wp.fqcq.qc.ca\/en\/wp-json\/wp\/v2\/comments?post=564"}],"version-history":[{"count":0,"href":"https:\/\/dev2.wp.fqcq.qc.ca\/en\/wp-json\/wp\/v2\/pages\/564\/revisions"}],"wp:attachment":[{"href":"https:\/\/dev2.wp.fqcq.qc.ca\/en\/wp-json\/wp\/v2\/media?parent=564"}],"curies":[{"name":"wp","href":"https:\/\/api.w.org\/{rel}","templated":true}]}}