{"id":565,"date":"2014-02-03T22:01:51","date_gmt":"2014-02-04T03:01:51","guid":{"rendered":"http:\/\/www.dev2.wp.fqcq.qc.ca\/?page_id=565"},"modified":"2019-09-26T10:08:19","modified_gmt":"2019-09-26T14:08:19","slug":"contact-us","status":"publish","type":"page","link":"https:\/\/dev2.wp.fqcq.qc.ca\/en\/contact-us\/","title":{"rendered":"Contact us"},"content":{"rendered":"\t\n\t\t\n\t\n\t<div id=\"lfdb-media-text-block_5c182845e7733\" class=\"lfdb-media-text entry-content\">\n\t\t<div class=\"lfdb-media-text-flex  \">\n\t\t\t<div id=\"lfdb-media-block_5c182845e7733\" class=\"lfdb-media\"\n\t\t\t\tstyle=\"\n\t\t\t\t\t\t\t\t\t\t\tbackground-color: #f6f6f6;\n\t\t\t\t\t\t\t\t\t\tbackground-image: url();\n\t\t\t\t\tbackground-position: center center;\n\t\t\t\t\tbackground-repeat: no-repeat;\n\t\t\t\t\tbackground-size: contain;\n\t\t\t\t\"\t\n\t\t\t>\n\t\t\t\t<img loading=\"lazy\" style=\"opacity: 0 !important;\" src=\"\" width=\"300\" height=\"300\"\/>\n\t\t\t<\/div><!-- lfdb-media -->\n\t\t\t<div id=\"lfdb-text-block_5c182845e7733\" class=\"lfdb-text\">\n\t\t\t\t<div class=\"lfdb-text-content\">\n\t\t\t\t\t\t\t\t\t\t\t<h2>F\u00e9d\u00e9ration Qu\u00e9b\u00e9coise des Clubs Quads<\/h2>\n\t\t\t\t\t\t\t\t\t\t\t\t\t\t\t\t<div class=\"lfdb-text-paragraphs\">\n\t\t\t\t\t\t\t<p>679 rue De la Sabli\u00e8re<br \/>\nBois-des-Filions, Qc, J6Z 4T2, CANADA.<br \/>\n<b>Phone Number:<\/b> (514) 252-3050<br \/>\n<b>Fax number:<\/b> (514) 252-5280<br \/>\n<b>Email:<\/b> info@dev2.wp.fqcq.qc.ca<br \/>\n<b>Opening hours:<\/b><br \/>\nMonday to Friday: 9am to 12pm and 13pm to 17pm<\/p>\n\t\t\t\t\t\t<\/div>\n\t\t\t\t\t\t\t\t\t\t\t\t\t\t<\/div><!-- lfdb-text-content -->\n\t\t\t<\/div><!-- lfdb-text -->\n\t\t<\/div><!-- lfdb-media-text-flex -->\n\t<\/div>\n\n\t\t\t\n\t\n\n\t\n\t\t\n\t\n\t<div id=\"lfdb-media-text-block_5c1828dbe7734\" class=\"lfdb-media-text entry-content\">\n\t\t<div class=\"lfdb-media-text-flex invert \">\n\t\t\t<div id=\"lfdb-media-block_5c1828dbe7734\" class=\"lfdb-media\"\n\t\t\t\tstyle=\"\n\t\t\t\t\t\t\t\t\t\t\tbackground-color: #f6f6f6;\n\t\t\t\t\t\t\t\t\t\tbackground-image: url();\n\t\t\t\t\tbackground-position: center center;\n\t\t\t\t\tbackground-repeat: no-repeat;\n\t\t\t\t\tbackground-size: contain;\n\t\t\t\t\"\t\n\t\t\t>\n\t\t\t\t<img loading=\"lazy\" style=\"opacity: 0 !important;\" src=\"\" width=\"300\" height=\"300\"\/>\n\t\t\t<\/div><!-- lfdb-media -->\n\t\t\t<div id=\"lfdb-text-block_5c1828dbe7734\" class=\"lfdb-text\">\n\t\t\t\t<div class=\"lfdb-text-content\">\n\t\t\t\t\t\t\t\t\t\t\t<h2>Publicit\u00e9 magazine Sentier Quad<\/h2>\n\t\t\t\t\t\t\t\t\t\t\t\t\t\t\t\t<div class=\"lfdb-text-paragraphs\">\n\t\t\t\t\t\t\t<p>Motom\u00e9dia<br \/>\n<b>Phone Number:<\/b> (514) 990-6840<br \/>\n<b>Fax number:<\/b> (514) 899-5742<br \/>\n<b>Email:<\/b> moto-media@videotron.ca<\/p>\n\t\t\t\t\t\t<\/div>\n\t\t\t\t\t\t\t\t\t\t\t\t\t\t<\/div><!-- lfdb-text-content -->\n\t\t\t<\/div><!-- lfdb-text -->\n\t\t<\/div><!-- lfdb-media-text-flex -->\n\t<\/div>\n\n\t\t\t\n\t\n\n\n\n\t\n\t\t\n\t\n\t<div id=\"lfdb-media-text-block_5c1829f9e7735\" class=\"lfdb-media-text entry-content\">\n\t\t<div class=\"lfdb-media-text-flex  \">\n\t\t\t<div id=\"lfdb-media-block_5c1829f9e7735\" class=\"lfdb-media\"\n\t\t\t\tstyle=\"\n\t\t\t\t\t\t\t\t\t\t\tbackground-color: #000000;\n\t\t\t\t\t\t\t\t\t\tbackground-image: url();\n\t\t\t\t\tbackground-position: center center;\n\t\t\t\t\tbackground-repeat: no-repeat;\n\t\t\t\t\tbackground-size: contain;\n\t\t\t\t\"\t\n\t\t\t>\n\t\t\t\t<img loading=\"lazy\" style=\"opacity: 0 !important;\" src=\"\" width=\"300\" height=\"300\"\/>\n\t\t\t<\/div><!-- lfdb-media -->\n\t\t\t<div id=\"lfdb-text-block_5c1829f9e7735\" class=\"lfdb-text\">\n\t\t\t\t<div class=\"lfdb-text-content\">\n\t\t\t\t\t\t\t\t\t\t\t<h2>Contenu r\u00e9dactionnel magazine Sentier Quad<\/h2>\n\t\t\t\t\t\t\t\t\t\t\t\t\t\t\t\t<div class=\"lfdb-text-paragraphs\">\n\t\t\t\t\t\t\t<p>Carole Jolin, R\u00e9dactrice en chef<br \/>\n<b>Phone Number:<\/b> (514) 252-3050 #2228<br \/>\n<b>Fax number:<\/b> (514) 252-5280<br \/>\n<b>Email:<\/b> sentierquad@dev2.wp.fqcq.qc.ca<\/p>\n\t\t\t\t\t\t<\/div>\n\t\t\t\t\t\t\t\t\t\t\t\t\t\t<\/div><!-- lfdb-text-content -->\n\t\t\t<\/div><!-- lfdb-text -->\n\t\t<\/div><!-- lfdb-media-text-flex -->\n\t<\/div>\n\n\t\t\t\n\t\n\n\t\n\t\t\n\t\n\t<div id=\"lfdb-media-text-block_5c182f49fabd1\" class=\"lfdb-media-text entry-content\">\n\t\t<div class=\"lfdb-media-text-flex invert \">\n\t\t\t<div id=\"lfdb-media-block_5c182f49fabd1\" class=\"lfdb-media\"\n\t\t\t\tstyle=\"\n\t\t\t\t\t\t\t\t\t\t\tbackground-color: #f6f6f6;\n\t\t\t\t\t\t\t\t\t\tbackground-image: url();\n\t\t\t\t\tbackground-position: center center;\n\t\t\t\t\tbackground-repeat: no-repeat;\n\t\t\t\t\tbackground-size: cover;\n\t\t\t\t\"\t\n\t\t\t>\n\t\t\t\t<img loading=\"lazy\" style=\"opacity: 0 !important;\" src=\"\" width=\"300\" height=\"300\"\/>\n\t\t\t<\/div><!-- lfdb-media -->\n\t\t\t<div id=\"lfdb-text-block_5c182f49fabd1\" class=\"lfdb-text\">\n\t\t\t\t<div class=\"lfdb-text-content\">\n\t\t\t\t\t\t\t\t\t\t\t<h2>Information Cours de conduite<\/h2>\n\t\t\t\t\t\t\t\t\t\t\t\t\t\t\t\t<div class=\"lfdb-text-paragraphs\">\n\t\t\t\t\t\t\t<p><b>Phone Number:<\/b> (514) 252-3050 #2226<br \/>\n<b>Fax number:<\/b> (514) 252-5280<br \/>\n<b>Email:<\/b> coursdeconduitequad@dev2.wp.fqcq.qc.ca<\/p>\n\t\t\t\t\t\t<\/div>\n\t\t\t\t\t\t\t\t\t\t\t\t\t\t<\/div><!-- lfdb-text-content -->\n\t\t\t<\/div><!-- lfdb-text -->\n\t\t<\/div><!-- lfdb-media-text-flex -->\n\t<\/div>\n\n\t\t\t\n\t\n\n\n\n\t\n\t\t\n\t\n\t<div id=\"lfdb-media-text-block_5c182fc4fabd3\" class=\"lfdb-media-text entry-content\">\n\t\t<div class=\"lfdb-media-text-flex  \">\n\t\t\t<div id=\"lfdb-media-block_5c182fc4fabd3\" class=\"lfdb-media\"\n\t\t\t\tstyle=\"\n\t\t\t\t\t\t\t\t\t\t\tbackground-color: #f6f6f6;\n\t\t\t\t\t\t\t\t\t\tbackground-image: url();\n\t\t\t\t\tbackground-position: center center;\n\t\t\t\t\tbackground-repeat: no-repeat;\n\t\t\t\t\tbackground-size: contain;\n\t\t\t\t\"\t\n\t\t\t>\n\t\t\t\t<img loading=\"lazy\" style=\"opacity: 0 !important;\" src=\"\" width=\"300\" height=\"300\"\/>\n\t\t\t<\/div><!-- lfdb-media -->\n\t\t\t<div id=\"lfdb-text-block_5c182fc4fabd3\" class=\"lfdb-text\">\n\t\t\t\t<div class=\"lfdb-text-content\">\n\t\t\t\t\t\t\t\t\t\t\t<h2>Correction d\u2019adresse magazine Sentier Quad<\/h2>\n\t\t\t\t\t\t\t\t\t\t\t\t\t\t\t\t<div class=\"lfdb-text-paragraphs\">\n\t\t\t\t\t\t\t<p><b>Phone Number:<\/b> (514) 252-3050 #2229<br \/>\n<b>Fax number:<\/b> (514) 252-5280<br \/>\n<b>Email:<\/b> Correction et changement d\u2019adresse magazine Sentier Quad<\/p>\n\t\t\t\t\t\t<\/div>\n\t\t\t\t\t\t\t\t\t\t\t\t\t\t<\/div><!-- lfdb-text-content -->\n\t\t\t<\/div><!-- lfdb-text -->\n\t\t<\/div><!-- lfdb-media-text-flex -->\n\t<\/div>\n\n\t\t\t\n\t","protected":false},"excerpt":{"rendered":"","protected":false},"author":6,"featured_media":0,"parent":0,"menu_order":15,"comment_status":"closed","ping_status":"closed","template":"","meta":[],"yoast_head":"<!-- This site is optimized with the Yoast SEO plugin v18.4.1 - https:\/\/yoast.com\/wordpress\/plugins\/seo\/ -->\n<title>Contact us - Qu\u00e9bequad<\/title>\n<meta name=\"robots\" content=\"index, follow, max-snippet:-1, max-image-preview:large, max-video-preview:-1\" \/>\n<link rel=\"canonical\" href=\"https:\/\/dev2.wp.fqcq.qc.ca\/en\/contact-us\/\" \/>\n<meta property=\"og:locale\" content=\"en_US\" \/>\n<meta property=\"og:type\" content=\"article\" \/>\n<meta property=\"og:title\" content=\"Contact us - Qu\u00e9bequad\" \/>\n<meta property=\"og:url\" content=\"https:\/\/dev2.wp.fqcq.qc.ca\/en\/contact-us\/\" \/>\n<meta property=\"og:site_name\" content=\"Qu\u00e9bequad\" \/>\n<meta property=\"article:modified_time\" content=\"2019-09-26T14:08:19+00:00\" \/>\n<meta name=\"twitter:card\" content=\"summary_large_image\" \/>\n<script type=\"application\/ld+json\" class=\"yoast-schema-graph\">{\"@context\":\"https:\/\/schema.org\",\"@graph\":[{\"@type\":\"WebSite\",\"@id\":\"https:\/\/dev2.wp.fqcq.qc.ca\/en\/#website\",\"url\":\"https:\/\/dev2.wp.fqcq.qc.ca\/en\/\",\"name\":\"Qu\u00e9bequad\",\"description\":\"F\u00e9d\u00e9ration Qu\u00e9becoise des Clubs de Quad\",\"potentialAction\":[{\"@type\":\"SearchAction\",\"target\":{\"@type\":\"EntryPoint\",\"urlTemplate\":\"https:\/\/dev2.wp.fqcq.qc.ca\/en\/?s={search_term_string}\"},\"query-input\":\"required name=search_term_string\"}],\"inLanguage\":\"en-CA\"},{\"@type\":\"WebPage\",\"@id\":\"https:\/\/dev2.wp.fqcq.qc.ca\/en\/contact-us\/#webpage\",\"url\":\"https:\/\/dev2.wp.fqcq.qc.ca\/en\/contact-us\/\",\"name\":\"Contact us - Qu\u00e9bequad\",\"isPartOf\":{\"@id\":\"https:\/\/dev2.wp.fqcq.qc.ca\/en\/#website\"},\"datePublished\":\"2014-02-04T03:01:51+00:00\",\"dateModified\":\"2019-09-26T14:08:19+00:00\",\"breadcrumb\":{\"@id\":\"https:\/\/dev2.wp.fqcq.qc.ca\/en\/contact-us\/#breadcrumb\"},\"inLanguage\":\"en-CA\",\"potentialAction\":[{\"@type\":\"ReadAction\",\"target\":[\"https:\/\/dev2.wp.fqcq.qc.ca\/en\/contact-us\/\"]}]},{\"@type\":\"BreadcrumbList\",\"@id\":\"https:\/\/dev2.wp.fqcq.qc.ca\/en\/contact-us\/#breadcrumb\",\"itemListElement\":[{\"@type\":\"ListItem\",\"position\":1,\"name\":\"Contact us\"}]}]}<\/script>\n<!-- \/ Yoast SEO plugin. -->","yoast_head_json":{"title":"Contact us - Qu\u00e9bequad","robots":{"index":"index","follow":"follow","max-snippet":"max-snippet:-1","max-image-preview":"max-image-preview:large","max-video-preview":"max-video-preview:-1"},"canonical":"https:\/\/dev2.wp.fqcq.qc.ca\/en\/contact-us\/","og_locale":"en_US","og_type":"article","og_title":"Contact us - Qu\u00e9bequad","og_url":"https:\/\/dev2.wp.fqcq.qc.ca\/en\/contact-us\/","og_site_name":"Qu\u00e9bequad","article_modified_time":"2019-09-26T14:08:19+00:00","twitter_card":"summary_large_image","schema":{"@context":"https:\/\/schema.org","@graph":[{"@type":"WebSite","@id":"https:\/\/dev2.wp.fqcq.qc.ca\/en\/#website","url":"https:\/\/dev2.wp.fqcq.qc.ca\/en\/","name":"Qu\u00e9bequad","description":"F\u00e9d\u00e9ration Qu\u00e9becoise des Clubs de Quad","potentialAction":[{"@type":"SearchAction","target":{"@type":"EntryPoint","urlTemplate":"https:\/\/dev2.wp.fqcq.qc.ca\/en\/?s={search_term_string}"},"query-input":"required name=search_term_string"}],"inLanguage":"en-CA"},{"@type":"WebPage","@id":"https:\/\/dev2.wp.fqcq.qc.ca\/en\/contact-us\/#webpage","url":"https:\/\/dev2.wp.fqcq.qc.ca\/en\/contact-us\/","name":"Contact us - Qu\u00e9bequad","isPartOf":{"@id":"https:\/\/dev2.wp.fqcq.qc.ca\/en\/#website"},"datePublished":"2014-02-04T03:01:51+00:00","dateModified":"2019-09-26T14:08:19+00:00","breadcrumb":{"@id":"https:\/\/dev2.wp.fqcq.qc.ca\/en\/contact-us\/#breadcrumb"},"inLanguage":"en-CA","potentialAction":[{"@type":"ReadAction","target":["https:\/\/dev2.wp.fqcq.qc.ca\/en\/contact-us\/"]}]},{"@type":"BreadcrumbList","@id":"https:\/\/dev2.wp.fqcq.qc.ca\/en\/contact-us\/#breadcrumb","itemListElement":[{"@type":"ListItem","position":1,"name":"Contact us"}]}]}},"featured_image_src":null,"featured_image_src_square":null,"acf":[],"_links":{"self":[{"href":"https:\/\/dev2.wp.fqcq.qc.ca\/en\/wp-json\/wp\/v2\/pages\/565"}],"collection":[{"href":"https:\/\/dev2.wp.fqcq.qc.ca\/en\/wp-json\/wp\/v2\/pages"}],"about":[{"href":"https:\/\/dev2.wp.fqcq.qc.ca\/en\/wp-json\/wp\/v2\/types\/page"}],"author":[{"embeddable":true,"href":"https:\/\/dev2.wp.fqcq.qc.ca\/en\/wp-json\/wp\/v2\/users\/6"}],"replies":[{"embeddable":true,"href":"https:\/\/dev2.wp.fqcq.qc.ca\/en\/wp-json\/wp\/v2\/comments?post=565"}],"version-history":[{"count":0,"href":"https:\/\/dev2.wp.fqcq.qc.ca\/en\/wp-json\/wp\/v2\/pages\/565\/revisions"}],"wp:attachment":[{"href":"https:\/\/dev2.wp.fqcq.qc.ca\/en\/wp-json\/wp\/v2\/media?parent=565"}],"curies":[{"name":"wp","href":"https:\/\/api.w.org\/{rel}","templated":true}]}}