{"id":578,"date":"2014-02-03T22:04:27","date_gmt":"2014-02-04T03:04:27","guid":{"rendered":"http:\/\/www.dev2.wp.fqcq.qc.ca\/?page_id=578"},"modified":"2019-02-18T15:52:05","modified_gmt":"2019-02-18T20:52:05","slug":"iquad","status":"publish","type":"page","link":"https:\/\/dev2.wp.fqcq.qc.ca\/en\/iquad\/","title":{"rendered":"iQuad"},"content":{"rendered":"\n<div class=\"wp-block-media-text alignwide has-media-on-the-right bg_gris_clair\"><figure class=\"wp-block-media-text__media\"><img loading=\"lazy\" width=\"620\" height=\"280\" src=\"http:\/\/www.dev2.wp.fqcq.qc.ca\/wp-content\/uploads\/pub_iquad.jpg\" alt=\"\" class=\"wp-image-1090\" srcset=\"https:\/\/dev2.wp.fqcq.qc.ca\/wp-content\/uploads\/pub_iquad.jpg 620w, https:\/\/dev2.wp.fqcq.qc.ca\/wp-content\/uploads\/pub_iquad-300x135.jpg 300w\" sizes=\"(max-width: 620px) 100vw, 620px\" \/><\/figure><div class=\"wp-block-media-text__content\">\n<p><strong>iQuad<\/strong> for mobile phones (<strong>iPhone<\/strong> and <strong>Android<\/strong>) and iQuad HD for tablets (optimized for <strong>iPads<\/strong> and <strong>Android<\/strong> devices) are mobile mapping apps committed to quad members of the <strong>FQCQ<\/strong>.<\/p>\n\n\n\n<p>The <strong>iQuad<\/strong> app provides an interactive map depicting the entire marked trail network, as well as locations of the many <strong>FQCQ<\/strong> partners.<\/p>\n\n\n\n<p>Whether you\u2019re looking for a dealership, accommodation or a place to eat, <strong>iQuad<\/strong> will guide you during your ATV expeditions.<br><\/p>\n<\/div><\/div>\n\n\n\n<div class=\"wp-container-69e9e03d8a606 wp-block-columns has-2-columns\">\n<div class=\"wp-block-column\">\n<h3>Iquad allows you to:<\/h3>\n\n\n\n<ul><li>Plan your ride with sightseeing.<\/li><li>Calculate your distances.<\/li><li>View your current GPS position and orientation on the ATV trail network.<\/li><li>Locate geographic positions.<\/li><li>View the date and time of trail grooming.<\/li><\/ul>\n\n\n\n<p class=\"has-medium-font-size callout\">Pour plus d\u2019informations au sujet de <strong>iQuad<\/strong> et de <strong>iQuad HD<\/strong>, n\u2019h\u00e9sitez pas \u00e0 visiter le site web officiel:<\/p>\n\n\n\n\t<div id=\"fqcq-bouton-block_5bfec188473ac\" class=\"fqcq-bouton\">\n\t\t<a class=\"fqcq-inside-bouton right negative \" href=\"http:\/\/www.iquadfqcq.ca\" target=\"_blank\">\n\t\t\t<span class=\"fqcq-bouton-text\">ww.iquadfqcq.ca\ufeff<\/span>\t\t\t<span class=\"fqcq-bouton-icon\"><i class=\"fal fa-arrow-circle-right\"><\/i><\/span>\t\t<\/a>\n\t<\/div>\t\n<\/div>\n\n\n\n<div class=\"wp-block-column\">\n<h3>Download the app now!<\/h3>\n\n\n\n<div class=\"wp-block-image\"><figure class=\"alignleft\"><a href=\"http:\/\/itunes.apple.com\/ca\/app\/iquad\/id506922559?l=fr\" target=\"_blank\" rel=\"noopener\"><img loading=\"lazy\" width=\"135\" height=\"40\" src=\"http:\/\/www.dev2.wp.fqcq.qc.ca\/wp-content\/uploads\/appstore.png\" alt=\"appstore\" class=\"wp-image-1093\"\/><\/a><\/figure><\/div>\n\n\n\n<div class=\"wp-block-image\"><figure class=\"alignleft\"><a href=\"http:\/\/play.google.com\/store\/apps\/details?id=com.appcom.iquad\" target=\"_blank\" rel=\"noopener\"><img loading=\"lazy\" width=\"118\" height=\"40\" src=\"http:\/\/www.dev2.wp.fqcq.qc.ca\/wp-content\/uploads\/playstore.png\" alt=\"playstore\" class=\"wp-image-1095\"\/><\/a><\/figure><\/div>\n<\/div>\n<\/div>\n","protected":false},"excerpt":{"rendered":"<p>iQuad for mobile phones (iPhone and Android) and iQuad HD for tablets (optimized for iPads and Android devices) are mobile mapping apps committed to quad members of the FQCQ. The iQuad app provides an interactive map depicting the entire marked trail network, as well as locations of the many FQCQ partners. Whether you\u2019re looking for [&hellip;]<\/p>\n","protected":false},"author":6,"featured_media":0,"parent":0,"menu_order":3,"comment_status":"closed","ping_status":"closed","template":"","meta":[],"yoast_head":"<!-- This site is optimized with the Yoast SEO plugin v18.4.1 - https:\/\/yoast.com\/wordpress\/plugins\/seo\/ -->\n<title>iQuad - Qu\u00e9bequad<\/title>\n<meta name=\"robots\" content=\"index, follow, max-snippet:-1, max-image-preview:large, max-video-preview:-1\" \/>\n<link rel=\"canonical\" href=\"https:\/\/dev2.wp.fqcq.qc.ca\/en\/iquad\/\" \/>\n<meta property=\"og:locale\" content=\"en_US\" \/>\n<meta property=\"og:type\" content=\"article\" \/>\n<meta property=\"og:title\" content=\"iQuad - Qu\u00e9bequad\" \/>\n<meta property=\"og:description\" content=\"iQuad for mobile phones (iPhone and Android) and iQuad HD for tablets (optimized for iPads and Android devices) are mobile mapping apps committed to quad members of the FQCQ. The iQuad app provides an interactive map depicting the entire marked trail network, as well as locations of the many FQCQ partners. Whether you\u2019re looking for [&hellip;]\" \/>\n<meta property=\"og:url\" content=\"https:\/\/dev2.wp.fqcq.qc.ca\/en\/iquad\/\" \/>\n<meta property=\"og:site_name\" content=\"Qu\u00e9bequad\" \/>\n<meta property=\"article:modified_time\" content=\"2019-02-18T20:52:05+00:00\" \/>\n<meta property=\"og:image\" content=\"http:\/\/www.dev2.wp.fqcq.qc.ca\/wp-content\/uploads\/pub_iquad.jpg\" \/>\n<meta name=\"twitter:card\" content=\"summary_large_image\" \/>\n<meta name=\"twitter:label1\" content=\"Est. reading time\" \/>\n\t<meta name=\"twitter:data1\" content=\"1 minute\" \/>\n<script type=\"application\/ld+json\" class=\"yoast-schema-graph\">{\"@context\":\"https:\/\/schema.org\",\"@graph\":[{\"@type\":\"WebSite\",\"@id\":\"https:\/\/dev2.wp.fqcq.qc.ca\/en\/#website\",\"url\":\"https:\/\/dev2.wp.fqcq.qc.ca\/en\/\",\"name\":\"Qu\u00e9bequad\",\"description\":\"F\u00e9d\u00e9ration Qu\u00e9becoise des Clubs de Quad\",\"potentialAction\":[{\"@type\":\"SearchAction\",\"target\":{\"@type\":\"EntryPoint\",\"urlTemplate\":\"https:\/\/dev2.wp.fqcq.qc.ca\/en\/?s={search_term_string}\"},\"query-input\":\"required name=search_term_string\"}],\"inLanguage\":\"en-CA\"},{\"@type\":\"ImageObject\",\"@id\":\"https:\/\/dev2.wp.fqcq.qc.ca\/en\/iquad\/#primaryimage\",\"inLanguage\":\"en-CA\",\"url\":\"http:\/\/www.dev2.wp.fqcq.qc.ca\/wp-content\/uploads\/pub_iquad.jpg\",\"contentUrl\":\"http:\/\/www.dev2.wp.fqcq.qc.ca\/wp-content\/uploads\/pub_iquad.jpg\"},{\"@type\":\"WebPage\",\"@id\":\"https:\/\/dev2.wp.fqcq.qc.ca\/en\/iquad\/#webpage\",\"url\":\"https:\/\/dev2.wp.fqcq.qc.ca\/en\/iquad\/\",\"name\":\"iQuad - Qu\u00e9bequad\",\"isPartOf\":{\"@id\":\"https:\/\/dev2.wp.fqcq.qc.ca\/en\/#website\"},\"primaryImageOfPage\":{\"@id\":\"https:\/\/dev2.wp.fqcq.qc.ca\/en\/iquad\/#primaryimage\"},\"datePublished\":\"2014-02-04T03:04:27+00:00\",\"dateModified\":\"2019-02-18T20:52:05+00:00\",\"breadcrumb\":{\"@id\":\"https:\/\/dev2.wp.fqcq.qc.ca\/en\/iquad\/#breadcrumb\"},\"inLanguage\":\"en-CA\",\"potentialAction\":[{\"@type\":\"ReadAction\",\"target\":[\"https:\/\/dev2.wp.fqcq.qc.ca\/en\/iquad\/\"]}]},{\"@type\":\"BreadcrumbList\",\"@id\":\"https:\/\/dev2.wp.fqcq.qc.ca\/en\/iquad\/#breadcrumb\",\"itemListElement\":[{\"@type\":\"ListItem\",\"position\":1,\"name\":\"iQuad\"}]}]}<\/script>\n<!-- \/ Yoast SEO plugin. -->","yoast_head_json":{"title":"iQuad - Qu\u00e9bequad","robots":{"index":"index","follow":"follow","max-snippet":"max-snippet:-1","max-image-preview":"max-image-preview:large","max-video-preview":"max-video-preview:-1"},"canonical":"https:\/\/dev2.wp.fqcq.qc.ca\/en\/iquad\/","og_locale":"en_US","og_type":"article","og_title":"iQuad - Qu\u00e9bequad","og_description":"iQuad for mobile phones (iPhone and Android) and iQuad HD for tablets (optimized for iPads and Android devices) are mobile mapping apps committed to quad members of the FQCQ. The iQuad app provides an interactive map depicting the entire marked trail network, as well as locations of the many FQCQ partners. Whether you\u2019re looking for [&hellip;]","og_url":"https:\/\/dev2.wp.fqcq.qc.ca\/en\/iquad\/","og_site_name":"Qu\u00e9bequad","article_modified_time":"2019-02-18T20:52:05+00:00","og_image":[{"url":"http:\/\/www.dev2.wp.fqcq.qc.ca\/wp-content\/uploads\/pub_iquad.jpg"}],"twitter_card":"summary_large_image","twitter_misc":{"Est. reading time":"1 minute"},"schema":{"@context":"https:\/\/schema.org","@graph":[{"@type":"WebSite","@id":"https:\/\/dev2.wp.fqcq.qc.ca\/en\/#website","url":"https:\/\/dev2.wp.fqcq.qc.ca\/en\/","name":"Qu\u00e9bequad","description":"F\u00e9d\u00e9ration Qu\u00e9becoise des Clubs de Quad","potentialAction":[{"@type":"SearchAction","target":{"@type":"EntryPoint","urlTemplate":"https:\/\/dev2.wp.fqcq.qc.ca\/en\/?s={search_term_string}"},"query-input":"required name=search_term_string"}],"inLanguage":"en-CA"},{"@type":"ImageObject","@id":"https:\/\/dev2.wp.fqcq.qc.ca\/en\/iquad\/#primaryimage","inLanguage":"en-CA","url":"http:\/\/www.dev2.wp.fqcq.qc.ca\/wp-content\/uploads\/pub_iquad.jpg","contentUrl":"http:\/\/www.dev2.wp.fqcq.qc.ca\/wp-content\/uploads\/pub_iquad.jpg"},{"@type":"WebPage","@id":"https:\/\/dev2.wp.fqcq.qc.ca\/en\/iquad\/#webpage","url":"https:\/\/dev2.wp.fqcq.qc.ca\/en\/iquad\/","name":"iQuad - Qu\u00e9bequad","isPartOf":{"@id":"https:\/\/dev2.wp.fqcq.qc.ca\/en\/#website"},"primaryImageOfPage":{"@id":"https:\/\/dev2.wp.fqcq.qc.ca\/en\/iquad\/#primaryimage"},"datePublished":"2014-02-04T03:04:27+00:00","dateModified":"2019-02-18T20:52:05+00:00","breadcrumb":{"@id":"https:\/\/dev2.wp.fqcq.qc.ca\/en\/iquad\/#breadcrumb"},"inLanguage":"en-CA","potentialAction":[{"@type":"ReadAction","target":["https:\/\/dev2.wp.fqcq.qc.ca\/en\/iquad\/"]}]},{"@type":"BreadcrumbList","@id":"https:\/\/dev2.wp.fqcq.qc.ca\/en\/iquad\/#breadcrumb","itemListElement":[{"@type":"ListItem","position":1,"name":"iQuad"}]}]}},"featured_image_src":null,"featured_image_src_square":null,"acf":[],"_links":{"self":[{"href":"https:\/\/dev2.wp.fqcq.qc.ca\/en\/wp-json\/wp\/v2\/pages\/578"}],"collection":[{"href":"https:\/\/dev2.wp.fqcq.qc.ca\/en\/wp-json\/wp\/v2\/pages"}],"about":[{"href":"https:\/\/dev2.wp.fqcq.qc.ca\/en\/wp-json\/wp\/v2\/types\/page"}],"author":[{"embeddable":true,"href":"https:\/\/dev2.wp.fqcq.qc.ca\/en\/wp-json\/wp\/v2\/users\/6"}],"replies":[{"embeddable":true,"href":"https:\/\/dev2.wp.fqcq.qc.ca\/en\/wp-json\/wp\/v2\/comments?post=578"}],"version-history":[{"count":0,"href":"https:\/\/dev2.wp.fqcq.qc.ca\/en\/wp-json\/wp\/v2\/pages\/578\/revisions"}],"wp:attachment":[{"href":"https:\/\/dev2.wp.fqcq.qc.ca\/en\/wp-json\/wp\/v2\/media?parent=578"}],"curies":[{"name":"wp","href":"https:\/\/api.w.org\/{rel}","templated":true}]}}