{"id":579,"date":"2014-02-06T12:43:40","date_gmt":"2014-02-06T17:43:40","guid":{"rendered":"http:\/\/www.dev2.wp.fqcq.qc.ca\/?page_id=579"},"modified":"2019-02-18T15:57:11","modified_gmt":"2019-02-18T20:57:11","slug":"gps-map","status":"publish","type":"page","link":"https:\/\/dev2.wp.fqcq.qc.ca\/en\/gps-map\/","title":{"rendered":"GPS Map"},"content":{"rendered":"\n<h2>S2014 official f\u00e9d\u00e9ration qu\u00e9b\u00e9coise des clubs quads trail network<\/h2>\n\n\n\n<p>Summer and winter time maps, all compatible with. <a href=\"http:\/\/www.trakmaps.com\/Compatible_Garmin.aspx\" target=\"_blank\" rel=\"noopener\">Garmin gear<\/a>.<\/p>\n\n\n\n<figure class=\"wp-block-image\"><a href=\"http:\/\/www.dev2.wp.fqcq.qc.ca\/wp-content\/uploads\/trakmaps_v-9_quad_s1.jpg\"><img loading=\"lazy\" width=\"210\" height=\"300\" src=\"http:\/\/www.dev2.wp.fqcq.qc.ca\/wp-content\/uploads\/\/trakmaps_v-9_quad_s1-210x300.jpg\" alt=\"TrakMaps_v 9_quad_s\" class=\"wp-image-3163\" srcset=\"https:\/\/dev2.wp.fqcq.qc.ca\/wp-content\/uploads\/trakmaps_v-9_quad_s1-210x300.jpg 210w, https:\/\/dev2.wp.fqcq.qc.ca\/wp-content\/uploads\/trakmaps_v-9_quad_s1.jpg 260w\" sizes=\"(max-width: 210px) 100vw, 210px\" \/><\/a><\/figure>\n\n\n\n<ul><li>Always know where you are \u2013 the perfect equipment for excursionists! (si on parle des randonneurs \u00e0 pied: hickers)<\/li><li>24,700 km of mapped trails<\/li><li>Displays lakes, rivers, power lines, railroads, etc.<\/li><li>More than 16,000 points of interest along the way (gas stations, restaurants, etc.)<\/li><li>Mode routable ?<\/li><li>New digital map base at a 1:50,000 scale<\/li><li>Get it from: F\u00e9d\u00e9ration Qu\u00e9b\u00e9coise des Clubs Quads, CanVec, TrakMaps<\/li><\/ul>\n\n\n\n<p>Available on SD cards or CD<\/p>\n\n\n\n<p>CD also includes an overlay map compatible with other Quebec related topographic plans from TrakMaps.<\/p>\n\n\n\n<p>To view the trails on your computer, you need the TrakMaps software (CD) and the Garmin BaseCamp software (free).<\/p>\n\n\n\n<p>En vente \u00e0 la FQCQ au (514) 252-3050 poste 2232<\/p>\n\n\n\n<p>On sale at the FQCQ: (514) 252-3050 poste 2232<br>And at <a rel=\"noopener\" href=\"http:\/\/www.trakmaps.com\/\" target=\"_blank\">www.TrakMaps.com<\/a><\/p>\n","protected":false},"excerpt":{"rendered":"<p>S2014 official f\u00e9d\u00e9ration qu\u00e9b\u00e9coise des clubs quads trail network Summer and winter time maps, all compatible with. Garmin gear. Always know where you are \u2013 the perfect equipment for excursionists! (si on parle des randonneurs \u00e0 pied: hickers) 24,700 km of mapped trails Displays lakes, rivers, power lines, railroads, etc. More than 16,000 points of [&hellip;]<\/p>\n","protected":false},"author":6,"featured_media":0,"parent":0,"menu_order":4,"comment_status":"closed","ping_status":"closed","template":"","meta":[],"yoast_head":"<!-- This site is optimized with the Yoast SEO plugin v18.4.1 - https:\/\/yoast.com\/wordpress\/plugins\/seo\/ -->\n<title>GPS Map - Qu\u00e9bequad<\/title>\n<meta name=\"robots\" content=\"index, follow, max-snippet:-1, max-image-preview:large, max-video-preview:-1\" \/>\n<link rel=\"canonical\" href=\"https:\/\/dev2.wp.fqcq.qc.ca\/en\/gps-map\/\" \/>\n<meta property=\"og:locale\" content=\"en_US\" \/>\n<meta property=\"og:type\" content=\"article\" \/>\n<meta property=\"og:title\" content=\"GPS Map - Qu\u00e9bequad\" \/>\n<meta property=\"og:description\" content=\"S2014 official f\u00e9d\u00e9ration qu\u00e9b\u00e9coise des clubs quads trail network Summer and winter time maps, all compatible with. Garmin gear. Always know where you are \u2013 the perfect equipment for excursionists! (si on parle des randonneurs \u00e0 pied: hickers) 24,700 km of mapped trails Displays lakes, rivers, power lines, railroads, etc. More than 16,000 points of [&hellip;]\" \/>\n<meta property=\"og:url\" content=\"https:\/\/dev2.wp.fqcq.qc.ca\/en\/gps-map\/\" \/>\n<meta property=\"og:site_name\" content=\"Qu\u00e9bequad\" \/>\n<meta property=\"article:modified_time\" content=\"2019-02-18T20:57:11+00:00\" \/>\n<meta property=\"og:image\" content=\"http:\/\/www.dev2.wp.fqcq.qc.ca\/wp-content\/uploads\/\/trakmaps_v-9_quad_s1-210x300.jpg\" \/>\n<meta name=\"twitter:card\" content=\"summary_large_image\" \/>\n<meta name=\"twitter:label1\" content=\"Est. reading time\" \/>\n\t<meta name=\"twitter:data1\" content=\"1 minute\" \/>\n<script type=\"application\/ld+json\" class=\"yoast-schema-graph\">{\"@context\":\"https:\/\/schema.org\",\"@graph\":[{\"@type\":\"WebSite\",\"@id\":\"https:\/\/dev2.wp.fqcq.qc.ca\/en\/#website\",\"url\":\"https:\/\/dev2.wp.fqcq.qc.ca\/en\/\",\"name\":\"Qu\u00e9bequad\",\"description\":\"F\u00e9d\u00e9ration Qu\u00e9becoise des Clubs de Quad\",\"potentialAction\":[{\"@type\":\"SearchAction\",\"target\":{\"@type\":\"EntryPoint\",\"urlTemplate\":\"https:\/\/dev2.wp.fqcq.qc.ca\/en\/?s={search_term_string}\"},\"query-input\":\"required name=search_term_string\"}],\"inLanguage\":\"en-CA\"},{\"@type\":\"ImageObject\",\"@id\":\"https:\/\/dev2.wp.fqcq.qc.ca\/en\/gps-map\/#primaryimage\",\"inLanguage\":\"en-CA\",\"url\":\"http:\/\/www.dev2.wp.fqcq.qc.ca\/wp-content\/uploads\/\/trakmaps_v-9_quad_s1-210x300.jpg\",\"contentUrl\":\"http:\/\/www.dev2.wp.fqcq.qc.ca\/wp-content\/uploads\/\/trakmaps_v-9_quad_s1-210x300.jpg\"},{\"@type\":\"WebPage\",\"@id\":\"https:\/\/dev2.wp.fqcq.qc.ca\/en\/gps-map\/#webpage\",\"url\":\"https:\/\/dev2.wp.fqcq.qc.ca\/en\/gps-map\/\",\"name\":\"GPS Map - Qu\u00e9bequad\",\"isPartOf\":{\"@id\":\"https:\/\/dev2.wp.fqcq.qc.ca\/en\/#website\"},\"primaryImageOfPage\":{\"@id\":\"https:\/\/dev2.wp.fqcq.qc.ca\/en\/gps-map\/#primaryimage\"},\"datePublished\":\"2014-02-06T17:43:40+00:00\",\"dateModified\":\"2019-02-18T20:57:11+00:00\",\"breadcrumb\":{\"@id\":\"https:\/\/dev2.wp.fqcq.qc.ca\/en\/gps-map\/#breadcrumb\"},\"inLanguage\":\"en-CA\",\"potentialAction\":[{\"@type\":\"ReadAction\",\"target\":[\"https:\/\/dev2.wp.fqcq.qc.ca\/en\/gps-map\/\"]}]},{\"@type\":\"BreadcrumbList\",\"@id\":\"https:\/\/dev2.wp.fqcq.qc.ca\/en\/gps-map\/#breadcrumb\",\"itemListElement\":[{\"@type\":\"ListItem\",\"position\":1,\"name\":\"GPS Map\"}]}]}<\/script>\n<!-- \/ Yoast SEO plugin. -->","yoast_head_json":{"title":"GPS Map - Qu\u00e9bequad","robots":{"index":"index","follow":"follow","max-snippet":"max-snippet:-1","max-image-preview":"max-image-preview:large","max-video-preview":"max-video-preview:-1"},"canonical":"https:\/\/dev2.wp.fqcq.qc.ca\/en\/gps-map\/","og_locale":"en_US","og_type":"article","og_title":"GPS Map - Qu\u00e9bequad","og_description":"S2014 official f\u00e9d\u00e9ration qu\u00e9b\u00e9coise des clubs quads trail network Summer and winter time maps, all compatible with. Garmin gear. Always know where you are \u2013 the perfect equipment for excursionists! (si on parle des randonneurs \u00e0 pied: hickers) 24,700 km of mapped trails Displays lakes, rivers, power lines, railroads, etc. More than 16,000 points of [&hellip;]","og_url":"https:\/\/dev2.wp.fqcq.qc.ca\/en\/gps-map\/","og_site_name":"Qu\u00e9bequad","article_modified_time":"2019-02-18T20:57:11+00:00","og_image":[{"url":"http:\/\/www.dev2.wp.fqcq.qc.ca\/wp-content\/uploads\/\/trakmaps_v-9_quad_s1-210x300.jpg"}],"twitter_card":"summary_large_image","twitter_misc":{"Est. reading time":"1 minute"},"schema":{"@context":"https:\/\/schema.org","@graph":[{"@type":"WebSite","@id":"https:\/\/dev2.wp.fqcq.qc.ca\/en\/#website","url":"https:\/\/dev2.wp.fqcq.qc.ca\/en\/","name":"Qu\u00e9bequad","description":"F\u00e9d\u00e9ration Qu\u00e9becoise des Clubs de Quad","potentialAction":[{"@type":"SearchAction","target":{"@type":"EntryPoint","urlTemplate":"https:\/\/dev2.wp.fqcq.qc.ca\/en\/?s={search_term_string}"},"query-input":"required name=search_term_string"}],"inLanguage":"en-CA"},{"@type":"ImageObject","@id":"https:\/\/dev2.wp.fqcq.qc.ca\/en\/gps-map\/#primaryimage","inLanguage":"en-CA","url":"http:\/\/www.dev2.wp.fqcq.qc.ca\/wp-content\/uploads\/\/trakmaps_v-9_quad_s1-210x300.jpg","contentUrl":"http:\/\/www.dev2.wp.fqcq.qc.ca\/wp-content\/uploads\/\/trakmaps_v-9_quad_s1-210x300.jpg"},{"@type":"WebPage","@id":"https:\/\/dev2.wp.fqcq.qc.ca\/en\/gps-map\/#webpage","url":"https:\/\/dev2.wp.fqcq.qc.ca\/en\/gps-map\/","name":"GPS Map - Qu\u00e9bequad","isPartOf":{"@id":"https:\/\/dev2.wp.fqcq.qc.ca\/en\/#website"},"primaryImageOfPage":{"@id":"https:\/\/dev2.wp.fqcq.qc.ca\/en\/gps-map\/#primaryimage"},"datePublished":"2014-02-06T17:43:40+00:00","dateModified":"2019-02-18T20:57:11+00:00","breadcrumb":{"@id":"https:\/\/dev2.wp.fqcq.qc.ca\/en\/gps-map\/#breadcrumb"},"inLanguage":"en-CA","potentialAction":[{"@type":"ReadAction","target":["https:\/\/dev2.wp.fqcq.qc.ca\/en\/gps-map\/"]}]},{"@type":"BreadcrumbList","@id":"https:\/\/dev2.wp.fqcq.qc.ca\/en\/gps-map\/#breadcrumb","itemListElement":[{"@type":"ListItem","position":1,"name":"GPS Map"}]}]}},"featured_image_src":null,"featured_image_src_square":null,"acf":[],"_links":{"self":[{"href":"https:\/\/dev2.wp.fqcq.qc.ca\/en\/wp-json\/wp\/v2\/pages\/579"}],"collection":[{"href":"https:\/\/dev2.wp.fqcq.qc.ca\/en\/wp-json\/wp\/v2\/pages"}],"about":[{"href":"https:\/\/dev2.wp.fqcq.qc.ca\/en\/wp-json\/wp\/v2\/types\/page"}],"author":[{"embeddable":true,"href":"https:\/\/dev2.wp.fqcq.qc.ca\/en\/wp-json\/wp\/v2\/users\/6"}],"replies":[{"embeddable":true,"href":"https:\/\/dev2.wp.fqcq.qc.ca\/en\/wp-json\/wp\/v2\/comments?post=579"}],"version-history":[{"count":0,"href":"https:\/\/dev2.wp.fqcq.qc.ca\/en\/wp-json\/wp\/v2\/pages\/579\/revisions"}],"wp:attachment":[{"href":"https:\/\/dev2.wp.fqcq.qc.ca\/en\/wp-json\/wp\/v2\/media?parent=579"}],"curies":[{"name":"wp","href":"https:\/\/api.w.org\/{rel}","templated":true}]}}