{"id":5978,"date":"2018-09-24T18:25:05","date_gmt":"2018-09-24T22:25:05","guid":{"rendered":"http:\/\/www.dev2.wp.fqcq.qc.ca\/devenir-membre\/"},"modified":"2021-01-20T11:25:35","modified_gmt":"2021-01-20T16:25:35","slug":"devenir-membre","status":"publish","type":"page","link":"https:\/\/dev2.wp.fqcq.qc.ca\/en\/devenir-membre\/","title":{"rendered":"Becoming a Member"},"content":{"rendered":"\n<div class=\"wp-container-69e21cb521791 wp-block-columns has-2-columns\">\n<div class=\"wp-block-column\">\n<p>Local and regional clubs establish and maintain trails on a given area and your membership will finance all related tasks. As a member of a federated club, you automatically become part of the FQCQ and enjoy numerous benefits.<br><\/p>\n<\/div>\n\n\n\n<div class=\"wp-block-column\">\n<p>Four times a year you will receive the \u2018Sentier Quad\u2019 magazine, delivered free to your door, including a schedule of upcoming activities and the club directory. Every issue includes a review of past events, trip suggestions and oversight of current affairs in the industry.<br><\/p>\n<\/div>\n<\/div>\n\n\n\n<p class=\"callout has-medium-font-size\"><a href=\"https:\/\/dev2.wp.fqcq.qc.ca\/en\/contact-a-club\/\"><strong>Consult our directory<\/strong><\/a> to find the club closest to you and to meet with enthusiasts from your area. <\/p>\n\n\n\n<p><\/p>\n\n\n\n<h2 class=\"has-text-align-center\">MEMBERSHIP HAS IT&#8217;S AVANTAGES!<\/h2>\n\n\n\n<h4>Exclusive agreements with select select partners make it possible to save while enjoying our trail system!<\/h4>\n\n\n\n<h3 class=\"has-text-align-center\">Preferred insurance rates with Intact Insurance company!<\/h3>\n\n\n\n<div class=\"wp-block-image\"><figure class=\"aligncenter size-large is-resized\"><a href=\"http:\/\/www.dev2.wp.fqcq.qc.ca\/wp-content\/uploads\/003-M-306-3e_pubFQCQ_PAG_Oct2019-1.pdf\"><img loading=\"lazy\" src=\"http:\/\/www.dev2.wp.fqcq.qc.ca\/wp-content\/uploads\/IntactAssureurFQCQ-1.png\" alt=\"\" class=\"wp-image-8417\" width=\"479\" height=\"479\" srcset=\"https:\/\/dev2.wp.fqcq.qc.ca\/wp-content\/uploads\/IntactAssureurFQCQ-1.png 300w, https:\/\/dev2.wp.fqcq.qc.ca\/wp-content\/uploads\/IntactAssureurFQCQ-1-150x150.png 150w, https:\/\/dev2.wp.fqcq.qc.ca\/wp-content\/uploads\/IntactAssureurFQCQ-1-100x100.png 100w\" sizes=\"(max-width: 479px) 100vw, 479px\" \/><\/a><figcaption><strong>En \u00e9tant membre de la f\u00e9d\u00e9ration, vous pouvez b\u00e9n\u00e9ficier de tarifs pr\u00e9f\u00e9rentiels pour un r\u00e9gime d\u2019assurance de responsabilit\u00e9 civile et d\u2019assurance de v\u00e9hicules.<\/strong><br><br><\/figcaption><\/figure><\/div>\n\n\n\n<figure class=\"wp-block-image size-large\"><img loading=\"lazy\" width=\"789\" height=\"1024\" src=\"http:\/\/www.dev2.wp.fqcq.qc.ca\/wp-content\/uploads\/\/honda-789x1024.jpg\" alt=\"\" class=\"wp-image-12622\" srcset=\"https:\/\/dev2.wp.fqcq.qc.ca\/wp-content\/uploads\/honda-scaled.jpg 789w, https:\/\/dev2.wp.fqcq.qc.ca\/wp-content\/uploads\/honda-231x300.jpg 231w, https:\/\/dev2.wp.fqcq.qc.ca\/wp-content\/uploads\/honda-768x997.jpg 768w, https:\/\/dev2.wp.fqcq.qc.ca\/wp-content\/uploads\/honda-1183x1536.jpg 1183w, https:\/\/dev2.wp.fqcq.qc.ca\/wp-content\/uploads\/honda-1577x2048.jpg 1577w\" sizes=\"(max-width: 789px) 100vw, 789px\" \/><figcaption><strong>Save $50 to $150 on all Honda Canada products by simply presenting your valid trail pass. Valid at all Quebec participating Honda recreational and power equipment dealers in Quebe<\/strong>c<\/figcaption><\/figure>\n","protected":false},"excerpt":{"rendered":"<p>Local and regional clubs establish and maintain trails on a given area and your membership will finance all related tasks. As a member of a federated club, you automatically become part of the FQCQ and enjoy numerous benefits. Four times a year you will receive the \u2018Sentier Quad\u2019 magazine, delivered free to your door, including [&hellip;]<\/p>\n","protected":false},"author":6,"featured_media":0,"parent":0,"menu_order":0,"comment_status":"closed","ping_status":"closed","template":"","meta":[],"yoast_head":"<!-- This site is optimized with the Yoast SEO plugin v18.4.1 - https:\/\/yoast.com\/wordpress\/plugins\/seo\/ -->\n<title>Becoming a Member - Qu\u00e9bequad<\/title>\n<meta name=\"robots\" content=\"index, follow, max-snippet:-1, max-image-preview:large, max-video-preview:-1\" \/>\n<link rel=\"canonical\" href=\"https:\/\/dev2.wp.fqcq.qc.ca\/en\/devenir-membre\/\" \/>\n<meta property=\"og:locale\" content=\"en_US\" \/>\n<meta property=\"og:type\" content=\"article\" \/>\n<meta property=\"og:title\" content=\"Becoming a Member - Qu\u00e9bequad\" \/>\n<meta property=\"og:description\" content=\"Local and regional clubs establish and maintain trails on a given area and your membership will finance all related tasks. As a member of a federated club, you automatically become part of the FQCQ and enjoy numerous benefits. Four times a year you will receive the \u2018Sentier Quad\u2019 magazine, delivered free to your door, including [&hellip;]\" \/>\n<meta property=\"og:url\" content=\"https:\/\/dev2.wp.fqcq.qc.ca\/en\/devenir-membre\/\" \/>\n<meta property=\"og:site_name\" content=\"Qu\u00e9bequad\" \/>\n<meta property=\"article:modified_time\" content=\"2021-01-20T16:25:35+00:00\" \/>\n<meta property=\"og:image\" content=\"http:\/\/www.dev2.wp.fqcq.qc.ca\/wp-content\/uploads\/IntactAssureurFQCQ-1.png\" \/>\n<meta name=\"twitter:card\" content=\"summary_large_image\" \/>\n<meta name=\"twitter:label1\" content=\"Est. reading time\" \/>\n\t<meta name=\"twitter:data1\" content=\"2 minutes\" \/>\n<script type=\"application\/ld+json\" class=\"yoast-schema-graph\">{\"@context\":\"https:\/\/schema.org\",\"@graph\":[{\"@type\":\"WebSite\",\"@id\":\"https:\/\/dev2.wp.fqcq.qc.ca\/en\/#website\",\"url\":\"https:\/\/dev2.wp.fqcq.qc.ca\/en\/\",\"name\":\"Qu\u00e9bequad\",\"description\":\"F\u00e9d\u00e9ration Qu\u00e9becoise des Clubs de Quad\",\"potentialAction\":[{\"@type\":\"SearchAction\",\"target\":{\"@type\":\"EntryPoint\",\"urlTemplate\":\"https:\/\/dev2.wp.fqcq.qc.ca\/en\/?s={search_term_string}\"},\"query-input\":\"required name=search_term_string\"}],\"inLanguage\":\"en-CA\"},{\"@type\":\"ImageObject\",\"@id\":\"https:\/\/dev2.wp.fqcq.qc.ca\/en\/devenir-membre\/#primaryimage\",\"inLanguage\":\"en-CA\",\"url\":\"http:\/\/www.dev2.wp.fqcq.qc.ca\/wp-content\/uploads\/IntactAssureurFQCQ-1.png\",\"contentUrl\":\"http:\/\/www.dev2.wp.fqcq.qc.ca\/wp-content\/uploads\/IntactAssureurFQCQ-1.png\"},{\"@type\":\"WebPage\",\"@id\":\"https:\/\/dev2.wp.fqcq.qc.ca\/en\/devenir-membre\/#webpage\",\"url\":\"https:\/\/dev2.wp.fqcq.qc.ca\/en\/devenir-membre\/\",\"name\":\"Becoming a Member - Qu\u00e9bequad\",\"isPartOf\":{\"@id\":\"https:\/\/dev2.wp.fqcq.qc.ca\/en\/#website\"},\"primaryImageOfPage\":{\"@id\":\"https:\/\/dev2.wp.fqcq.qc.ca\/en\/devenir-membre\/#primaryimage\"},\"datePublished\":\"2018-09-24T22:25:05+00:00\",\"dateModified\":\"2021-01-20T16:25:35+00:00\",\"breadcrumb\":{\"@id\":\"https:\/\/dev2.wp.fqcq.qc.ca\/en\/devenir-membre\/#breadcrumb\"},\"inLanguage\":\"en-CA\",\"potentialAction\":[{\"@type\":\"ReadAction\",\"target\":[\"https:\/\/dev2.wp.fqcq.qc.ca\/en\/devenir-membre\/\"]}]},{\"@type\":\"BreadcrumbList\",\"@id\":\"https:\/\/dev2.wp.fqcq.qc.ca\/en\/devenir-membre\/#breadcrumb\",\"itemListElement\":[{\"@type\":\"ListItem\",\"position\":1,\"name\":\"Becoming a Member\"}]}]}<\/script>\n<!-- \/ Yoast SEO plugin. -->","yoast_head_json":{"title":"Becoming a Member - Qu\u00e9bequad","robots":{"index":"index","follow":"follow","max-snippet":"max-snippet:-1","max-image-preview":"max-image-preview:large","max-video-preview":"max-video-preview:-1"},"canonical":"https:\/\/dev2.wp.fqcq.qc.ca\/en\/devenir-membre\/","og_locale":"en_US","og_type":"article","og_title":"Becoming a Member - Qu\u00e9bequad","og_description":"Local and regional clubs establish and maintain trails on a given area and your membership will finance all related tasks. As a member of a federated club, you automatically become part of the FQCQ and enjoy numerous benefits. Four times a year you will receive the \u2018Sentier Quad\u2019 magazine, delivered free to your door, including [&hellip;]","og_url":"https:\/\/dev2.wp.fqcq.qc.ca\/en\/devenir-membre\/","og_site_name":"Qu\u00e9bequad","article_modified_time":"2021-01-20T16:25:35+00:00","og_image":[{"url":"http:\/\/www.dev2.wp.fqcq.qc.ca\/wp-content\/uploads\/IntactAssureurFQCQ-1.png"}],"twitter_card":"summary_large_image","twitter_misc":{"Est. reading time":"2 minutes"},"schema":{"@context":"https:\/\/schema.org","@graph":[{"@type":"WebSite","@id":"https:\/\/dev2.wp.fqcq.qc.ca\/en\/#website","url":"https:\/\/dev2.wp.fqcq.qc.ca\/en\/","name":"Qu\u00e9bequad","description":"F\u00e9d\u00e9ration Qu\u00e9becoise des Clubs de Quad","potentialAction":[{"@type":"SearchAction","target":{"@type":"EntryPoint","urlTemplate":"https:\/\/dev2.wp.fqcq.qc.ca\/en\/?s={search_term_string}"},"query-input":"required name=search_term_string"}],"inLanguage":"en-CA"},{"@type":"ImageObject","@id":"https:\/\/dev2.wp.fqcq.qc.ca\/en\/devenir-membre\/#primaryimage","inLanguage":"en-CA","url":"http:\/\/www.dev2.wp.fqcq.qc.ca\/wp-content\/uploads\/IntactAssureurFQCQ-1.png","contentUrl":"http:\/\/www.dev2.wp.fqcq.qc.ca\/wp-content\/uploads\/IntactAssureurFQCQ-1.png"},{"@type":"WebPage","@id":"https:\/\/dev2.wp.fqcq.qc.ca\/en\/devenir-membre\/#webpage","url":"https:\/\/dev2.wp.fqcq.qc.ca\/en\/devenir-membre\/","name":"Becoming a Member - Qu\u00e9bequad","isPartOf":{"@id":"https:\/\/dev2.wp.fqcq.qc.ca\/en\/#website"},"primaryImageOfPage":{"@id":"https:\/\/dev2.wp.fqcq.qc.ca\/en\/devenir-membre\/#primaryimage"},"datePublished":"2018-09-24T22:25:05+00:00","dateModified":"2021-01-20T16:25:35+00:00","breadcrumb":{"@id":"https:\/\/dev2.wp.fqcq.qc.ca\/en\/devenir-membre\/#breadcrumb"},"inLanguage":"en-CA","potentialAction":[{"@type":"ReadAction","target":["https:\/\/dev2.wp.fqcq.qc.ca\/en\/devenir-membre\/"]}]},{"@type":"BreadcrumbList","@id":"https:\/\/dev2.wp.fqcq.qc.ca\/en\/devenir-membre\/#breadcrumb","itemListElement":[{"@type":"ListItem","position":1,"name":"Becoming a Member"}]}]}},"featured_image_src":null,"featured_image_src_square":null,"acf":{"special_display":false},"_links":{"self":[{"href":"https:\/\/dev2.wp.fqcq.qc.ca\/en\/wp-json\/wp\/v2\/pages\/5978"}],"collection":[{"href":"https:\/\/dev2.wp.fqcq.qc.ca\/en\/wp-json\/wp\/v2\/pages"}],"about":[{"href":"https:\/\/dev2.wp.fqcq.qc.ca\/en\/wp-json\/wp\/v2\/types\/page"}],"author":[{"embeddable":true,"href":"https:\/\/dev2.wp.fqcq.qc.ca\/en\/wp-json\/wp\/v2\/users\/6"}],"replies":[{"embeddable":true,"href":"https:\/\/dev2.wp.fqcq.qc.ca\/en\/wp-json\/wp\/v2\/comments?post=5978"}],"version-history":[{"count":0,"href":"https:\/\/dev2.wp.fqcq.qc.ca\/en\/wp-json\/wp\/v2\/pages\/5978\/revisions"}],"wp:attachment":[{"href":"https:\/\/dev2.wp.fqcq.qc.ca\/en\/wp-json\/wp\/v2\/media?parent=5978"}],"curies":[{"name":"wp","href":"https:\/\/api.w.org\/{rel}","templated":true}]}}