{"id":6063,"date":"2018-11-28T11:56:35","date_gmt":"2018-11-28T16:56:35","guid":{"rendered":"http:\/\/www.dev2.wp.fqcq.qc.ca\/cours-de-conduite\/"},"modified":"2020-10-16T06:20:06","modified_gmt":"2020-10-16T10:20:06","slug":"cours-de-conduite","status":"publish","type":"page","link":"https:\/\/dev2.wp.fqcq.qc.ca\/en\/cours-de-conduite\/","title":{"rendered":"Driver Training"},"content":{"rendered":"\n<p class=\"description slab\">To get the most out of your quad experience, the Federation recommends taking an ATV rider course after which you will receive your certificate of competence and knowledge. It should be reminded that this certification is mandatory for users aged 16 or 17, as well as club members using a modified cargo box seat.<\/p>\n\n\n\n<p>For an $85 fee, the 4 to 6 hours training can be taken in every region in Qu\u00e9bec, and is delivered by instructors certified by the Canada Safety Counsel. Participants must provide their equipment: vehicle, helmet, gloves and boots. A valid ID must also be presented to confirm the driver\u2019s age in case of a minor (16 or 17).<\/p>\n\n\n\n<p>The F\u00e9d\u00e9ration des clubs quads du Qu\u00e9bec is an agent of the Government of Qu\u00e9bec for off-road driving training.<\/p>\n\n\n\n<p class=\"has-text-align-center\">&#8211; <i class=\"fal fa-gavel\"><\/i> &#8211;<\/p>\n\n\n\n<h3><strong>Who Should Take the Driving Course?<\/strong><br><\/h3>\n\n\n\n<div class=\"wp-container-69e9e0a5148a1 wp-block-columns has-2-columns\">\n<div class=\"wp-block-column\">\n<p><strong>New drivers age 16 and up<\/strong><\/p>\n\n\n\n<p class=\"has-luminous-vivid-orange-color has-text-color\"><a href=\"#\" target=\"_blank\" rel=\"noopener noreferrer\"><i class=\"fal fa-arrow-circle-right\"><\/i> <strong>Act respecting off-highway vehicles, article 18<\/strong><\/a><\/p>\n\n\n\n<p>\u00ab&nbsp;If the operator is a minor, he must hold a certificate obtained from an officer authorized by the Government and that attests that the operator has the competence and knowledge required to operate an off-highway vehicle. This paragraph does not apply to the holder of a driver\u2019s licence issued by an administrative authority other than the Soci\u00e9t\u00e9 de l\u2019assurance automobile du Qu\u00e9bec authorizing the holder to operate a road vehicle on a public highway within the meaning of the Highway Safety Code (chapter C-24.2).<br><br>To operate an off-highway vehicle on a public highway as provided in this Act, a person must hold a licence authorizing him under the Highway Safety Code to drive a road vehicle on such a highway and must comply with the conditions and restrictions attached to the licence..&nbsp;\u00bb<\/p>\n\n\n\n<p><\/p>\n<\/div>\n\n\n\n<div class=\"wp-block-column\">\n<p><strong>Any user carrying a passenger on a quad bike that has been modified by the addition of an add-on seat.<\/strong><\/p>\n\n\n\n<p class=\"has-luminous-vivid-orange-color has-text-color\"><a href=\"#\" target=\"_blank\" rel=\"noopener noreferrer\"><i class=\"fal fa-arrow-circle-right\"><\/i> <strong>Act respecting off-highway vehicles, article 21.1<\/strong><\/a><\/p>\n\n\n\n<p>\u00ab&nbsp;Despite section 21, a quad bike on which the manufacturer has not installed a passenger seat may be modified to add one provided it is installed according to the instructions and recommendations of the seat manufacturer.<br><br>An operator of a vehicle modified in accordance with the first paragraph must hold a certificate obtained from an officer authorized by the Government attesting that the operator has the competence and knowledge required to operate such a vehicle when transporting a passenger. This paragraph does not apply to the holder of a driver\u2019s licence issued by an administrative authority other than the Soci\u00e9t\u00e9 de l\u2019assurance automobile du Qu\u00e9bec authorizing the holder to operate a road vehicle on a public highway within the meaning of the Highway Safety Code (chapter C-24.2)&nbsp;\u00bb <\/p>\n<\/div>\n<\/div>\n\n\n\n<div style=\"color:#ddd\" class=\"wp-block-atomic-blocks-ab-spacer ab-block-spacer ab-divider-dashed ab-spacer-divider ab-divider-size-1\"><hr style=\"height:90px\"\/><\/div>\n\n\n\n<h3>Content<\/h3>\n\n\n\n<div class=\"wp-container-69e9e0a514e0e wp-block-columns has-2-columns\">\n<div class=\"wp-block-column\">\n<p>The Canadian AQCC Safety Institute (CASI) \u2013 a division of the All-Terrain Quad Council of Canada (AQCC) &#8211; has joined forces with the ATV Safety Institute (ASI) and the Canadian Off-Highway Vehicle Distributors Council (COHV) to offer CASI\u2019s new ATV RiderCourse.<\/p>\n\n\n\n<p>The hands-on training allows students to expand their security knowledge and to practice basic driving skills in a controlled environment under supervision by a certified instructor.<\/p>\n<\/div>\n\n\n\n<div class=\"wp-block-column\">\n<ul><li>Key Program Elements&nbsp;:<\/li><li>Most current ATV safety program in Canada<\/li><li>Most hands-on ATV safety program available<\/li><li>Based on the well-recognized ATV Safety Institute (ASI) program<\/li><li>Program enhanced with input from Chief Instructors across Canada<\/li><li>Supported and endorsed by the Canadian Off-Highway Vehicle Distributors Council and through the Council \u2013 all ATV major manufacturers<\/li><\/ul>\n<\/div>\n<\/div>\n\n\n\n<div style=\"color:#ddd\" class=\"wp-block-atomic-blocks-ab-spacer ab-block-spacer ab-divider-dashed ab-spacer-divider ab-divider-size-1\"><hr style=\"height:90px\"\/><\/div>\n\n\n\n<h3><strong>Exercices and content <\/strong><\/h3>\n\n\n\n<div class=\"wp-container-69e9e0a515495 wp-block-columns has-2-columns\">\n<div class=\"wp-block-column\">\n<div class=\"wp-block-atomic-blocks-ab-accordion ab-block-accordion ab-font-size-16\"><details><summary class=\"ab-accordion-title\">Inspection before driving<\/summary><div class=\"ab-accordion-text\">\n<p>Complete an efficient vehicle inspection before any expedition to ensure a safe travel and prevent any unexpected mechanical issues.<\/p>\n<\/div><\/details><\/div>\n\n\n\n<div class=\"wp-block-atomic-blocks-ab-accordion ab-block-accordion ab-font-size-16\"><details><summary class=\"ab-accordion-title\">Signals, regulations and warm-up exercices <\/summary><div class=\"ab-accordion-text\">\n<p>Familiarize with signals and rules to follow adequately your instructor during the training<br><\/p>\n<\/div><\/details><\/div>\n\n\n\n<div class=\"wp-block-atomic-blocks-ab-accordion ab-block-accordion ab-font-size-16\"><details><summary class=\"ab-accordion-title\">Vehicle Commands<\/summary><div class=\"ab-accordion-text\">\n<p>Fully master control positions to develop adequate reactions during driving<br><\/p>\n<\/div><\/details><\/div>\n\n\n\n<div class=\"wp-block-atomic-blocks-ab-accordion ab-block-accordion ab-font-size-16\"><details><summary class=\"ab-accordion-title\">Starting and Stopping the ATV<\/summary><div class=\"ab-accordion-text\">\n<p>Master engine start-up, moving and stopping the vehicle to ensure proper control during training<br><\/p>\n<\/div><\/details><\/div>\n\n\n\n<div class=\"wp-block-atomic-blocks-ab-accordion ab-block-accordion ab-font-size-16\"><details><summary class=\"ab-accordion-title\">Getting in Gear and Shifting<\/summary><div class=\"ab-accordion-text\">\n<p>Learn about the transmission and variable gear ratios<br><\/p>\n<\/div><\/details><\/div>\n\n\n\n<div class=\"wp-block-atomic-blocks-ab-accordion ab-block-accordion ab-font-size-16\"><details><summary class=\"ab-accordion-title\">Breaking<\/summary><div class=\"ab-accordion-text\">\n<p>Get trained on different breaking techniques to assure secure stoping in various conditions.<br><\/p>\n<\/div><\/details><\/div>\n\n\n\n<div class=\"wp-block-atomic-blocks-ab-accordion ab-block-accordion ab-font-size-16\"><details><summary class=\"ab-accordion-title\">Handling Strategies<\/summary><div class=\"ab-accordion-text\">\n<p>Study different driving techniques with illustrations and context to asses correctly the landscape while traveling off-road and adapt the best handling strategy<br><\/p>\n<\/div><\/details><\/div>\n<\/div>\n\n\n\n<div class=\"wp-block-column\">\n<div class=\"wp-block-atomic-blocks-ab-accordion ab-block-accordion ab-font-size-16\"><details><summary class=\"ab-accordion-title\">Turning, Sharp Turns and Sudden Breaking<\/summary><div class=\"ab-accordion-text\">\n<p>Understand and exercise weight transfer to correctly negotiate turns with a vehicle without a differential.<br><\/p>\n<\/div><\/details><\/div>\n\n\n\n<div class=\"wp-block-atomic-blocks-ab-accordion ab-block-accordion ab-font-size-16\"><details><summary class=\"ab-accordion-title\">Quick stops, Straight Lines and Corners<\/summary><div class=\"ab-accordion-text\">\n<p>Become familiar with vehicle operations in a context of emergency in various situations.<\/p>\n<\/div><\/details><\/div>\n\n\n\n<div class=\"wp-block-atomic-blocks-ab-accordion ab-block-accordion ab-font-size-16\"><details><summary class=\"ab-accordion-title\">Emergency Breaking<\/summary><div class=\"ab-accordion-text\">\n<p>Immobilize the ATV with a quick stop while performing an avoiding action.<\/p>\n<\/div><\/details><\/div>\n\n\n\n<div class=\"wp-block-atomic-blocks-ab-accordion ab-block-accordion ab-font-size-16\"><details><summary class=\"ab-accordion-title\">Negotiate Obstacles<\/summary><div class=\"ab-accordion-text\">\n<p>Learn proper techniques to negotiate various obstacles without incident.<\/p>\n<\/div><\/details><\/div>\n\n\n\n<div class=\"wp-block-atomic-blocks-ab-accordion ab-block-accordion ab-font-size-16\"><details><summary class=\"ab-accordion-title\">Safe Driving Practices; Environment Issues<\/summary><div class=\"ab-accordion-text\">\n<p>Take part in a group discussion about rules of safety and conduct, and areas where circulation is allowed.<\/p>\n<\/div><\/details><\/div>\n\n\n\n<div class=\"wp-block-atomic-blocks-ab-accordion ab-block-accordion ab-font-size-16\"><details><summary class=\"ab-accordion-title\">Crossing Hills<\/summary><div class=\"ab-accordion-text\">\n<p>Practice riding on rugged terrain while applying weight transfer and precise driving.<\/p>\n<\/div><\/details><\/div>\n\n\n\n<div class=\"wp-block-atomic-blocks-ab-accordion ab-block-accordion ab-font-size-16\"><details><summary class=\"ab-accordion-title\">Driving in the Trails<\/summary><div class=\"ab-accordion-text\">\n<p>Circulate in trails with the instructor to get familiarized with different rules and signage in effect.<\/p>\n<\/div><\/details><\/div>\n<\/div>\n<\/div>\n\n\n\n<h2>Instructors by region<\/h2>\n\n\n\n<p>(NOTE: * = Also offered during winter season)<\/p>\n\n\n\n<p><strong>R\u00c9GION 01 BAS ST-LAURENT<\/strong><br>Blouin, Andr\u00e9 418-629-5215 <a href=\"mailto:andreblouin@globetrotter.net\">andreblouin@globetrotter.net<\/a><br>Dumont, Denis 418-868-5083 <a href=\"mailto:denisdumont9@sympatico.ca\">denisdumont9@sympatico.ca<\/a><br>Dumont, St\u00e9phane 418-868-6772 <a href=\"mailto:lesrouleux@hotmail.com\">lesrouleux@hotmail.com<\/a><br>Gagn\u00e9, Guylaine 418-778-5993 <a href=\"mailto:guylainepartydanse@hotmail.com\">guylainepartydanse@hotmail.com<\/a><br>Parent, Majella 418-778-5993 <a href=\"mailto:guylainepartydanse@hotmail.com\">guylainepartydanse@hotmail.com<\/a><\/p>\n\n\n\n<p><strong>R\u00c9GION 02 SAGUENAY \/ LAC ST-JEAN<\/strong><br>*Beaudet, Benjamin 418-815-9468 <a href=\"mailto:coursdeconduitevttsaguenay@gmail.com\">coursdeconduitevttsaguenay@gmail.com<\/a><br>*Gaudreault, Dany 418-817-4777 <a href=\"mailto:coursdeconduitevttsaguenay@gmail.com\">coursdeconduitevttsaguenay@gmail.com<\/a><br>Lachance, Marcel 418-275-3629 <a href=\"mailto:marcellachance43@hotmail.com\">marcellachance43@hotmail.com<\/a><br>*Simard, Sophie 418-815-0555 <a href=\"mailto:coursdeconduitevttsaguenay@gmail.com\">coursdeconduitevttsaguenay@gmail.com<\/a><\/p>\n\n\n\n<p><strong>R\u00c9GION 03 QU\u00c9BEC<\/strong><br>*Tremblay, Pierre 418-822-0164 <a href=\"mailto:com.pierretremblay@gmail.com\">com.pierretremblay@gmail.com<\/a><\/p>\n\n\n\n<p><strong>R\u00c9GION 04 MAURICIE<\/strong><br>*Traversy, Ginette 438-888-7185 <a href=\"mailto:gtraversy@gmail.com\">gtraversy@gmail.com<\/a><\/p>\n\n\n\n<p><strong>R\u00c9GION 05 ESTRIE<\/strong><br>*Suddaby, S. John 819-563-4449 <a href=\"mailto:john.quad46@gmail.com\">john.quad46@gmail.com<\/a><\/p>\n\n\n\n<p><strong>R\u00c9GION 07 OUTAOUAIS<\/strong><br>Lesage, Luc 819-623-9143 <a href=\"mailto:luluti-blanc@hotmail.com\">luluti-blanc@hotmail.com<\/a><br>*Pilon, Philippe 819-648-2928 <a href=\"mailto:suzanne_dubeau61@hotmail.com\">suzanne_dubeau61@hotmail.com<\/a><\/p>\n\n\n\n<p><strong>R\u00c9GION 08 ABITIBI-T\u00c9MISCAMINGUE<\/strong><br>Gauthier, Jacques 819-856-3130 <a href=\"mailto:dadsjacques@hotmail.ca\">dadsjacques@hotmail.ca<\/a><br>No\u00ebl, Richard 819-333-9111 <a href=\"mailto:richardnoel60@hotmail.com\">richardnoel60@hotmail.com<\/a><br>St-Jean, Jos\u00e9e 819-354-5253 <a href=\"mailto:joseestj@hotmail.com\">joseestj@hotmail.com<\/a><\/p>\n\n\n\n<p><strong>R\u00c9GION 09 C\u00d4TE-NORD<\/strong><br>En recrutement<\/p>\n\n\n\n<p><strong>R\u00c9GION 10 NORD DU QU\u00c9BEC<\/strong><br>Connelly, Danny 418-748-4101 <a href=\"mailto:chibougamau@tecnic.ca\">chibougamau@tecnic.ca<\/a><\/p>\n\n\n\n<p><strong>R\u00c9GION 11 GASP\u00c9SIE \/ ILES-DE-LA-MADELEINE<\/strong><br>Arsenault, Ga\u00e9tan 418-752-0433 <a href=\"mailto:gaetan_arsenault@hotmail.com\">gaetan_arsenault@hotmail.com<\/a><br>Blanchette, Richard 418-368-6654 <a href=\"mailto:ohlala@globetrotter.net\">ohlala@globetrotter.net<\/a><br>Boudreau, Jean-Eudes 418-392-9976 <a href=\"mailto:je.boudreau@hotmail.com\">je.boudreau@hotmail.com<\/a><br>Bourgeois, Simon 418-562-3002 <a href=\"mailto:coursvtt.simonbourgeois@gmail.com\">coursvtt.simonbourgeois@gmail.com<\/a><br>*Poirier, St\u00e9phane 418-937-6352 <a href=\"mailto:stefanp2009@outlook.com\">stefanp2009@outlook.com<\/a><\/p>\n\n\n\n<p><strong>R\u00c9GION 12 CHAUDI\u00c8RE-APPALACHES<\/strong><br>*Cliche, Dany 418-334-1996 <a href=\"mailto:dancli@hotmail.com\">dancli@hotmail.com<\/a><br>Gagnon, Michel 418-227-7300 <a href=\"mailto:michelvgagnon68@gmail.com\">michelvgagnon68@gmail.com<\/a><br>Nadeau, Martial 581-680-0563 <a href=\"mailto:coursconduitequadmn@gmail.com\">coursconduitequadmn@gmail.com<\/a><\/p>\n\n\n\n<p><strong>R\u00c9GION 13 LAVAL<\/strong><br>*Beaudoin, Alain 450-569-9878 <a href=\"mailto:beaudoina49@hotmail.com\">beaudoina49@hotmail.com<\/a><\/p>\n\n\n\n<p><strong>R\u00c9GION 14 LANAUDI\u00c8RE<\/strong><br>*Beaudoin, Alain 450-569-9878 <a href=\"mailto:beaudoina49@hotmail.com\">beaudoina49@hotmail.com<\/a><br>Kirchhoff, Franck 819-424-3324 <a href=\"mailto:info@mecaglisse.com\">info@mecaglisse.com<\/a><\/p>\n\n\n\n<p><strong>R\u00c9GION 15 LAVAL \/ LAURENTIDES<\/strong><br>*Beaudoin, Alain 450-569-9878 <a href=\"mailto:beaudoina49@hotmail.com\">beaudoina49@hotmail.com<\/a><br>Lesage, Luc 819-623-9143 <a href=\"mailto:luluti-blanc@hotmail.com\">luluti-blanc@hotmail.com<\/a><br>*Paquette, Richard 450-472-8937 <a href=\"mailto:jmrpaquette@hotmail.com\">jmrpaquette@hotmail.com<\/a><\/p>\n\n\n\n<p><strong>R\u00c9GION 16 MONT\u00c9R\u00c9GIE<\/strong><br>En recrutement<\/p>\n\n\n\n<p><strong>R\u00c9GION 17 CENTRE-DU-QU\u00c9BEC<\/strong><br>*Montminy, Reno 819-352-2294 <a href=\"mailto:reno-11@hotmail.com\">reno-11@hotmail.com<\/a><br>*Quirion, Christian 819-740-3148 <a href=\"mailto:saumoncq@hotmail.com\">saumoncq@hotmail.com<\/a><\/p>\n","protected":false},"excerpt":{"rendered":"<p>To get the most out of your quad experience, the Federation recommends taking an ATV rider course after which you will receive your certificate of competence and knowledge. It should be reminded that this certification is mandatory for users aged 16 or 17, as well as club members using a modified cargo box seat. For [&hellip;]<\/p>\n","protected":false},"author":3,"featured_media":0,"parent":0,"menu_order":0,"comment_status":"closed","ping_status":"closed","template":"","meta":[],"yoast_head":"<!-- This site is optimized with the Yoast SEO plugin v18.4.1 - https:\/\/yoast.com\/wordpress\/plugins\/seo\/ -->\n<title>Driver Training - Qu\u00e9bequad<\/title>\n<meta name=\"robots\" content=\"index, follow, max-snippet:-1, max-image-preview:large, max-video-preview:-1\" \/>\n<link rel=\"canonical\" href=\"https:\/\/dev2.wp.fqcq.qc.ca\/en\/cours-de-conduite\/\" \/>\n<meta property=\"og:locale\" content=\"en_US\" \/>\n<meta property=\"og:type\" content=\"article\" \/>\n<meta property=\"og:title\" content=\"Driver Training - Qu\u00e9bequad\" \/>\n<meta property=\"og:description\" content=\"To get the most out of your quad experience, the Federation recommends taking an ATV rider course after which you will receive your certificate of competence and knowledge. It should be reminded that this certification is mandatory for users aged 16 or 17, as well as club members using a modified cargo box seat. For [&hellip;]\" \/>\n<meta property=\"og:url\" content=\"https:\/\/dev2.wp.fqcq.qc.ca\/en\/cours-de-conduite\/\" \/>\n<meta property=\"og:site_name\" content=\"Qu\u00e9bequad\" \/>\n<meta property=\"article:modified_time\" content=\"2020-10-16T10:20:06+00:00\" \/>\n<meta name=\"twitter:card\" content=\"summary_large_image\" \/>\n<meta name=\"twitter:label1\" content=\"Est. reading time\" \/>\n\t<meta name=\"twitter:data1\" content=\"6 minutes\" \/>\n<script type=\"application\/ld+json\" class=\"yoast-schema-graph\">{\"@context\":\"https:\/\/schema.org\",\"@graph\":[{\"@type\":\"WebSite\",\"@id\":\"https:\/\/dev2.wp.fqcq.qc.ca\/en\/#website\",\"url\":\"https:\/\/dev2.wp.fqcq.qc.ca\/en\/\",\"name\":\"Qu\u00e9bequad\",\"description\":\"F\u00e9d\u00e9ration Qu\u00e9becoise des Clubs de Quad\",\"potentialAction\":[{\"@type\":\"SearchAction\",\"target\":{\"@type\":\"EntryPoint\",\"urlTemplate\":\"https:\/\/dev2.wp.fqcq.qc.ca\/en\/?s={search_term_string}\"},\"query-input\":\"required name=search_term_string\"}],\"inLanguage\":\"en-CA\"},{\"@type\":\"WebPage\",\"@id\":\"https:\/\/dev2.wp.fqcq.qc.ca\/en\/cours-de-conduite\/#webpage\",\"url\":\"https:\/\/dev2.wp.fqcq.qc.ca\/en\/cours-de-conduite\/\",\"name\":\"Driver Training - Qu\u00e9bequad\",\"isPartOf\":{\"@id\":\"https:\/\/dev2.wp.fqcq.qc.ca\/en\/#website\"},\"datePublished\":\"2018-11-28T16:56:35+00:00\",\"dateModified\":\"2020-10-16T10:20:06+00:00\",\"breadcrumb\":{\"@id\":\"https:\/\/dev2.wp.fqcq.qc.ca\/en\/cours-de-conduite\/#breadcrumb\"},\"inLanguage\":\"en-CA\",\"potentialAction\":[{\"@type\":\"ReadAction\",\"target\":[\"https:\/\/dev2.wp.fqcq.qc.ca\/en\/cours-de-conduite\/\"]}]},{\"@type\":\"BreadcrumbList\",\"@id\":\"https:\/\/dev2.wp.fqcq.qc.ca\/en\/cours-de-conduite\/#breadcrumb\",\"itemListElement\":[{\"@type\":\"ListItem\",\"position\":1,\"name\":\"Driver Training\"}]}]}<\/script>\n<!-- \/ Yoast SEO plugin. -->","yoast_head_json":{"title":"Driver Training - Qu\u00e9bequad","robots":{"index":"index","follow":"follow","max-snippet":"max-snippet:-1","max-image-preview":"max-image-preview:large","max-video-preview":"max-video-preview:-1"},"canonical":"https:\/\/dev2.wp.fqcq.qc.ca\/en\/cours-de-conduite\/","og_locale":"en_US","og_type":"article","og_title":"Driver Training - Qu\u00e9bequad","og_description":"To get the most out of your quad experience, the Federation recommends taking an ATV rider course after which you will receive your certificate of competence and knowledge. It should be reminded that this certification is mandatory for users aged 16 or 17, as well as club members using a modified cargo box seat. For [&hellip;]","og_url":"https:\/\/dev2.wp.fqcq.qc.ca\/en\/cours-de-conduite\/","og_site_name":"Qu\u00e9bequad","article_modified_time":"2020-10-16T10:20:06+00:00","twitter_card":"summary_large_image","twitter_misc":{"Est. reading time":"6 minutes"},"schema":{"@context":"https:\/\/schema.org","@graph":[{"@type":"WebSite","@id":"https:\/\/dev2.wp.fqcq.qc.ca\/en\/#website","url":"https:\/\/dev2.wp.fqcq.qc.ca\/en\/","name":"Qu\u00e9bequad","description":"F\u00e9d\u00e9ration Qu\u00e9becoise des Clubs de Quad","potentialAction":[{"@type":"SearchAction","target":{"@type":"EntryPoint","urlTemplate":"https:\/\/dev2.wp.fqcq.qc.ca\/en\/?s={search_term_string}"},"query-input":"required name=search_term_string"}],"inLanguage":"en-CA"},{"@type":"WebPage","@id":"https:\/\/dev2.wp.fqcq.qc.ca\/en\/cours-de-conduite\/#webpage","url":"https:\/\/dev2.wp.fqcq.qc.ca\/en\/cours-de-conduite\/","name":"Driver Training - Qu\u00e9bequad","isPartOf":{"@id":"https:\/\/dev2.wp.fqcq.qc.ca\/en\/#website"},"datePublished":"2018-11-28T16:56:35+00:00","dateModified":"2020-10-16T10:20:06+00:00","breadcrumb":{"@id":"https:\/\/dev2.wp.fqcq.qc.ca\/en\/cours-de-conduite\/#breadcrumb"},"inLanguage":"en-CA","potentialAction":[{"@type":"ReadAction","target":["https:\/\/dev2.wp.fqcq.qc.ca\/en\/cours-de-conduite\/"]}]},{"@type":"BreadcrumbList","@id":"https:\/\/dev2.wp.fqcq.qc.ca\/en\/cours-de-conduite\/#breadcrumb","itemListElement":[{"@type":"ListItem","position":1,"name":"Driver Training"}]}]}},"featured_image_src":null,"featured_image_src_square":null,"acf":{"special_display":false},"_links":{"self":[{"href":"https:\/\/dev2.wp.fqcq.qc.ca\/en\/wp-json\/wp\/v2\/pages\/6063"}],"collection":[{"href":"https:\/\/dev2.wp.fqcq.qc.ca\/en\/wp-json\/wp\/v2\/pages"}],"about":[{"href":"https:\/\/dev2.wp.fqcq.qc.ca\/en\/wp-json\/wp\/v2\/types\/page"}],"author":[{"embeddable":true,"href":"https:\/\/dev2.wp.fqcq.qc.ca\/en\/wp-json\/wp\/v2\/users\/3"}],"replies":[{"embeddable":true,"href":"https:\/\/dev2.wp.fqcq.qc.ca\/en\/wp-json\/wp\/v2\/comments?post=6063"}],"version-history":[{"count":2,"href":"https:\/\/dev2.wp.fqcq.qc.ca\/en\/wp-json\/wp\/v2\/pages\/6063\/revisions"}],"predecessor-version":[{"id":12354,"href":"https:\/\/dev2.wp.fqcq.qc.ca\/en\/wp-json\/wp\/v2\/pages\/6063\/revisions\/12354"}],"wp:attachment":[{"href":"https:\/\/dev2.wp.fqcq.qc.ca\/en\/wp-json\/wp\/v2\/media?parent=6063"}],"curies":[{"name":"wp","href":"https:\/\/api.w.org\/{rel}","templated":true}]}}