{"id":6131,"date":"2019-01-08T15:34:07","date_gmt":"2019-01-08T20:34:07","guid":{"rendered":"http:\/\/www.dev2.wp.fqcq.qc.ca\/?page_id=6131"},"modified":"2019-01-08T16:00:33","modified_gmt":"2019-01-08T21:00:33","slug":"riding-quads","status":"publish","type":"page","link":"https:\/\/dev2.wp.fqcq.qc.ca\/en\/riding-quads\/","title":{"rendered":"Riding Quads"},"content":{"rendered":"\n<p class=\"description slab\">To drive any off-road vehicle in Qu\u00e9bec, users must comply to specific requirements depending on age or vehicle. <\/p>\n\n\n\n<div class=\"wp-block-media-text alignwide bg_gris_clair un_tiers_deux_tiers\"><figure class=\"wp-block-media-text__media\"><img loading=\"lazy\" width=\"600\" height=\"600\" src=\"http:\/\/www.dev2.wp.fqcq.qc.ca\/wp-content\/uploads\/16ans_plus-1.png\" alt=\"\" class=\"wp-image-4794\" srcset=\"https:\/\/dev2.wp.fqcq.qc.ca\/wp-content\/uploads\/16ans_plus-1.png 600w, https:\/\/dev2.wp.fqcq.qc.ca\/wp-content\/uploads\/16ans_plus-1-150x150.png 150w, https:\/\/dev2.wp.fqcq.qc.ca\/wp-content\/uploads\/16ans_plus-1-300x300.png 300w, https:\/\/dev2.wp.fqcq.qc.ca\/wp-content\/uploads\/16ans_plus-1-100x100.png 100w\" sizes=\"(max-width: 600px) 100vw, 600px\" \/><\/figure><div class=\"wp-block-media-text__content\">\n<p class=\"callout\">The minimal age required to drive an ATV is <strong>16<\/strong>, and users aged 16 or 17 must have a <strong>Certificate of competence and knowledge<\/strong>, delivered by the FQCQ or by the F\u00e9d\u00e9ration des clubs de motoneigistes du Qu\u00e9bec, on the exception that the driver has a valid license delivered by a recognized instance other than the Soci\u00e9t\u00e9 de l\u2019assurance automobile du Qu\u00e9bec (i.e.: a driver\u2019s license from Ontario).<br><\/p>\n<\/div><\/div>\n\n\n\n<p style=\"font-size:18px\" class=\"callout_large slab\">In addition to procuring the necessary registrations, the driver must hold a minimum of <strong>$500,000<\/strong> of third-party <strong>liability insurance covering<\/strong> any property and\/or bodily damage causes by the use of an off-road vehicle.<\/p>\n\n\n\n<p>Lastly, a trail permit must be purchased from a club, a dealership, authorized retailers or online. The permit allows the buyer to circulate in provincial trails throughout Qu\u00e9bec and New-Brunswick, in accordance with inter-provincial reciprocal agreements.<br><\/p>\n\n\n\n\t<div id=\"fqcq-bouton-block_5bfeb969e2355\" class=\"fqcq-bouton\">\n\t\t<a class=\"fqcq-inside-bouton right positive inline\" href=\"http:\/\/vente.dev2.wp.fqcq.qc.ca\/login\" target=\"_blank\">\n\t\t\t<span class=\"fqcq-bouton-text\"> Pricing and access rights<\/span>\t\t\t<span class=\"fqcq-bouton-icon\"><i class=\"fal fa-arrow-circle-right\"><\/i><\/span>\t\t<\/a>\n\t<\/div>\t\n\n\n\n<h3><strong>Before Your Ride&nbsp;:<\/strong><br><\/h3>\n\n\n\n<p>To make the most of your off-road trip, make sure your vehicle is in good working order and that you have the right equipment. Avoid bad surprises by planning your itinerary and inquirer to your local club about trail conditions. &nbsp;<\/p>\n\n\n\n<p>Make sure you have:<br><\/p>\n\n\n\n<ul><li>Trail permit or daily pass; <\/li><li>Vehicle registration;<\/li><li>Proof of liability insurance ($500,000)<\/li><li>Photo ID with date of birth;<\/li><li>Certificate of competence and knowledge;<\/li><li>Driver\u2019s license \u2013 required if you cross or use public roads;<\/li><li>Lease contract or rental agreement.<\/li><\/ul>\n\n\n\n<p><\/p>\n","protected":false},"excerpt":{"rendered":"<p>To drive any off-road vehicle in Qu\u00e9bec, users must comply to specific requirements depending on age or vehicle. The minimal age required to drive an ATV is 16, and users aged 16 or 17 must have a Certificate of competence and knowledge, delivered by the FQCQ or by the F\u00e9d\u00e9ration des clubs de motoneigistes du [&hellip;]<\/p>\n","protected":false},"author":3,"featured_media":0,"parent":0,"menu_order":0,"comment_status":"closed","ping_status":"closed","template":"","meta":[],"yoast_head":"<!-- This site is optimized with the Yoast SEO plugin v18.4.1 - https:\/\/yoast.com\/wordpress\/plugins\/seo\/ -->\n<title>Riding Quads - Qu\u00e9bequad<\/title>\n<meta name=\"robots\" content=\"index, follow, max-snippet:-1, max-image-preview:large, max-video-preview:-1\" \/>\n<link rel=\"canonical\" href=\"https:\/\/dev2.wp.fqcq.qc.ca\/en\/riding-quads\/\" \/>\n<meta property=\"og:locale\" content=\"en_US\" \/>\n<meta property=\"og:type\" content=\"article\" \/>\n<meta property=\"og:title\" content=\"Riding Quads - Qu\u00e9bequad\" \/>\n<meta property=\"og:description\" content=\"To drive any off-road vehicle in Qu\u00e9bec, users must comply to specific requirements depending on age or vehicle. The minimal age required to drive an ATV is 16, and users aged 16 or 17 must have a Certificate of competence and knowledge, delivered by the FQCQ or by the F\u00e9d\u00e9ration des clubs de motoneigistes du [&hellip;]\" \/>\n<meta property=\"og:url\" content=\"https:\/\/dev2.wp.fqcq.qc.ca\/en\/riding-quads\/\" \/>\n<meta property=\"og:site_name\" content=\"Qu\u00e9bequad\" \/>\n<meta property=\"article:modified_time\" content=\"2019-01-08T21:00:33+00:00\" \/>\n<meta property=\"og:image\" content=\"http:\/\/www.dev2.wp.fqcq.qc.ca\/wp-content\/uploads\/16ans_plus-1.png\" \/>\n<meta name=\"twitter:card\" content=\"summary_large_image\" \/>\n<meta name=\"twitter:label1\" content=\"Est. reading time\" \/>\n\t<meta name=\"twitter:data1\" content=\"1 minute\" \/>\n<script type=\"application\/ld+json\" class=\"yoast-schema-graph\">{\"@context\":\"https:\/\/schema.org\",\"@graph\":[{\"@type\":\"WebSite\",\"@id\":\"https:\/\/dev2.wp.fqcq.qc.ca\/en\/#website\",\"url\":\"https:\/\/dev2.wp.fqcq.qc.ca\/en\/\",\"name\":\"Qu\u00e9bequad\",\"description\":\"F\u00e9d\u00e9ration Qu\u00e9becoise des Clubs de Quad\",\"potentialAction\":[{\"@type\":\"SearchAction\",\"target\":{\"@type\":\"EntryPoint\",\"urlTemplate\":\"https:\/\/dev2.wp.fqcq.qc.ca\/en\/?s={search_term_string}\"},\"query-input\":\"required name=search_term_string\"}],\"inLanguage\":\"en-CA\"},{\"@type\":\"ImageObject\",\"@id\":\"https:\/\/dev2.wp.fqcq.qc.ca\/en\/riding-quads\/#primaryimage\",\"inLanguage\":\"en-CA\",\"url\":\"http:\/\/www.dev2.wp.fqcq.qc.ca\/wp-content\/uploads\/16ans_plus-1.png\",\"contentUrl\":\"http:\/\/www.dev2.wp.fqcq.qc.ca\/wp-content\/uploads\/16ans_plus-1.png\"},{\"@type\":\"WebPage\",\"@id\":\"https:\/\/dev2.wp.fqcq.qc.ca\/en\/riding-quads\/#webpage\",\"url\":\"https:\/\/dev2.wp.fqcq.qc.ca\/en\/riding-quads\/\",\"name\":\"Riding Quads - Qu\u00e9bequad\",\"isPartOf\":{\"@id\":\"https:\/\/dev2.wp.fqcq.qc.ca\/en\/#website\"},\"primaryImageOfPage\":{\"@id\":\"https:\/\/dev2.wp.fqcq.qc.ca\/en\/riding-quads\/#primaryimage\"},\"datePublished\":\"2019-01-08T20:34:07+00:00\",\"dateModified\":\"2019-01-08T21:00:33+00:00\",\"breadcrumb\":{\"@id\":\"https:\/\/dev2.wp.fqcq.qc.ca\/en\/riding-quads\/#breadcrumb\"},\"inLanguage\":\"en-CA\",\"potentialAction\":[{\"@type\":\"ReadAction\",\"target\":[\"https:\/\/dev2.wp.fqcq.qc.ca\/en\/riding-quads\/\"]}]},{\"@type\":\"BreadcrumbList\",\"@id\":\"https:\/\/dev2.wp.fqcq.qc.ca\/en\/riding-quads\/#breadcrumb\",\"itemListElement\":[{\"@type\":\"ListItem\",\"position\":1,\"name\":\"Riding Quads\"}]}]}<\/script>\n<!-- \/ Yoast SEO plugin. -->","yoast_head_json":{"title":"Riding Quads - Qu\u00e9bequad","robots":{"index":"index","follow":"follow","max-snippet":"max-snippet:-1","max-image-preview":"max-image-preview:large","max-video-preview":"max-video-preview:-1"},"canonical":"https:\/\/dev2.wp.fqcq.qc.ca\/en\/riding-quads\/","og_locale":"en_US","og_type":"article","og_title":"Riding Quads - Qu\u00e9bequad","og_description":"To drive any off-road vehicle in Qu\u00e9bec, users must comply to specific requirements depending on age or vehicle. The minimal age required to drive an ATV is 16, and users aged 16 or 17 must have a Certificate of competence and knowledge, delivered by the FQCQ or by the F\u00e9d\u00e9ration des clubs de motoneigistes du [&hellip;]","og_url":"https:\/\/dev2.wp.fqcq.qc.ca\/en\/riding-quads\/","og_site_name":"Qu\u00e9bequad","article_modified_time":"2019-01-08T21:00:33+00:00","og_image":[{"url":"http:\/\/www.dev2.wp.fqcq.qc.ca\/wp-content\/uploads\/16ans_plus-1.png"}],"twitter_card":"summary_large_image","twitter_misc":{"Est. reading time":"1 minute"},"schema":{"@context":"https:\/\/schema.org","@graph":[{"@type":"WebSite","@id":"https:\/\/dev2.wp.fqcq.qc.ca\/en\/#website","url":"https:\/\/dev2.wp.fqcq.qc.ca\/en\/","name":"Qu\u00e9bequad","description":"F\u00e9d\u00e9ration Qu\u00e9becoise des Clubs de Quad","potentialAction":[{"@type":"SearchAction","target":{"@type":"EntryPoint","urlTemplate":"https:\/\/dev2.wp.fqcq.qc.ca\/en\/?s={search_term_string}"},"query-input":"required name=search_term_string"}],"inLanguage":"en-CA"},{"@type":"ImageObject","@id":"https:\/\/dev2.wp.fqcq.qc.ca\/en\/riding-quads\/#primaryimage","inLanguage":"en-CA","url":"http:\/\/www.dev2.wp.fqcq.qc.ca\/wp-content\/uploads\/16ans_plus-1.png","contentUrl":"http:\/\/www.dev2.wp.fqcq.qc.ca\/wp-content\/uploads\/16ans_plus-1.png"},{"@type":"WebPage","@id":"https:\/\/dev2.wp.fqcq.qc.ca\/en\/riding-quads\/#webpage","url":"https:\/\/dev2.wp.fqcq.qc.ca\/en\/riding-quads\/","name":"Riding Quads - Qu\u00e9bequad","isPartOf":{"@id":"https:\/\/dev2.wp.fqcq.qc.ca\/en\/#website"},"primaryImageOfPage":{"@id":"https:\/\/dev2.wp.fqcq.qc.ca\/en\/riding-quads\/#primaryimage"},"datePublished":"2019-01-08T20:34:07+00:00","dateModified":"2019-01-08T21:00:33+00:00","breadcrumb":{"@id":"https:\/\/dev2.wp.fqcq.qc.ca\/en\/riding-quads\/#breadcrumb"},"inLanguage":"en-CA","potentialAction":[{"@type":"ReadAction","target":["https:\/\/dev2.wp.fqcq.qc.ca\/en\/riding-quads\/"]}]},{"@type":"BreadcrumbList","@id":"https:\/\/dev2.wp.fqcq.qc.ca\/en\/riding-quads\/#breadcrumb","itemListElement":[{"@type":"ListItem","position":1,"name":"Riding Quads"}]}]}},"featured_image_src":null,"featured_image_src_square":null,"acf":[],"_links":{"self":[{"href":"https:\/\/dev2.wp.fqcq.qc.ca\/en\/wp-json\/wp\/v2\/pages\/6131"}],"collection":[{"href":"https:\/\/dev2.wp.fqcq.qc.ca\/en\/wp-json\/wp\/v2\/pages"}],"about":[{"href":"https:\/\/dev2.wp.fqcq.qc.ca\/en\/wp-json\/wp\/v2\/types\/page"}],"author":[{"embeddable":true,"href":"https:\/\/dev2.wp.fqcq.qc.ca\/en\/wp-json\/wp\/v2\/users\/3"}],"replies":[{"embeddable":true,"href":"https:\/\/dev2.wp.fqcq.qc.ca\/en\/wp-json\/wp\/v2\/comments?post=6131"}],"version-history":[{"count":0,"href":"https:\/\/dev2.wp.fqcq.qc.ca\/en\/wp-json\/wp\/v2\/pages\/6131\/revisions"}],"wp:attachment":[{"href":"https:\/\/dev2.wp.fqcq.qc.ca\/en\/wp-json\/wp\/v2\/media?parent=6131"}],"curies":[{"name":"wp","href":"https:\/\/api.w.org\/{rel}","templated":true}]}}