{"id":6161,"date":"2017-04-04T18:24:40","date_gmt":"2017-04-04T22:24:40","guid":{"rendered":"http:\/\/www.dev2.wp.fqcq.qc.ca\/cartes-des-sentiers-federes-par-zec\/"},"modified":"2019-01-08T16:57:03","modified_gmt":"2019-01-08T21:57:03","slug":"cartes-des-sentiers-federes-par-zec","status":"publish","type":"page","link":"https:\/\/dev2.wp.fqcq.qc.ca\/en\/cartes-des-sentiers-federes-par-zec\/","title":{"rendered":"Federated Trails Maps 2018 by ZEC"},"content":{"rendered":"\n<h2>Maps by zec in PDF format<\/h2>\n\n\n\n<div class=\"wp-container-69e9e2ecc9d51 wp-block-columns has-2-columns\">\n<div class=\"wp-block-column\">\n<p>Here are the maps, zec, federated trails on which members of quad clubs will be able to circulate free of charge at the end of the thaw. That is, according to the normal thaw period, from May 15, 2018.<\/p>\n\n\n\n<p><\/p>\n<\/div>\n\n\n\n<div class=\"wp-block-column\">\n<p class=\"has-medium-font-size callout_large bg_gris_dark orange\"><strong>IMPORTANT<\/strong>\u00a0: Even if they no longer have to pay fees to use the federated trail located on a zec, drivers will have to continue to register at the entrance and exit of each zec.<\/p>\n<\/div>\n<\/div>\n","protected":false},"excerpt":{"rendered":"<p>Maps by zec in PDF format Here are the maps, zec, federated trails on which members of quad clubs will be able to circulate free of charge at the end of the thaw. That is, according to the normal thaw period, from May 15, 2018. IMPORTANT\u00a0: Even if they no longer have to pay fees [&hellip;]<\/p>\n","protected":false},"author":6,"featured_media":0,"parent":0,"menu_order":2,"comment_status":"closed","ping_status":"closed","template":"cartes-zecs.php","meta":[],"yoast_head":"<!-- This site is optimized with the Yoast SEO plugin v18.4.1 - https:\/\/yoast.com\/wordpress\/plugins\/seo\/ -->\n<title>Federated Trails Maps 2018 by ZEC - Qu\u00e9bequad<\/title>\n<meta name=\"robots\" content=\"index, follow, max-snippet:-1, max-image-preview:large, max-video-preview:-1\" \/>\n<link rel=\"canonical\" href=\"https:\/\/dev2.wp.fqcq.qc.ca\/en\/cartes-des-sentiers-federes-par-zec\/\" \/>\n<meta property=\"og:locale\" content=\"en_US\" \/>\n<meta property=\"og:type\" content=\"article\" \/>\n<meta property=\"og:title\" content=\"Federated Trails Maps 2018 by ZEC - Qu\u00e9bequad\" \/>\n<meta property=\"og:description\" content=\"Maps by zec in PDF format Here are the maps, zec, federated trails on which members of quad clubs will be able to circulate free of charge at the end of the thaw. That is, according to the normal thaw period, from May 15, 2018. IMPORTANT\u00a0: Even if they no longer have to pay fees [&hellip;]\" \/>\n<meta property=\"og:url\" content=\"https:\/\/dev2.wp.fqcq.qc.ca\/en\/cartes-des-sentiers-federes-par-zec\/\" \/>\n<meta property=\"og:site_name\" content=\"Qu\u00e9bequad\" \/>\n<meta property=\"article:modified_time\" content=\"2019-01-08T21:57:03+00:00\" \/>\n<meta name=\"twitter:card\" content=\"summary_large_image\" \/>\n<script type=\"application\/ld+json\" class=\"yoast-schema-graph\">{\"@context\":\"https:\/\/schema.org\",\"@graph\":[{\"@type\":\"WebSite\",\"@id\":\"https:\/\/dev2.wp.fqcq.qc.ca\/en\/#website\",\"url\":\"https:\/\/dev2.wp.fqcq.qc.ca\/en\/\",\"name\":\"Qu\u00e9bequad\",\"description\":\"F\u00e9d\u00e9ration Qu\u00e9becoise des Clubs de Quad\",\"potentialAction\":[{\"@type\":\"SearchAction\",\"target\":{\"@type\":\"EntryPoint\",\"urlTemplate\":\"https:\/\/dev2.wp.fqcq.qc.ca\/en\/?s={search_term_string}\"},\"query-input\":\"required name=search_term_string\"}],\"inLanguage\":\"en-CA\"},{\"@type\":\"WebPage\",\"@id\":\"https:\/\/dev2.wp.fqcq.qc.ca\/en\/cartes-des-sentiers-federes-par-zec\/#webpage\",\"url\":\"https:\/\/dev2.wp.fqcq.qc.ca\/en\/cartes-des-sentiers-federes-par-zec\/\",\"name\":\"Federated Trails Maps 2018 by ZEC - Qu\u00e9bequad\",\"isPartOf\":{\"@id\":\"https:\/\/dev2.wp.fqcq.qc.ca\/en\/#website\"},\"datePublished\":\"2017-04-04T22:24:40+00:00\",\"dateModified\":\"2019-01-08T21:57:03+00:00\",\"breadcrumb\":{\"@id\":\"https:\/\/dev2.wp.fqcq.qc.ca\/en\/cartes-des-sentiers-federes-par-zec\/#breadcrumb\"},\"inLanguage\":\"en-CA\",\"potentialAction\":[{\"@type\":\"ReadAction\",\"target\":[\"https:\/\/dev2.wp.fqcq.qc.ca\/en\/cartes-des-sentiers-federes-par-zec\/\"]}]},{\"@type\":\"BreadcrumbList\",\"@id\":\"https:\/\/dev2.wp.fqcq.qc.ca\/en\/cartes-des-sentiers-federes-par-zec\/#breadcrumb\",\"itemListElement\":[{\"@type\":\"ListItem\",\"position\":1,\"name\":\"Federated Trails Maps 2018 by ZEC\"}]}]}<\/script>\n<!-- \/ Yoast SEO plugin. -->","yoast_head_json":{"title":"Federated Trails Maps 2018 by ZEC - Qu\u00e9bequad","robots":{"index":"index","follow":"follow","max-snippet":"max-snippet:-1","max-image-preview":"max-image-preview:large","max-video-preview":"max-video-preview:-1"},"canonical":"https:\/\/dev2.wp.fqcq.qc.ca\/en\/cartes-des-sentiers-federes-par-zec\/","og_locale":"en_US","og_type":"article","og_title":"Federated Trails Maps 2018 by ZEC - Qu\u00e9bequad","og_description":"Maps by zec in PDF format Here are the maps, zec, federated trails on which members of quad clubs will be able to circulate free of charge at the end of the thaw. That is, according to the normal thaw period, from May 15, 2018. IMPORTANT\u00a0: Even if they no longer have to pay fees [&hellip;]","og_url":"https:\/\/dev2.wp.fqcq.qc.ca\/en\/cartes-des-sentiers-federes-par-zec\/","og_site_name":"Qu\u00e9bequad","article_modified_time":"2019-01-08T21:57:03+00:00","twitter_card":"summary_large_image","schema":{"@context":"https:\/\/schema.org","@graph":[{"@type":"WebSite","@id":"https:\/\/dev2.wp.fqcq.qc.ca\/en\/#website","url":"https:\/\/dev2.wp.fqcq.qc.ca\/en\/","name":"Qu\u00e9bequad","description":"F\u00e9d\u00e9ration Qu\u00e9becoise des Clubs de Quad","potentialAction":[{"@type":"SearchAction","target":{"@type":"EntryPoint","urlTemplate":"https:\/\/dev2.wp.fqcq.qc.ca\/en\/?s={search_term_string}"},"query-input":"required name=search_term_string"}],"inLanguage":"en-CA"},{"@type":"WebPage","@id":"https:\/\/dev2.wp.fqcq.qc.ca\/en\/cartes-des-sentiers-federes-par-zec\/#webpage","url":"https:\/\/dev2.wp.fqcq.qc.ca\/en\/cartes-des-sentiers-federes-par-zec\/","name":"Federated Trails Maps 2018 by ZEC - Qu\u00e9bequad","isPartOf":{"@id":"https:\/\/dev2.wp.fqcq.qc.ca\/en\/#website"},"datePublished":"2017-04-04T22:24:40+00:00","dateModified":"2019-01-08T21:57:03+00:00","breadcrumb":{"@id":"https:\/\/dev2.wp.fqcq.qc.ca\/en\/cartes-des-sentiers-federes-par-zec\/#breadcrumb"},"inLanguage":"en-CA","potentialAction":[{"@type":"ReadAction","target":["https:\/\/dev2.wp.fqcq.qc.ca\/en\/cartes-des-sentiers-federes-par-zec\/"]}]},{"@type":"BreadcrumbList","@id":"https:\/\/dev2.wp.fqcq.qc.ca\/en\/cartes-des-sentiers-federes-par-zec\/#breadcrumb","itemListElement":[{"@type":"ListItem","position":1,"name":"Federated Trails Maps 2018 by ZEC"}]}]}},"featured_image_src":null,"featured_image_src_square":null,"acf":{"zecs":[{"nom":"Batiscan-Neilson","carte":"https:\/\/dev2.wp.fqcq.qc.ca\/wp-content\/uploads\/carteszecs2018_zec-batiscan-neilsonv2.pdf"},{"nom":"Casault","carte":"https:\/\/dev2.wp.fqcq.qc.ca\/wp-content\/uploads\/carteszecs2018_zec-casault.pdf"},{"nom":"Chapais","carte":"https:\/\/dev2.wp.fqcq.qc.ca\/wp-content\/uploads\/carteszecs2018_zec-chapais.pdf"},{"nom":"Cap-Cha","carte":"https:\/\/dev2.wp.fqcq.qc.ca\/wp-content\/uploads\/carteszecs2018_zec-de-cap-chat.pdf"},{"nom":"Forestville","carte":"https:\/\/dev2.wp.fqcq.qc.ca\/wp-content\/uploads\/carteszecs2018_zec-de-forestville.pdf"},{"nom":"La Bessonne","carte":"https:\/\/dev2.wp.fqcq.qc.ca\/wp-content\/uploads\/carteszecs2018_zec-de-la-bessonne_v2.pdf"},{"nom":"La Maison-de-Pierre","carte":"https:\/\/dev2.wp.fqcq.qc.ca\/wp-content\/uploads\/carteszecs2018_zec-de-la-maison-de-pierre.pdf"},{"nom":"L'Anse-Saint-Jean","carte":"https:\/\/dev2.wp.fqcq.qc.ca\/wp-content\/uploads\/carteszecs2018_zec-de-lanse-saint-jean.pdf"},{"nom":"Les Anses","carte":"https:\/\/dev2.wp.fqcq.qc.ca\/wp-content\/uploads\/carteszecs2018_zec-des-anses.pdf"},{"nom":"Les Martes","carte":"https:\/\/dev2.wp.fqcq.qc.ca\/wp-content\/uploads\/carteszecs2018_zec-des-martres.pdf"},{"nom":"Les Nymphes","carte":"https:\/\/dev2.wp.fqcq.qc.ca\/wp-content\/uploads\/carteszecs2018_zec-des-nymphes.pdf"},{"nom":"Iberville","carte":"https:\/\/dev2.wp.fqcq.qc.ca\/wp-content\/uploads\/carteszecs2018_zec-diberville1.pdf"},{"nom":"Bas-Saint-Laurent","carte":"https:\/\/dev2.wp.fqcq.qc.ca\/wp-content\/uploads\/carteszecs2018_zec-du-bas-saint-laurent.pdf"},{"nom":"Chapeau-de-Paille","carte":"https:\/\/dev2.wp.fqcq.qc.ca\/wp-content\/uploads\/carteszecs2018_zec-du-chapeau-de-paille.pdf"},{"nom":"Lac-au-Sable","carte":"https:\/\/dev2.wp.fqcq.qc.ca\/wp-content\/uploads\/carteszecs2018_zec-du-lac-au-sable.pdf"},{"nom":"Lac-Br\u00e9beuf","carte":"https:\/\/dev2.wp.fqcq.qc.ca\/wp-content\/uploads\/carteszecs2018_zec-du-lac-brbeuf.pdf"},{"nom":"Lac-de-la-Boiteuse","carte":"https:\/\/dev2.wp.fqcq.qc.ca\/wp-content\/uploads\/carteszecs2018_zec-du-lac-de-la-boiteuse.pdf"},{"nom":"Jaro","carte":"https:\/\/dev2.wp.fqcq.qc.ca\/wp-content\/uploads\/carteszecs2018_zec-jaro.pdf"},{"nom":"Jeannotte","carte":"https:\/\/dev2.wp.fqcq.qc.ca\/wp-content\/uploads\/carteszecs2018_zec-jeannotte.pdf"},{"nom":"Kiskissink_v2","carte":"https:\/\/dev2.wp.fqcq.qc.ca\/wp-content\/uploads\/carteszecs2018_zec-kiskissink_v2.pdf"},{"nom":"Lavigne","carte":"https:\/\/dev2.wp.fqcq.qc.ca\/wp-content\/uploads\/carteszecs2018_zec-lavigne.pdf"},{"nom":"Lesueur","carte":"https:\/\/dev2.wp.fqcq.qc.ca\/wp-content\/uploads\/carteszecs2018_zec-lesueur.pdf"},{"nom":"Mars-Moulin","carte":"https:\/\/dev2.wp.fqcq.qc.ca\/wp-content\/uploads\/carteszecs2018_zec-mars-moulin_v2.pdf"},{"nom":"Martin-Valin","carte":"https:\/\/dev2.wp.fqcq.qc.ca\/wp-content\/uploads\/carteszecs2018_zec-martin-valin.pdf"},{"nom":"Mazana","carte":"https:\/\/dev2.wp.fqcq.qc.ca\/wp-content\/uploads\/carteszecs2018_zec-mazana.pdf"},{"nom":"Mitchinamecus","carte":"https:\/\/dev2.wp.fqcq.qc.ca\/wp-content\/uploads\/carteszecs2018_zec-mitchinamecus.pdf"},{"nom":"Nordique","carte":"https:\/\/dev2.wp.fqcq.qc.ca\/wp-content\/uploads\/carteszecs2018_zec-nordique.pdf"},{"nom":"Normandie","carte":"https:\/\/dev2.wp.fqcq.qc.ca\/wp-content\/uploads\/carteszecs2018_zec-normandie.pdf"},{"nom":"Petawaga","carte":"https:\/\/dev2.wp.fqcq.qc.ca\/wp-content\/uploads\/carteszecs2018_zec-petawaga.pdf"},{"nom":"Tawachiche","carte":"https:\/\/dev2.wp.fqcq.qc.ca\/wp-content\/uploads\/carteszecs2018_zec-tawachiche.pdf"},{"nom":"Wessonneau","carte":"https:\/\/dev2.wp.fqcq.qc.ca\/wp-content\/uploads\/carteszecs2018_zec-wessonneau.pdf"}],"special_display":false},"_links":{"self":[{"href":"https:\/\/dev2.wp.fqcq.qc.ca\/en\/wp-json\/wp\/v2\/pages\/6161"}],"collection":[{"href":"https:\/\/dev2.wp.fqcq.qc.ca\/en\/wp-json\/wp\/v2\/pages"}],"about":[{"href":"https:\/\/dev2.wp.fqcq.qc.ca\/en\/wp-json\/wp\/v2\/types\/page"}],"author":[{"embeddable":true,"href":"https:\/\/dev2.wp.fqcq.qc.ca\/en\/wp-json\/wp\/v2\/users\/6"}],"replies":[{"embeddable":true,"href":"https:\/\/dev2.wp.fqcq.qc.ca\/en\/wp-json\/wp\/v2\/comments?post=6161"}],"version-history":[{"count":0,"href":"https:\/\/dev2.wp.fqcq.qc.ca\/en\/wp-json\/wp\/v2\/pages\/6161\/revisions"}],"wp:attachment":[{"href":"https:\/\/dev2.wp.fqcq.qc.ca\/en\/wp-json\/wp\/v2\/media?parent=6161"}],"curies":[{"name":"wp","href":"https:\/\/api.w.org\/{rel}","templated":true}]}}