{"id":6172,"date":"2018-12-14T14:06:15","date_gmt":"2018-12-14T19:06:15","guid":{"rendered":"http:\/\/www.dev2.wp.fqcq.qc.ca\/developpement-et-commercialisation\/"},"modified":"2019-02-18T14:17:36","modified_gmt":"2019-02-18T19:17:36","slug":"development-and-promotion","status":"publish","type":"page","link":"https:\/\/dev2.wp.fqcq.qc.ca\/en\/development-and-promotion\/","title":{"rendered":"Development and promotion"},"content":{"rendered":"\n<h2>Organisation de la pratique du quad au Qu\u00e9bec<\/h2>\n\n\n\n<div class=\"wp-container-69e74b896ba45 wp-block-columns has-2-columns\">\n<div class=\"wp-block-column\">\n<p>With its 134 clubs and more than 48,000 FQCQ (F\u00e9d\u00e9ration Qu\u00e9b\u00e9coise des Clubs Quads) members throughout the territory, Quebec has a unique structure and operating framework. <\/p>\n\n\n\n<p><\/p>\n<\/div>\n\n\n\n<div class=\"wp-block-column\">\n<p>There are an estimated 300,000 vehicles in circulation in the province of Qu\u00e9bec alone, of which 294,706 are registered with the S.A.A.Q. ATVing can be practiced year-round, notably in winter (on trails maintained by clubs).<\/p>\n<\/div>\n<\/div>\n\n\n\n<h3>Atving and clubs statistics. Quad: a young and growing industry.<\/h3>\n\n\n\t\n\t\t\n\t\n\t<div id=\"lfdb-media-text-block_5c1408a14a587\" class=\"lfdb-media-text entry-content\">\n\t\t<div class=\"lfdb-media-text-flex invert \">\n\t\t\t<div id=\"lfdb-media-block_5c1408a14a587\" class=\"lfdb-media\"\n\t\t\t\tstyle=\"\n\t\t\t\t\t\t\t\t\t\t\tbackground-color: #f6f6f6;\n\t\t\t\t\t\t\t\t\t\tbackground-image: url();\n\t\t\t\t\tbackground-position: center center;\n\t\t\t\t\tbackground-repeat: no-repeat;\n\t\t\t\t\tbackground-size: cover;\n\t\t\t\t\"\t\n\t\t\t>\n\t\t\t\t<img loading=\"lazy\" style=\"opacity: 0 !important;\" src=\"\" width=\"300\" height=\"300\"\/>\n\t\t\t<\/div><!-- lfdb-media -->\n\t\t\t<div id=\"lfdb-text-block_5c1408a14a587\" class=\"lfdb-text\">\n\t\t\t\t<div class=\"lfdb-text-content\">\n\t\t\t\t\t\t\t\t\t\t\t<h2>In 10 years, from 1993 to 2004:<\/h2>\n\t\t\t\t\t\t\t\t\t\t\t\t\t\t\t\t<div class=\"lfdb-text-paragraphs\">\n\t\t\t\t\t\t\t<p>The number of registered ATVs has more than doubled, going from <b>128,901<\/b> to <b>294,706<\/b>, adding more than 165,805 vehicles, which converts to a <b>116%<\/b> increase.<\/p>\n\t\t\t\t\t\t<\/div>\n\t\t\t\t\t\t\t\t\t\t\t\t\t\t<\/div><!-- lfdb-text-content -->\n\t\t\t<\/div><!-- lfdb-text -->\n\t\t<\/div><!-- lfdb-media-text-flex -->\n\t<\/div>\n\n\t\t\t\n\t\n\n\n<p>As of September 2001, 13% of the adult population in Qu\u00e9bec had practiced at least a quad leisure trip of an hour or more, during the preceding 12 months. ATVing appears to be as thriving as much if not more than snowmobile. (Practice rates for snowmobile were 14% in 1998, while numbers of registered vehicles have been decreasing since 1995).<\/p>\n\n\n\n<p>Source: Final report from Desjardins Marketing Strat\u00e9gie, in collaboration with Tescult inc. Qu\u00e9bec, August 2004.<\/p>\n\n\n\n<h3>Marked trail network<\/h3>\n\n\n\n<p>Clubs affiliated to the FQCQ offer <strong>17,045 km<\/strong> of trails, of which <strong>9,661.15 km<\/strong> are available in winter only, <strong>7,384 km<\/strong> during the summer and <strong>4,685 km<\/strong> year-round.<br><\/p>\n\n\n\n<div class=\"wp-container-69e74b8974edc wp-block-columns has-2-columns\">\n<div class=\"wp-block-column\">\n<p><strong>Listing of regions offering year-round access to the trails:<\/strong><br><\/p>\n\n\n\n<ul><li>Bas-Saint-Laurent<\/li><li>Saguenay-Lac-Saint-Jean<\/li><li>Capitale-Nationale<\/li><li>Mauricie<\/li><li>Estrie<\/li><li>Outaouais<\/li><li>Abitibi-T\u00e9miscamingue<\/li><li>\u00celes-de-la-Madeleine<\/li><li>Chaudi\u00e8re-Appalaches<\/li><li>Lanaudi\u00e8re<\/li><li>Laurentides<\/li><li>Mont\u00e9r\u00e9gie<\/li><li>Centre-du-Qu\u00e9bec<\/li><\/ul>\n<\/div>\n\n\n\n<div class=\"wp-block-column\">\n<p><strong>Winter Trail Access:<\/strong><\/p>\n\n\n\n<ul><li>Capitale-Nationale<\/li><\/ul>\n\n\n\n<p><strong>Summer trail Access\u00a0:<\/strong><\/p>\n\n\n\n<ul><li>C\u00f4te-Nord<\/li><li>Capitale-Nationale<\/li><li>Gasp\u00e9sie<\/li><\/ul>\n<\/div>\n<\/div>\n\n\n\n<h3>The qu\u00e9bec market<\/h3>\n\n\n\n<p>Desired aspects sought by quad drivers:<\/p>\n\n\n\n<ul><li>Well maintained trails<\/li><li>Adequate signage<\/li><li>Beautiful landscapes<\/li><\/ul>\n\n\n\n<p>Snow conditions in the winter and vast natural expanses easily accessible via trail networks, making it even more important to rely on field crews composed of local clubs, overseen by a strong and representative provincial organization.<br><\/p>\n\n\n\n<h3>The industry<\/h3>\n\n\n\n<table>\n\t<thead>\n\t\t<tr>\n\t\t\t<th>Year\n\t\t\t<\/th><th>Registered Vehicles on December 31st<\/th>\n\t\t\t<th>Members on October 31st<\/th>\n\t\t\t<th>KM of trails<\/th>\n\t\t\t<th>Member Clubs on April 30th<\/th>\n\t\t\t<th>New off-road vehicles sold in Qu\u00e9bec<\/th>\n\t\t<\/tr>\n\t<\/thead>\n\t<tbody>\n\t\t<tr>\n\t\t\t<td>2003<\/td>\n\t\t\t<td>276 576<\/td>\n\t\t\t<td>51 108<\/td>\n\t\t\t<td>17 159<\/td>\n\t\t\t<td>140<\/td>\n\t\t\t<td>28 605<\/td>\n\t\t<\/tr>\n\t\t<tr>\n\t\t\t<td>2002<\/td>\n\t\t\t<td>257 993<\/td>\n\t\t\t<td>43 867<\/td>\n\t\t\t<td>16 436<\/td>\n\t\t\t<td>130<\/td>\n\t\t\t<td>37 303<\/td>\n\t\t<\/tr>\n\t\t<tr>\n\t\t\t<td>2001<\/td>\n\t\t\t<td>238 151<\/td>\n\t\t\t<td>33 658<\/td>\n\t\t\t<td>15 046<\/td>\n\t\t\t<td>121<\/td>\n\t\t\t<td>23 415<\/td>\n\t\t<\/tr>\n\t\t<tr>\n\t\t\t<td>2000<\/td>\n\t\t\t<td>222 596<\/td>\n\t\t\t<td>31 711<\/td>\n\t\t\t<td>11 334<\/td>\n\t\t\t<td>109<\/td>\n\t\t\t<td>21 816<\/td>\n\t\t<\/tr>\n\t\t<tr>\n\t\t\t<td>1999<\/td>\n\t\t\t<td>191 311<\/td>\n\t\t\t<td>23 517<\/td>\n\t\t\t<td>8 906<\/td>\n\t\t\t<td>100<\/td>\n\t\t\t<td>17 807<\/td>\n\t\t<\/tr>\n\t\t<tr>\n\t\t\t<td>1998<\/td>\n\t\t\t<td>175 026<\/td>\n\t\t\t<td>16 644<\/td>\n\t\t\t<td>N\/D<\/td>\n\t\t\t<td>95<\/td>\n\t\t\t<td>11 117<\/td>\n\t\t<\/tr>\n\t\t<tr>\n\t\t\t<td>1997<\/td>\n\t\t\t<td>162 892<\/td>\n\t\t\t<td>12 500<\/td>\n\t\t\t<td>N\/D<\/td>\n\t\t\t<td>77<\/td>\n\t\t\t<td>10 548<\/td>\n\t\t<\/tr>\n\t\t<tr>\n\t\t\t<td>1996<\/td>\n\t\t\t<td>156 194<\/td>\n\t\t\t<td>11 000<\/td>\n\t\t\t<td>8 227<\/td>\n\t\t\t<td>72<\/td>\n\t\t\t<td>8 663<\/td>\n\t\t<\/tr>\n\t\t<tr>\n\t\t\t<td>1995<\/td>\n\t\t\t<td>147 647<\/td>\n\t\t\t<td>9000<\/td>\n\t\t\t<td><\/td>\n\t\t\t<td>60<\/td>\n\t\t\t<td>9 238<\/td>\n\t\t<\/tr>\n\t\t<tr>\n\t\t\t<td>1994<\/td>\n\t\t\t<td>138 172<\/td>\n\t\t\t<td>N\/D<\/td>\n\t\t\t<td><\/td>\n\t\t\t<td>53<\/td>\n\t\t\t<td>9 812<\/td>\n\t\t<\/tr>\n\t\t<tr>\n\t\t\t<td>1993<\/td>\n\t\t\t<td>128 901<\/td>\n\t\t\t<td>N\/D<\/td>\n\t\t\t<td><\/td>\n\t\t\t<td>51<\/td>\n\t\t\t<td>11 429<\/td>\n\t\t<\/tr>\n\t<\/tbody>\n<\/table>\n\n\n\n<h3>Overview of the economic impact of the quad industry in quebec<br><\/h3>\n\n\n\n<p>Spending associated with ATVing is estimated at around $250 million. Economic fallouts benefit regions where the economy is less diversified. <\/p>\n\n\n\t\n\t\t\n\t\n\t<div id=\"lfdb-media-text-block_5c14073e4a586\" class=\"lfdb-media-text entry-content\">\n\t\t<div class=\"lfdb-media-text-flex  \">\n\t\t\t<div id=\"lfdb-media-block_5c14073e4a586\" class=\"lfdb-media\"\n\t\t\t\tstyle=\"\n\t\t\t\t\t\t\t\t\t\t\tbackground-color: #f6f6f6;\n\t\t\t\t\t\t\t\t\t\tbackground-image: url();\n\t\t\t\t\tbackground-position: center center;\n\t\t\t\t\tbackground-repeat: no-repeat;\n\t\t\t\t\tbackground-size: cover;\n\t\t\t\t\"\t\n\t\t\t>\n\t\t\t\t<img loading=\"lazy\" style=\"opacity: 0 !important;\" src=\"\" width=\"300\" height=\"300\"\/>\n\t\t\t<\/div><!-- lfdb-media -->\n\t\t\t<div id=\"lfdb-text-block_5c14073e4a586\" class=\"lfdb-text\">\n\t\t\t\t<div class=\"lfdb-text-content\">\n\t\t\t\t\t\t\t\t\t\t\t<h2>Growth of the industry starts with:<\/h2>\n\t\t\t\t\t\t\t\t\t\t\t\t\t\t\t\t<div class=\"lfdb-text-paragraphs\">\n\t\t\t\t\t\t\t<ul>\n<li>Setting up well-designed trails, interconnected and easily accessible, properly documented and mapped.<\/li>\n<li>Developing secondary networks along the main ATV trails, in areas with significant touristic appeal.<\/li>\n<li>Emphasize regions north of the St. Lawrence river with the best snow conditions in winter and vast natural expanses readily accessible.<\/li>\n<li>Through existing networks.<\/li>\n<li>The need to rely on an existing on field organization composed of local groups, overseen by a representative and strong provincial structure.<\/li>\n<\/ul>\n\t\t\t\t\t\t<\/div>\n\t\t\t\t\t\t\t\t\t\t\t\t\t\t<\/div><!-- lfdb-text-content -->\n\t\t\t<\/div><!-- lfdb-text -->\n\t\t<\/div><!-- lfdb-media-text-flex -->\n\t<\/div>\n\n\t\t\t\n\t\n\n\n<p class=\"has-small-font-size\"><em>Source : July 1996 Pluram and the Soci\u00e9t\u00e9 de l\u2019assurance automobile du Qu\u00e9bec.<\/em><br><\/p>\n","protected":false},"excerpt":{"rendered":"<p>Organisation de la pratique du quad au Qu\u00e9bec With its 134 clubs and more than 48,000 FQCQ (F\u00e9d\u00e9ration Qu\u00e9b\u00e9coise des Clubs Quads) members throughout the territory, Quebec has a unique structure and operating framework. There are an estimated 300,000 vehicles in circulation in the province of Qu\u00e9bec alone, of which 294,706 are registered with the [&hellip;]<\/p>\n","protected":false},"author":3,"featured_media":0,"parent":0,"menu_order":0,"comment_status":"closed","ping_status":"closed","template":"","meta":[],"yoast_head":"<!-- This site is optimized with the Yoast SEO plugin v18.4.1 - https:\/\/yoast.com\/wordpress\/plugins\/seo\/ -->\n<title>Development and promotion - Qu\u00e9bequad<\/title>\n<meta name=\"robots\" content=\"index, follow, max-snippet:-1, max-image-preview:large, max-video-preview:-1\" \/>\n<link rel=\"canonical\" href=\"https:\/\/dev2.wp.fqcq.qc.ca\/en\/development-and-promotion\/\" \/>\n<meta property=\"og:locale\" content=\"en_US\" \/>\n<meta property=\"og:type\" content=\"article\" \/>\n<meta property=\"og:title\" content=\"Development and promotion - Qu\u00e9bequad\" \/>\n<meta property=\"og:description\" content=\"Organisation de la pratique du quad au Qu\u00e9bec With its 134 clubs and more than 48,000 FQCQ (F\u00e9d\u00e9ration Qu\u00e9b\u00e9coise des Clubs Quads) members throughout the territory, Quebec has a unique structure and operating framework. There are an estimated 300,000 vehicles in circulation in the province of Qu\u00e9bec alone, of which 294,706 are registered with the [&hellip;]\" \/>\n<meta property=\"og:url\" content=\"https:\/\/dev2.wp.fqcq.qc.ca\/en\/development-and-promotion\/\" \/>\n<meta property=\"og:site_name\" content=\"Qu\u00e9bequad\" \/>\n<meta property=\"article:modified_time\" content=\"2019-02-18T19:17:36+00:00\" \/>\n<meta name=\"twitter:card\" content=\"summary_large_image\" \/>\n<meta name=\"twitter:label1\" content=\"Est. reading time\" \/>\n\t<meta name=\"twitter:data1\" content=\"2 minutes\" \/>\n<script type=\"application\/ld+json\" class=\"yoast-schema-graph\">{\"@context\":\"https:\/\/schema.org\",\"@graph\":[{\"@type\":\"WebSite\",\"@id\":\"https:\/\/dev2.wp.fqcq.qc.ca\/en\/#website\",\"url\":\"https:\/\/dev2.wp.fqcq.qc.ca\/en\/\",\"name\":\"Qu\u00e9bequad\",\"description\":\"F\u00e9d\u00e9ration Qu\u00e9becoise des Clubs de Quad\",\"potentialAction\":[{\"@type\":\"SearchAction\",\"target\":{\"@type\":\"EntryPoint\",\"urlTemplate\":\"https:\/\/dev2.wp.fqcq.qc.ca\/en\/?s={search_term_string}\"},\"query-input\":\"required name=search_term_string\"}],\"inLanguage\":\"en-CA\"},{\"@type\":\"WebPage\",\"@id\":\"https:\/\/dev2.wp.fqcq.qc.ca\/en\/development-and-promotion\/#webpage\",\"url\":\"https:\/\/dev2.wp.fqcq.qc.ca\/en\/development-and-promotion\/\",\"name\":\"Development and promotion - Qu\u00e9bequad\",\"isPartOf\":{\"@id\":\"https:\/\/dev2.wp.fqcq.qc.ca\/en\/#website\"},\"datePublished\":\"2018-12-14T19:06:15+00:00\",\"dateModified\":\"2019-02-18T19:17:36+00:00\",\"breadcrumb\":{\"@id\":\"https:\/\/dev2.wp.fqcq.qc.ca\/en\/development-and-promotion\/#breadcrumb\"},\"inLanguage\":\"en-CA\",\"potentialAction\":[{\"@type\":\"ReadAction\",\"target\":[\"https:\/\/dev2.wp.fqcq.qc.ca\/en\/development-and-promotion\/\"]}]},{\"@type\":\"BreadcrumbList\",\"@id\":\"https:\/\/dev2.wp.fqcq.qc.ca\/en\/development-and-promotion\/#breadcrumb\",\"itemListElement\":[{\"@type\":\"ListItem\",\"position\":1,\"name\":\"Development and promotion\"}]}]}<\/script>\n<!-- \/ Yoast SEO plugin. -->","yoast_head_json":{"title":"Development and promotion - Qu\u00e9bequad","robots":{"index":"index","follow":"follow","max-snippet":"max-snippet:-1","max-image-preview":"max-image-preview:large","max-video-preview":"max-video-preview:-1"},"canonical":"https:\/\/dev2.wp.fqcq.qc.ca\/en\/development-and-promotion\/","og_locale":"en_US","og_type":"article","og_title":"Development and promotion - Qu\u00e9bequad","og_description":"Organisation de la pratique du quad au Qu\u00e9bec With its 134 clubs and more than 48,000 FQCQ (F\u00e9d\u00e9ration Qu\u00e9b\u00e9coise des Clubs Quads) members throughout the territory, Quebec has a unique structure and operating framework. There are an estimated 300,000 vehicles in circulation in the province of Qu\u00e9bec alone, of which 294,706 are registered with the [&hellip;]","og_url":"https:\/\/dev2.wp.fqcq.qc.ca\/en\/development-and-promotion\/","og_site_name":"Qu\u00e9bequad","article_modified_time":"2019-02-18T19:17:36+00:00","twitter_card":"summary_large_image","twitter_misc":{"Est. reading time":"2 minutes"},"schema":{"@context":"https:\/\/schema.org","@graph":[{"@type":"WebSite","@id":"https:\/\/dev2.wp.fqcq.qc.ca\/en\/#website","url":"https:\/\/dev2.wp.fqcq.qc.ca\/en\/","name":"Qu\u00e9bequad","description":"F\u00e9d\u00e9ration Qu\u00e9becoise des Clubs de Quad","potentialAction":[{"@type":"SearchAction","target":{"@type":"EntryPoint","urlTemplate":"https:\/\/dev2.wp.fqcq.qc.ca\/en\/?s={search_term_string}"},"query-input":"required name=search_term_string"}],"inLanguage":"en-CA"},{"@type":"WebPage","@id":"https:\/\/dev2.wp.fqcq.qc.ca\/en\/development-and-promotion\/#webpage","url":"https:\/\/dev2.wp.fqcq.qc.ca\/en\/development-and-promotion\/","name":"Development and promotion - Qu\u00e9bequad","isPartOf":{"@id":"https:\/\/dev2.wp.fqcq.qc.ca\/en\/#website"},"datePublished":"2018-12-14T19:06:15+00:00","dateModified":"2019-02-18T19:17:36+00:00","breadcrumb":{"@id":"https:\/\/dev2.wp.fqcq.qc.ca\/en\/development-and-promotion\/#breadcrumb"},"inLanguage":"en-CA","potentialAction":[{"@type":"ReadAction","target":["https:\/\/dev2.wp.fqcq.qc.ca\/en\/development-and-promotion\/"]}]},{"@type":"BreadcrumbList","@id":"https:\/\/dev2.wp.fqcq.qc.ca\/en\/development-and-promotion\/#breadcrumb","itemListElement":[{"@type":"ListItem","position":1,"name":"Development and promotion"}]}]}},"featured_image_src":null,"featured_image_src_square":null,"acf":{"special_display":false},"_links":{"self":[{"href":"https:\/\/dev2.wp.fqcq.qc.ca\/en\/wp-json\/wp\/v2\/pages\/6172"}],"collection":[{"href":"https:\/\/dev2.wp.fqcq.qc.ca\/en\/wp-json\/wp\/v2\/pages"}],"about":[{"href":"https:\/\/dev2.wp.fqcq.qc.ca\/en\/wp-json\/wp\/v2\/types\/page"}],"author":[{"embeddable":true,"href":"https:\/\/dev2.wp.fqcq.qc.ca\/en\/wp-json\/wp\/v2\/users\/3"}],"replies":[{"embeddable":true,"href":"https:\/\/dev2.wp.fqcq.qc.ca\/en\/wp-json\/wp\/v2\/comments?post=6172"}],"version-history":[{"count":0,"href":"https:\/\/dev2.wp.fqcq.qc.ca\/en\/wp-json\/wp\/v2\/pages\/6172\/revisions"}],"wp:attachment":[{"href":"https:\/\/dev2.wp.fqcq.qc.ca\/en\/wp-json\/wp\/v2\/media?parent=6172"}],"curies":[{"name":"wp","href":"https:\/\/api.w.org\/{rel}","templated":true}]}}