{"id":7513,"date":"2019-04-29T13:29:47","date_gmt":"2019-04-29T17:29:47","guid":{"rendered":"http:\/\/www.dev2.wp.fqcq.qc.ca\/?page_id=7513"},"modified":"2020-10-30T06:27:53","modified_gmt":"2020-10-30T10:27:53","slug":"insurance-included-with-your-trail-pass","status":"publish","type":"page","link":"https:\/\/dev2.wp.fqcq.qc.ca\/en\/insurance-included-with-your-trail-pass\/","title":{"rendered":"Insurance included with your trail pass"},"content":{"rendered":"\n<p><strong>Your\ntrail permit comes with a liability insurance policy<\/strong><\/p>\n\n\n\n<p>As\nthe owner of an all-terrain vehicle (quad), you are required by law to have a\nliability insurance policy to cover bodily injury or property damage your vehicle\nmight cause to other people. This policy must provide at least $500,000 of\ncoverage.<strong>\u202fThis civil liability insurance is mandatory for all quads, whether\nor not they are used on trails.<\/strong> The&nbsp;FQCQ trail pass is now sold with a\ncivil liability insurance policy for $1,000,000.\u202f<strong>\n<\/strong><\/p>\n\n\n\n<p>To include this insurance with the permit, the FQCQ has negotiated an agreement with Intact Insurance to make sure every member has solid protection in case of an accident, at a very reasonable price because of the size of the network. <strong>The liability insurance costs only $42.37, tax included, and this amount is included in the price of your trail pass. <\/strong>Compare this with what your insurance company offers, and you\u2019ll see that <strong>your federation\u2019s offer gives you great value<\/strong>.<\/p>\n\n\n\n<p>Here&#8217;s what your trail pass includes: <\/p>\n\n\n\n<figure class=\"wp-block-image size-large is-resized\"><img loading=\"lazy\" src=\"http:\/\/www.dev2.wp.fqcq.qc.ca\/wp-content\/uploads\/\/assurancetableauEN-1024x354.jpg\" alt=\"\" class=\"wp-image-12461\" width=\"701\" height=\"242\" srcset=\"https:\/\/dev2.wp.fqcq.qc.ca\/wp-content\/uploads\/assurancetableauEN-1024x354.jpg 1024w, https:\/\/dev2.wp.fqcq.qc.ca\/wp-content\/uploads\/assurancetableauEN-300x104.jpg 300w, https:\/\/dev2.wp.fqcq.qc.ca\/wp-content\/uploads\/assurancetableauEN-768x266.jpg 768w, https:\/\/dev2.wp.fqcq.qc.ca\/wp-content\/uploads\/assurancetableauEN-600x208.jpg 600w, https:\/\/dev2.wp.fqcq.qc.ca\/wp-content\/uploads\/assurancetableauEN.jpg 1127w\" sizes=\"(max-width: 701px) 100vw, 701px\" \/><\/figure>\n\n\n\n<p class=\"has-vivid-cyan-blue-color has-text-color\"><strong><a href=\"http:\/\/www.dev2.wp.fqcq.qc.ca\/wp-content\/uploads\/03-M-306-15e_FAQ_FQCQ_Oct2020.pdf\" target=\"_blank\" rel=\"noreferrer noopener\">Frequently asked questions<\/a><\/strong><\/p>\n\n\n\n<p><strong>Available upgrade to $2,000,000 of liability insurance<\/strong>\u00a0<\/p>\n\n\n\n<p>The civil liability insurance from Intact Insurance provides\n$1,000,000 of coverage. If you are a resident of Quebec, you can double this\namount to $2,000,000 for a small additional charge. <\/p>\n\n\n\n<p>Interested? Just click on the link below.&nbsp;<\/p>\n\n\n\n<p><a href=\"http:\/\/www.dev2.wp.fqcq.qc.ca\/wp-content\/uploads\/03-M-306-16e_Increase_liability_07-2018-champ.pdf\" target=\"_blank\" rel=\"noreferrer noopener\"><span style=\"text-decoration: underline\">Increase your coverage to $2,000,000<\/span><\/a><\/p>\n\n\n\n<p><strong>Quebec\nAutomobile Insurance Policy Form (Q.P.F. No. 1)<\/strong><\/p>\n\n\n\n<p>Would you like to know more about the liability coverage from Intact Insurance offered with the FQCQ trail pass? When you buy your permit, you receive a <strong><strong>Summary<\/strong> document <\/strong>that contains all the basic information. Also, the<strong> Quebec Automobile Insurance Policy Form (Q.P.F. No. 1) <\/strong>has full details of the coverages described in the <strong><strong><strong>Summary<\/strong> document<\/strong><\/strong>. Use the links below to see copies of the <strong><strong><strong>Summary<\/strong> document<\/strong><\/strong> and the Automobile Insurance Policy Form.&nbsp;<\/p>\n\n\n\n<p><span style=\"text-decoration: underline\"><strong><strong><a href=\"http:\/\/www.dev2.wp.fqcq.qc.ca\/wp-content\/uploads\/03-M-306-29e_Sommaire-2020_10-20_VENTE_en_ligne.pdf\" target=\"_blank\" rel=\"noreferrer noopener\"><strong>Summary<\/strong> document<\/a><\/strong><\/strong><\/span><\/p>\n\n\n\n<p><a href=\"http:\/\/www.dev2.wp.fqcq.qc.ca\/wp-content\/uploads\/QPF-No-1-808_0e_01-2014.pdf\" target=\"_blank\" rel=\"noreferrer noopener\"><span style=\"text-decoration: underline\">Quebec Automobile Insurance Policy Form (Q.P.F. No. 1)<\/span><\/a><\/p>\n\n\n\n<p>\u202f<strong>Would you like a paper copy of your insurance documents?<\/strong>&nbsp;<strong>Call us at 1-844-495-2320 between 9:00 a.m. and 5:00 p.m.<\/strong>&nbsp;<\/p>\n\n\n\n<p><strong>Do you know Intact Insurance?<\/strong>&nbsp;<\/p>\n\n\n\n<p class=\"has-very-dark-gray-color has-text-color\">Intact Insurance\nis <strong>Canada&#8217;s largest home, auto and\nbusiness insurance company<\/strong>, chosen by more than five million consumers to\nprotect the things that are most important to them. A sponsor of the <strong>Grand Prix Ski-Doo de Valcourt <\/strong>since\n2013, the company is also the official insurer of the<strong> Qu\u00e9bec Federation of Snowmobile Clubs (FCMQ) <\/strong>and the <strong>R\u00e9seau FADOQ<\/strong>. Intact is actively\nengaged in accident prevention and public safety, an important issue for the FQCQ\nand all its members.&nbsp;<\/p>\n\n\n\n<p><a href=\"http:\/\/quad.intact.ca\/intact-forms\/intactformsdb\/webdrrcquads.do?action=web&amp;x=1&amp;lang=en\" target=\"_blank\" rel=\"noreferrer noopener\"><u><strong>Cancellation form for Intact Insurance Civil Liability Insurance<\/strong><\/u><\/a><\/p>\n\n\n\n<p>If you would like to purchase an FQCQ trail permit without\ninsurance, please see the\u202f &#8220;Trail Pass Rates&#8221; section under the FQCQ\ntab on the website.&nbsp;<\/p>\n","protected":false},"excerpt":{"rendered":"<p>Your trail permit comes with a liability insurance policy As the owner of an all-terrain vehicle (quad), you are required by law to have a liability insurance policy to cover bodily injury or property damage your vehicle might cause to other people. This policy must provide at least $500,000 of coverage.\u202fThis civil liability insurance is [&hellip;]<\/p>\n","protected":false},"author":3,"featured_media":0,"parent":0,"menu_order":0,"comment_status":"closed","ping_status":"closed","template":"","meta":[],"yoast_head":"<!-- This site is optimized with the Yoast SEO plugin v18.4.1 - https:\/\/yoast.com\/wordpress\/plugins\/seo\/ -->\n<title>Insurance included with your trail pass - Qu\u00e9bequad<\/title>\n<meta name=\"robots\" content=\"index, follow, max-snippet:-1, max-image-preview:large, max-video-preview:-1\" \/>\n<link rel=\"canonical\" href=\"https:\/\/dev2.wp.fqcq.qc.ca\/en\/insurance-included-with-your-trail-pass\/\" \/>\n<meta property=\"og:locale\" content=\"en_US\" \/>\n<meta property=\"og:type\" content=\"article\" \/>\n<meta property=\"og:title\" content=\"Insurance included with your trail pass - Qu\u00e9bequad\" \/>\n<meta property=\"og:description\" content=\"Your trail permit comes with a liability insurance policy As the owner of an all-terrain vehicle (quad), you are required by law to have a liability insurance policy to cover bodily injury or property damage your vehicle might cause to other people. This policy must provide at least $500,000 of coverage.\u202fThis civil liability insurance is [&hellip;]\" \/>\n<meta property=\"og:url\" content=\"https:\/\/dev2.wp.fqcq.qc.ca\/en\/insurance-included-with-your-trail-pass\/\" \/>\n<meta property=\"og:site_name\" content=\"Qu\u00e9bequad\" \/>\n<meta property=\"article:modified_time\" content=\"2020-10-30T10:27:53+00:00\" \/>\n<meta property=\"og:image\" content=\"http:\/\/www.dev2.wp.fqcq.qc.ca\/wp-content\/uploads\/\/assurancetableauEN-1024x354.jpg\" \/>\n<meta name=\"twitter:card\" content=\"summary_large_image\" \/>\n<meta name=\"twitter:label1\" content=\"Est. reading time\" \/>\n\t<meta name=\"twitter:data1\" content=\"2 minutes\" \/>\n<script type=\"application\/ld+json\" class=\"yoast-schema-graph\">{\"@context\":\"https:\/\/schema.org\",\"@graph\":[{\"@type\":\"WebSite\",\"@id\":\"https:\/\/dev2.wp.fqcq.qc.ca\/en\/#website\",\"url\":\"https:\/\/dev2.wp.fqcq.qc.ca\/en\/\",\"name\":\"Qu\u00e9bequad\",\"description\":\"F\u00e9d\u00e9ration Qu\u00e9becoise des Clubs de Quad\",\"potentialAction\":[{\"@type\":\"SearchAction\",\"target\":{\"@type\":\"EntryPoint\",\"urlTemplate\":\"https:\/\/dev2.wp.fqcq.qc.ca\/en\/?s={search_term_string}\"},\"query-input\":\"required name=search_term_string\"}],\"inLanguage\":\"en-CA\"},{\"@type\":\"ImageObject\",\"@id\":\"https:\/\/dev2.wp.fqcq.qc.ca\/en\/insurance-included-with-your-trail-pass\/#primaryimage\",\"inLanguage\":\"en-CA\",\"url\":\"http:\/\/www.dev2.wp.fqcq.qc.ca\/wp-content\/uploads\/\/assurancetableauEN-1024x354.jpg\",\"contentUrl\":\"http:\/\/www.dev2.wp.fqcq.qc.ca\/wp-content\/uploads\/\/assurancetableauEN-1024x354.jpg\"},{\"@type\":\"WebPage\",\"@id\":\"https:\/\/dev2.wp.fqcq.qc.ca\/en\/insurance-included-with-your-trail-pass\/#webpage\",\"url\":\"https:\/\/dev2.wp.fqcq.qc.ca\/en\/insurance-included-with-your-trail-pass\/\",\"name\":\"Insurance included with your trail pass - Qu\u00e9bequad\",\"isPartOf\":{\"@id\":\"https:\/\/dev2.wp.fqcq.qc.ca\/en\/#website\"},\"primaryImageOfPage\":{\"@id\":\"https:\/\/dev2.wp.fqcq.qc.ca\/en\/insurance-included-with-your-trail-pass\/#primaryimage\"},\"datePublished\":\"2019-04-29T17:29:47+00:00\",\"dateModified\":\"2020-10-30T10:27:53+00:00\",\"breadcrumb\":{\"@id\":\"https:\/\/dev2.wp.fqcq.qc.ca\/en\/insurance-included-with-your-trail-pass\/#breadcrumb\"},\"inLanguage\":\"en-CA\",\"potentialAction\":[{\"@type\":\"ReadAction\",\"target\":[\"https:\/\/dev2.wp.fqcq.qc.ca\/en\/insurance-included-with-your-trail-pass\/\"]}]},{\"@type\":\"BreadcrumbList\",\"@id\":\"https:\/\/dev2.wp.fqcq.qc.ca\/en\/insurance-included-with-your-trail-pass\/#breadcrumb\",\"itemListElement\":[{\"@type\":\"ListItem\",\"position\":1,\"name\":\"Insurance included with your trail pass\"}]}]}<\/script>\n<!-- \/ Yoast SEO plugin. -->","yoast_head_json":{"title":"Insurance included with your trail pass - Qu\u00e9bequad","robots":{"index":"index","follow":"follow","max-snippet":"max-snippet:-1","max-image-preview":"max-image-preview:large","max-video-preview":"max-video-preview:-1"},"canonical":"https:\/\/dev2.wp.fqcq.qc.ca\/en\/insurance-included-with-your-trail-pass\/","og_locale":"en_US","og_type":"article","og_title":"Insurance included with your trail pass - Qu\u00e9bequad","og_description":"Your trail permit comes with a liability insurance policy As the owner of an all-terrain vehicle (quad), you are required by law to have a liability insurance policy to cover bodily injury or property damage your vehicle might cause to other people. This policy must provide at least $500,000 of coverage.\u202fThis civil liability insurance is [&hellip;]","og_url":"https:\/\/dev2.wp.fqcq.qc.ca\/en\/insurance-included-with-your-trail-pass\/","og_site_name":"Qu\u00e9bequad","article_modified_time":"2020-10-30T10:27:53+00:00","og_image":[{"url":"http:\/\/www.dev2.wp.fqcq.qc.ca\/wp-content\/uploads\/\/assurancetableauEN-1024x354.jpg"}],"twitter_card":"summary_large_image","twitter_misc":{"Est. reading time":"2 minutes"},"schema":{"@context":"https:\/\/schema.org","@graph":[{"@type":"WebSite","@id":"https:\/\/dev2.wp.fqcq.qc.ca\/en\/#website","url":"https:\/\/dev2.wp.fqcq.qc.ca\/en\/","name":"Qu\u00e9bequad","description":"F\u00e9d\u00e9ration Qu\u00e9becoise des Clubs de Quad","potentialAction":[{"@type":"SearchAction","target":{"@type":"EntryPoint","urlTemplate":"https:\/\/dev2.wp.fqcq.qc.ca\/en\/?s={search_term_string}"},"query-input":"required name=search_term_string"}],"inLanguage":"en-CA"},{"@type":"ImageObject","@id":"https:\/\/dev2.wp.fqcq.qc.ca\/en\/insurance-included-with-your-trail-pass\/#primaryimage","inLanguage":"en-CA","url":"http:\/\/www.dev2.wp.fqcq.qc.ca\/wp-content\/uploads\/\/assurancetableauEN-1024x354.jpg","contentUrl":"http:\/\/www.dev2.wp.fqcq.qc.ca\/wp-content\/uploads\/\/assurancetableauEN-1024x354.jpg"},{"@type":"WebPage","@id":"https:\/\/dev2.wp.fqcq.qc.ca\/en\/insurance-included-with-your-trail-pass\/#webpage","url":"https:\/\/dev2.wp.fqcq.qc.ca\/en\/insurance-included-with-your-trail-pass\/","name":"Insurance included with your trail pass - Qu\u00e9bequad","isPartOf":{"@id":"https:\/\/dev2.wp.fqcq.qc.ca\/en\/#website"},"primaryImageOfPage":{"@id":"https:\/\/dev2.wp.fqcq.qc.ca\/en\/insurance-included-with-your-trail-pass\/#primaryimage"},"datePublished":"2019-04-29T17:29:47+00:00","dateModified":"2020-10-30T10:27:53+00:00","breadcrumb":{"@id":"https:\/\/dev2.wp.fqcq.qc.ca\/en\/insurance-included-with-your-trail-pass\/#breadcrumb"},"inLanguage":"en-CA","potentialAction":[{"@type":"ReadAction","target":["https:\/\/dev2.wp.fqcq.qc.ca\/en\/insurance-included-with-your-trail-pass\/"]}]},{"@type":"BreadcrumbList","@id":"https:\/\/dev2.wp.fqcq.qc.ca\/en\/insurance-included-with-your-trail-pass\/#breadcrumb","itemListElement":[{"@type":"ListItem","position":1,"name":"Insurance included with your trail pass"}]}]}},"featured_image_src":null,"featured_image_src_square":null,"acf":[],"_links":{"self":[{"href":"https:\/\/dev2.wp.fqcq.qc.ca\/en\/wp-json\/wp\/v2\/pages\/7513"}],"collection":[{"href":"https:\/\/dev2.wp.fqcq.qc.ca\/en\/wp-json\/wp\/v2\/pages"}],"about":[{"href":"https:\/\/dev2.wp.fqcq.qc.ca\/en\/wp-json\/wp\/v2\/types\/page"}],"author":[{"embeddable":true,"href":"https:\/\/dev2.wp.fqcq.qc.ca\/en\/wp-json\/wp\/v2\/users\/3"}],"replies":[{"embeddable":true,"href":"https:\/\/dev2.wp.fqcq.qc.ca\/en\/wp-json\/wp\/v2\/comments?post=7513"}],"version-history":[{"count":7,"href":"https:\/\/dev2.wp.fqcq.qc.ca\/en\/wp-json\/wp\/v2\/pages\/7513\/revisions"}],"predecessor-version":[{"id":12474,"href":"https:\/\/dev2.wp.fqcq.qc.ca\/en\/wp-json\/wp\/v2\/pages\/7513\/revisions\/12474"}],"wp:attachment":[{"href":"https:\/\/dev2.wp.fqcq.qc.ca\/en\/wp-json\/wp\/v2\/media?parent=7513"}],"curies":[{"name":"wp","href":"https:\/\/api.w.org\/{rel}","templated":true}]}}